{"id":482,"date":"2022-07-29T11:29:21","date_gmt":"2022-07-29T09:29:21","guid":{"rendered":"https:\/\/regioner.mhf.se\/bergslagen\/?page_id=482"},"modified":"2024-04-02T20:51:52","modified_gmt":"2024-04-02T18:51:52","slug":"fjallstugor-i-salen","status":"publish","type":"page","link":"https:\/\/regioner.mhf.se\/bergslagen\/var-verksamhet\/fjallstugor-i-salen\/","title":{"rendered":"Fj\u00e4llstugor i S\u00e4len"},"content":{"rendered":"<p><strong>\u00d6REBRO L\u00c4NS MHF och MHF-UNGDOMS\u00a0ANL\u00c4GGNING\u00a0P\u00c5 LOSTIGEN 1, TAND\u00c5DALEN<\/strong><\/p>\n<p>Anl\u00e4ggningen, som har ett lugnt l\u00e4ge, best\u00e5r av huvudbyggnad och en frist\u00e5ende stuga. Samtliga l\u00e4genheter \u00e4r likv\u00e4rdiga vad g\u00e4ller standarden.<\/p>\n<p>N\u00e4rmaste skidanl\u00e4ggningar \u00e4r Tand\u00e5dalen och\u00a0Hundfj\u00e4llet, men \u00e4ven Lindvallen, H\u00f6gfj\u00e4llet, St\u00f6ten och N\u00e4sfj\u00e4llet \u00e4r inom r\u00e4ckh\u00e5ll.<\/p>\n<p><strong>F\u00f6r mer information och bokning:<\/strong><br \/>\nTel. 073-59 59 883 eller fjallgarden@bergslagen.mhf.se<\/p>\n<div><strong>Huvudbyggnad<\/strong><br \/>\nP\u00e5 \u00f6vre plan finns l\u00e4genheterna 1 och 2. K\u00e4llarplanet inneh\u00e5ller bastu och\u00a0dusch, skidvallningsrum,\u00a0toalett\u00a0och s\u00e4llskapsrum med f\u00e4rg-TV (Viasat).\u00a0K\u00e4llarplanet \u00e4r till f\u00f6r alla g\u00e4ster.<\/div>\n<p><strong>L\u00e4genhet 1 och 2<\/strong><br \/>\nL\u00e4genhetsytorna \u00e4r ca 45 kvm. Varje l\u00e4genhet har\u00a0fullt utrustat k\u00f6k med bl.a. mikro,\u00a0allrum med matplats\u00a0f\u00f6r sex personer,\u00a0tv\u00e5 sovrum med vardera tv\u00e5 s\u00e4ngplatser med \u00f6ver- och unders\u00e4ngar \u2013 totalt fyra b\u00e4ddar.\u00a0I l\u00e4genheterna finns \u00e4ven soffa och f\u00e5t\u00f6lj, f\u00e4rg-TV (Viasat), dusch och toalett.<\/p>\n<p><strong>L\u00e4genhet 3<\/strong><br \/>\nDen frist\u00e5ende stugan inneh\u00e5ller l\u00e4genhet nr 3. Ytan \u00e4r ca 45 kvm och l\u00e4genheten har tv\u00e5 sovrum, ett med tv\u00e5 s\u00e4ngplatser och ett med fyra, sammanlagt sex b\u00e4ddar. Matplats med plats f\u00f6r sex personer och fullt utrustat k\u00f6k med bl.a, mikro. I l\u00e4genheten finns \u00e4ven soffor, f\u00e4rg-TV (Viasat), dusch och toalett.<\/p>\n<p><strong>Vad kostar det?<\/strong><br \/>\nUnder h\u00f6gs\u00e4song tar vi 3 500 \u2013 5 500 kronor per l\u00e4genhet och vecka och under \u00f6vrig tid 2 300 kronor. Dygnspris 700 \u2013 1 200 kronor. MHF-medlem och MHF-trafiknykter erh\u00e5ller rabatt.<\/p>\n","protected":false},"excerpt":{"rendered":"<p>\u00d6REBRO L\u00c4NS MHF och MHF-UNGDOMS\u00a0ANL\u00c4GGNING\u00a0P\u00c5 LOSTIGEN 1, TAND\u00c5DALEN Anl\u00e4ggningen, som har ett lugnt l\u00e4ge, best\u00e5r av huvudbyggnad och en frist\u00e5ende stuga. Samtliga l\u00e4genheter \u00e4r likv\u00e4rdiga vad g\u00e4ller standarden. N\u00e4rmaste skidanl\u00e4ggningar \u00e4r Tand\u00e5dalen och\u00a0Hundfj\u00e4llet, men \u00e4ven Lindvallen, H\u00f6gfj\u00e4llet, St\u00f6ten och N\u00e4sfj\u00e4llet \u00e4r inom r\u00e4ckh\u00e5ll. F\u00f6r mer information och bokning: Tel. 073-59 59 883 eller fjallgarden@bergslagen.mhf.se Huvudbyggnad [&hellip;]<\/p>\n","protected":false},"author":1,"featured_media":492,"parent":172,"menu_order":1,"comment_status":"closed","ping_status":"closed","template":"","meta":{"footnotes":""},"class_list":["post-482","page","type-page","status-publish","has-post-thumbnail","hentry"],"acf":[],"_links":{"self":[{"href":"https:\/\/regioner.mhf.se\/bergslagen\/wp-json\/wp\/v2\/pages\/482","targetHints":{"allow":["GET"]}}],"collection":[{"href":"https:\/\/regioner.mhf.se\/bergslagen\/wp-json\/wp\/v2\/pages"}],"about":[{"href":"https:\/\/regioner.mhf.se\/bergslagen\/wp-json\/wp\/v2\/types\/page"}],"author":[{"embeddable":true,"href":"https:\/\/regioner.mhf.se\/bergslagen\/wp-json\/wp\/v2\/users\/1"}],"replies":[{"embeddable":true,"href":"https:\/\/regioner.mhf.se\/bergslagen\/wp-json\/wp\/v2\/comments?post=482"}],"version-history":[{"count":11,"href":"https:\/\/regioner.mhf.se\/bergslagen\/wp-json\/wp\/v2\/pages\/482\/revisions"}],"predecessor-version":[{"id":578,"href":"https:\/\/regioner.mhf.se\/bergslagen\/wp-json\/wp\/v2\/pages\/482\/revisions\/578"}],"up":[{"embeddable":true,"href":"https:\/\/regioner.mhf.se\/bergslagen\/wp-json\/wp\/v2\/pages\/172"}],"wp:featuredmedia":[{"embeddable":true,"href":"https:\/\/regioner.mhf.se\/bergslagen\/wp-json\/wp\/v2\/media\/492"}],"wp:attachment":[{"href":"https:\/\/regioner.mhf.se\/bergslagen\/wp-json\/wp\/v2\/media?parent=482"}],"curies":[{"name":"wp","href":"https:\/\/api.w.org\/{rel}","templated":true}]}}