{"id":332,"date":"2021-09-03T10:01:22","date_gmt":"2021-09-03T08:01:22","guid":{"rendered":"https:\/\/regioner.mhf.se\/mitt\/?page_id=332"},"modified":"2024-12-09T16:19:46","modified_gmt":"2024-12-09T15:19:46","slug":"kontakt-och-ombud","status":"publish","type":"page","link":"https:\/\/regioner.mhf.se\/mitt\/kontakt-och-ombud\/","title":{"rendered":"Kontakt och ombud"},"content":{"rendered":"<p>H\u00e4r \u00e4r en lista \u00f6ver MHF:s IKK-ombud. Har du allm\u00e4nna fr\u00e5gor om IKK kan du alltid ringa v\u00e5r centrala k\u00f6rkortsavdelning p\u00e5 08-555 765 55 eller maila oss p\u00e5: <a href=\"mailto:ikk@mhf.se\">ikk@mhf.se<\/a> s\u00e5 f\u00e5r du svar p\u00e5 dina fr\u00e5gor.\u00a0Inte alla ombud kan erbjuda Express och Il-express, eller utskrift av mailade foton. Har du ett br\u00e5dskande \u00e4rende, ring alltid upp ditt ombud innan du skickar in eller kommer in med din ans\u00f6kan f\u00f6r snabbast och smidigast hantering.<\/p>\n<h2><strong>Tibro<\/strong><\/h2>\n<p><strong>MHF Kansli<\/strong><\/p>\n<p><strong>Kansliet i Tibro g\u00f6r il-express, tar foton och skriver ut foton. Vi tar ocks\u00e5 emot ans\u00f6kan via e-post eller ta emot bes\u00f6k p\u00e5 kontoret f\u00f6r att best\u00e4lla internationella k\u00f6rkort p\u00e5 plats.<\/strong><\/p>\n<p><strong>08-555 765 55<br \/>\nVi tar ocks\u00e5 emot ans\u00f6kan via e-post.\u00a0<a href=\"mailto:ikk@mhf.se\">ikk@mhf.se<\/a><\/strong><\/p>\n<p><strong>\u00d6ppettider:<\/strong><br \/>\nM\u00e5ndag\u2013fredag 09.00\u201315.00<br \/>\nV\u00e4xeln \u00e4r lunchst\u00e4ngd 11\u201313<\/p>\n<h2><strong>Upplands l\u00e4n<\/strong><\/h2>\n<p><strong>MHF Enk\u00f6ping <\/strong><br \/>\nIngrid Ryrholm<br \/>\nSmultrongatan 8<br \/>\n749 42 Enk\u00f6ping<br \/>\nTel: 070-644 34 84<br \/>\n<a href=\"mailto:mhf@ryrholm.se\">mhf@ryrholm.se<\/a><\/p>\n<h2><strong>G\u00e4vleborgs l\u00e4n<\/strong><\/h2>\n<p><strong>BengtOlof Bokstr\u00f6m<\/strong><br \/>\nLedungsv\u00e4gen 18<br \/>\n802 57 G\u00e4vle<br \/>\n0705-39 40 68<br \/>\n<a href=\"mailto:bokas2417@gmail.com\">bokas2417@gmail.com<\/a><br \/>\n<b><a href=\"http:\/\/www.mhfgavle.se\/\" target=\"_blank\" rel=\"noopener\">www.mhfgavle.se<\/a><\/b><\/p>\n<h2><strong>J\u00e4mtlands l\u00e4n<\/strong><\/h2>\n<p><strong>MHF<br \/>\n<\/strong>Kent Ivarsson<br \/>\nKyrkgatan 84<br \/>\n831 34 \u00d6stersund<br \/>\n070-301 59 02<\/p>\n<h2><strong>Kronobergs l\u00e4n<\/strong><\/h2>\n<p><strong>Bengt Swahn<\/strong><br \/>\nSpelmansv\u00e4gen 8<br \/>\n341 32 Ljungby<br \/>\n0372-14731, 070-627 67 36<\/p>\n<h2><strong>Norrbottens l\u00e4n<\/strong><\/h2>\n<p><strong>Lis-Marie Hellr\u00f6nn<\/strong><br \/>\n<em>(Ej utskrift av foton)<\/em><br \/>\nTrombongatan 26<br \/>\n943 33 \u00d6jebyn<br \/>\n070-57 99 266<br \/>\n<a href=\"mailto:mhf.pitea@mhf.se\">mhf.pitea@mhf.se<\/a><\/p>\n<h2><strong>Sk\u00e5ne l\u00e4n<\/strong><\/h2>\n<p><strong>MHF Staffanstorp<br \/>\n<\/strong><strong>Ragnar Persson<\/strong><br \/>\nTornfalksgatan 8B<br \/>\n215 60 Malm\u00f6<br \/>\n040-13 27 94<br \/>\n0739-13 27 68<\/p>\n<p><strong>MHF Region Sk\u00e5ne<br \/>\nVera Thelander<\/strong><br \/>\nHemmestr\u00f6 4621<br \/>\n282 65 Bj\u00e4rnum<br \/>\n0451-21316<br \/>\n070-378 61 10<br \/>\n<a href=\"mailto:veraoerlingthelander@telia.com\">veraoerlingthelander@telia.com<\/a><\/p>\n<p><strong>MHF Klippan<br \/>\nAksel Kops<\/strong><br \/>\nEkebrogatan 11<br \/>\n26537 \u00c5storp<br \/>\n070-892 98 37<br \/>\n<a href=\"mailto:klippan@mhf.se\" target=\"_blank\" rel=\"noopener\">klippan@mhf.se<br \/>\n<\/a><\/p>\n<h2><strong>V\u00e4rmlands l\u00e4n<\/strong><\/h2>\n<p><strong>Veine Wallin<\/strong><br \/>\n\u00d6 Esplanaden 31<br \/>\n671 40 Arvika<br \/>\n0570-77 59 88<br \/>\n070-351 97 65<\/p>\n<p><strong>Folke Engstr\u00f6m<\/strong><br \/>\nValthornsgatan 100<br \/>\n656 34 Karlstad<br \/>\n070-371 58 14<br \/>\n<a href=\"mailto:foleng@telia.com\">foleng@telia.com<\/a><\/p>\n<p><strong>Jan Johansson<\/strong><br \/>\nKr\u00e5k\u00e5sv\u00e4gen 1<br \/>\n693 32 Degerfors<br \/>\n0586-390 28<br \/>\n070-301 37 43<br \/>\n<a href=\"mailto:mhf-lokalavd.karlskoga@telia.com\">mhf-lokalavd.karlskoga@telia.com<\/a><\/p>\n<h2><strong>V\u00e4sterbottens l\u00e4n<\/strong><\/h2>\n<p><strong>Arne Simonson<\/strong><br \/>\nV\u00e5rhemsv\u00e4gen 1<br \/>\n903 62 Ume\u00e5<br \/>\nTel 0766-14 69 95<br \/>\n<a href=\"mailto:arnesimonson@hotmail.com\">arnesimonson@hotmail.com<\/a><\/p>\n<p><strong>MHF Region Norr<\/strong><br \/>\nHenrik Jonsson &amp; Margaretha Nystr\u00f6m<br \/>\nYtterv\u00e4gen 62<br \/>\n936 31 Boliden<br \/>\nTel 072-546 47 57 (Henrik)<br \/>\nTel 072-518 30 73 (Maggan)<br \/>\n<a href=\"mailto:margaretha.nystrom@mhf.se\">margaretha.nystrom@mhf.se<\/a><br \/>\nOBS: Kan ej erbjuda utskrift av foton.<\/p>\n<h2><strong>V\u00e4sternorrlands l\u00e4n<\/strong><\/h2>\n<p><strong>Lars Andr\u00e9<br \/>\n<\/strong>Kungsv\u00e4gen 101<br \/>\n861 35 Timr\u00e5<br \/>\n070-222 63 63<\/p>\n<p><strong>Per Anders Sj\u00f6din<\/strong><br \/>\nGodmersta 202<br \/>\n89691 Husum<br \/>\n0730-56 21 13<br \/>\n<a href=\"mailto:per.sjodin@gmail.com\">per.sjodin@gmail.com<\/a><\/p>\n<h2><strong>V\u00e4stra G\u00f6talands l\u00e4n<\/strong><\/h2>\n<p><strong>MHF G\u00f6teborg<\/strong><br \/>\nErnst Olof Olsson<br \/>\nSofierogatan 3 D<br \/>\n412 51 G\u00f6teborg<br \/>\n0723-24 25 50<br \/>\n<a href=\"mailto:mhfgbg@mhfgoteborg.se\">mhfgbg@mhfgoteborg.se<\/a><br \/>\n<a href=\"http:\/\/www.mhfgoteborg.se\/\">www.mhfgoteborg.se<\/a><\/p>\n<p><strong>Susanne Mikszath<\/strong><br \/>\n<strong>L\u00f6nnen<br \/>\n<\/strong>Kasernv\u00e4gen 6<br \/>\n504 31 Bor\u00e5s<br \/>\n033-10 87 50<br \/>\n<a href=\"mailto:ikk.boras@mhf.se\">ikk.boras@mhf.se<\/a><\/p>\n<p><strong>Hjotiborgs MHF avdelning<br \/>\n<\/strong>Anna Welleman<br \/>\nNyg\u00e5rdsgatan 3<br \/>\n543 51 Tibro<br \/>\n070-642 65 22<br \/>\n<a href=\"mailto:ikk.tibro@mhf.se\" target=\"_blank\" rel=\"noopener\">ikk.tibro@mhf.se<\/a><\/p>\n<h2><strong>\u00d6rebro l\u00e4n<\/strong><\/h2>\n<p><strong>Jan Johansson<\/strong><br \/>\nKr\u00e5k\u00e5sv\u00e4gen 1<br \/>\n693 32 Degerfors<br \/>\n0586-390 28<br \/>\n070-301 37 43<br \/>\n<a href=\"mailto:mhf-lokalavd.karlskoga@telia.com\">mhf-lokalavd.karlskoga@telia.com<\/a><\/p>\n<h2><strong>\u00d6sterg\u00f6tlands l\u00e4n<\/strong><\/h2>\n<p><strong>Ulf \u201dFixarn\u201d Karlsson<\/strong><br \/>\nBj\u00f6rkgatan 16<br \/>\n591 36 Motala<br \/>\n076-612 18 35<br \/>\n<a href=\"mailto:u.fixarn@telia.com\">u.fixarn@telia.com<\/a><\/p>\n<h1>Ladda ner blankett f\u00f6r ans\u00f6kan<\/h1>\n<ul>\n<li><a href=\"http:\/\/www.mhf.se\/app\/uploads\/2019\/02\/IKK_blankett_2021_juni.pdf\" target=\"_blank\" rel=\"noopener\">IKK_blankett_2021_juni [PDF, 0.29 MB]<\/a><\/li>\n<\/ul>\n","protected":false},"excerpt":{"rendered":"<p>H\u00e4r \u00e4r en lista \u00f6ver MHF:s IKK-ombud. Har du allm\u00e4nna fr\u00e5gor om IKK kan du alltid ringa v\u00e5r centrala k\u00f6rkortsavdelning p\u00e5 08-555 765 55 eller maila oss p\u00e5: ikk@mhf.se s\u00e5 f\u00e5r du svar p\u00e5 dina fr\u00e5gor.\u00a0Inte alla ombud kan erbjuda Express och Il-express, eller utskrift av mailade foton. Har du ett br\u00e5dskande \u00e4rende, ring alltid [&hellip;]<\/p>\n","protected":false},"author":1,"featured_media":0,"parent":0,"menu_order":0,"comment_status":"closed","ping_status":"closed","template":"","meta":{"footnotes":""},"class_list":["post-332","page","type-page","status-publish","hentry"],"acf":[],"_links":{"self":[{"href":"https:\/\/regioner.mhf.se\/mitt\/wp-json\/wp\/v2\/pages\/332","targetHints":{"allow":["GET"]}}],"collection":[{"href":"https:\/\/regioner.mhf.se\/mitt\/wp-json\/wp\/v2\/pages"}],"about":[{"href":"https:\/\/regioner.mhf.se\/mitt\/wp-json\/wp\/v2\/types\/page"}],"author":[{"embeddable":true,"href":"https:\/\/regioner.mhf.se\/mitt\/wp-json\/wp\/v2\/users\/1"}],"replies":[{"embeddable":true,"href":"https:\/\/regioner.mhf.se\/mitt\/wp-json\/wp\/v2\/comments?post=332"}],"version-history":[{"count":7,"href":"https:\/\/regioner.mhf.se\/mitt\/wp-json\/wp\/v2\/pages\/332\/revisions"}],"predecessor-version":[{"id":694,"href":"https:\/\/regioner.mhf.se\/mitt\/wp-json\/wp\/v2\/pages\/332\/revisions\/694"}],"wp:attachment":[{"href":"https:\/\/regioner.mhf.se\/mitt\/wp-json\/wp\/v2\/media?parent=332"}],"curies":[{"name":"wp","href":"https:\/\/api.w.org\/{rel}","templated":true}]}}