{"id":490,"date":"2022-06-14T16:36:08","date_gmt":"2022-06-14T14:36:08","guid":{"rendered":"https:\/\/regioner.mhf.se\/mitt\/?page_id=490"},"modified":"2022-06-14T16:36:08","modified_gmt":"2022-06-14T14:36:08","slug":"valtebilen","status":"publish","type":"page","link":"https:\/\/regioner.mhf.se\/mitt\/var-verksamhet\/valtebilen\/","title":{"rendered":"V\u00e4ltebilen"},"content":{"rendered":"<p>Karossen baseras p\u00e5 en Renault Clio som har kapats av strax framf\u00f6r \u201dbr\u00f6stet\u201d\/torpedv\u00e4ggen. Motor och v\u00e4xell\u00e5da etc. har tagits bort f\u00f6r att g\u00f6ra karossen l\u00e4ttare, ist\u00e4llet har el-motor f\u00f6r att rotera karossen placerats under huven, vilket ger en avsev\u00e4rd besparing av vikt och ser till att motorn ligger skyddad.<br \/>\nI och med att rotationen sker vid \u201dbr\u00f6stet\u201d\/torpedv\u00e4ggen belastas \u00e4ven axlar och lager, ram och upph\u00e4ngningar mindre. Baktill sitter den andra motorn och ett man\u00f6versk\u00e5p d\u00e4r styrdosan och 230V el kopplas in.<\/p>\n","protected":false},"excerpt":{"rendered":"<p>Karossen baseras p\u00e5 en Renault Clio som har kapats av strax framf\u00f6r \u201dbr\u00f6stet\u201d\/torpedv\u00e4ggen. Motor och v\u00e4xell\u00e5da etc. har tagits bort f\u00f6r att g\u00f6ra karossen l\u00e4ttare, ist\u00e4llet har el-motor f\u00f6r att rotera karossen placerats under huven, vilket ger en avsev\u00e4rd besparing av vikt och ser till att motorn ligger skyddad. I och med att rotationen sker [&hellip;]<\/p>\n","protected":false},"author":1,"featured_media":491,"parent":172,"menu_order":0,"comment_status":"closed","ping_status":"closed","template":"","meta":{"footnotes":""},"class_list":["post-490","page","type-page","status-publish","has-post-thumbnail","hentry"],"acf":[],"_links":{"self":[{"href":"https:\/\/regioner.mhf.se\/mitt\/wp-json\/wp\/v2\/pages\/490","targetHints":{"allow":["GET"]}}],"collection":[{"href":"https:\/\/regioner.mhf.se\/mitt\/wp-json\/wp\/v2\/pages"}],"about":[{"href":"https:\/\/regioner.mhf.se\/mitt\/wp-json\/wp\/v2\/types\/page"}],"author":[{"embeddable":true,"href":"https:\/\/regioner.mhf.se\/mitt\/wp-json\/wp\/v2\/users\/1"}],"replies":[{"embeddable":true,"href":"https:\/\/regioner.mhf.se\/mitt\/wp-json\/wp\/v2\/comments?post=490"}],"version-history":[{"count":1,"href":"https:\/\/regioner.mhf.se\/mitt\/wp-json\/wp\/v2\/pages\/490\/revisions"}],"predecessor-version":[{"id":492,"href":"https:\/\/regioner.mhf.se\/mitt\/wp-json\/wp\/v2\/pages\/490\/revisions\/492"}],"up":[{"embeddable":true,"href":"https:\/\/regioner.mhf.se\/mitt\/wp-json\/wp\/v2\/pages\/172"}],"wp:featuredmedia":[{"embeddable":true,"href":"https:\/\/regioner.mhf.se\/mitt\/wp-json\/wp\/v2\/media\/491"}],"wp:attachment":[{"href":"https:\/\/regioner.mhf.se\/mitt\/wp-json\/wp\/v2\/media?parent=490"}],"curies":[{"name":"wp","href":"https:\/\/api.w.org\/{rel}","templated":true}]}}