{"id":509,"date":"2022-06-15T09:08:06","date_gmt":"2022-06-15T07:08:06","guid":{"rendered":"https:\/\/regioner.mhf.se\/mitt\/?page_id=509"},"modified":"2022-06-15T09:11:20","modified_gmt":"2022-06-15T07:11:20","slug":"minnesfonder","status":"publish","type":"page","link":"https:\/\/regioner.mhf.se\/mitt\/var-verksamhet\/minnesfonder\/","title":{"rendered":"Minnesfonder"},"content":{"rendered":"<h3>Gunnar Forsbergs Minnesfond<\/h3>\n<p><strong>F\u00f6rvaltas av:<\/strong> MHF, Region Mitt<br \/>\n<strong>Syfte:<\/strong> Att fr\u00e4mja trafiks\u00e4kerhetsarbete inom MHF<br \/>\n<strong>Villkor:<\/strong> R\u00e4ntan f\u00e5r anv\u00e4ndas<br \/>\n<strong>Delas ut till:<\/strong> Ungdomsledare inom MHF<br \/>\n<strong>Geografiskt omr\u00e5de:<\/strong> H\u00e4lsingland, X2<\/p>\n<h3>Oskar N\u00e4smans Minnesfond<\/h3>\n<p><strong>F\u00f6rvaltas av:<\/strong> MHF, Region Mitt<br \/>\n<strong>Syfte:<\/strong> Att fr\u00e4mja trafiks\u00e4kerhetsarbete inom MHF<br \/>\n<strong>Villkor:<\/strong> R\u00e4ntan f\u00e5r anv\u00e4ndas<br \/>\n<strong>Delas ut till:<\/strong> Ungdomsledare inom MHF<br \/>\n<strong>Geografiskt omr\u00e5de:<\/strong> G\u00e4strikland, X1<\/p>\n","protected":false},"excerpt":{"rendered":"<p>Gunnar Forsbergs Minnesfond F\u00f6rvaltas av: MHF, Region Mitt Syfte: Att fr\u00e4mja trafiks\u00e4kerhetsarbete inom MHF Villkor: R\u00e4ntan f\u00e5r anv\u00e4ndas Delas ut till: Ungdomsledare inom MHF Geografiskt omr\u00e5de: H\u00e4lsingland, X2 Oskar N\u00e4smans Minnesfond F\u00f6rvaltas av: MHF, Region Mitt Syfte: Att fr\u00e4mja trafiks\u00e4kerhetsarbete inom MHF Villkor: R\u00e4ntan f\u00e5r anv\u00e4ndas Delas ut till: Ungdomsledare inom MHF Geografiskt omr\u00e5de: G\u00e4strikland, [&hellip;]<\/p>\n","protected":false},"author":1,"featured_media":0,"parent":172,"menu_order":0,"comment_status":"closed","ping_status":"closed","template":"","meta":{"footnotes":""},"class_list":["post-509","page","type-page","status-publish","hentry"],"acf":[],"_links":{"self":[{"href":"https:\/\/regioner.mhf.se\/mitt\/wp-json\/wp\/v2\/pages\/509","targetHints":{"allow":["GET"]}}],"collection":[{"href":"https:\/\/regioner.mhf.se\/mitt\/wp-json\/wp\/v2\/pages"}],"about":[{"href":"https:\/\/regioner.mhf.se\/mitt\/wp-json\/wp\/v2\/types\/page"}],"author":[{"embeddable":true,"href":"https:\/\/regioner.mhf.se\/mitt\/wp-json\/wp\/v2\/users\/1"}],"replies":[{"embeddable":true,"href":"https:\/\/regioner.mhf.se\/mitt\/wp-json\/wp\/v2\/comments?post=509"}],"version-history":[{"count":4,"href":"https:\/\/regioner.mhf.se\/mitt\/wp-json\/wp\/v2\/pages\/509\/revisions"}],"predecessor-version":[{"id":513,"href":"https:\/\/regioner.mhf.se\/mitt\/wp-json\/wp\/v2\/pages\/509\/revisions\/513"}],"up":[{"embeddable":true,"href":"https:\/\/regioner.mhf.se\/mitt\/wp-json\/wp\/v2\/pages\/172"}],"wp:attachment":[{"href":"https:\/\/regioner.mhf.se\/mitt\/wp-json\/wp\/v2\/media?parent=509"}],"curies":[{"name":"wp","href":"https:\/\/api.w.org\/{rel}","templated":true}]}}