{"id":514,"date":"2022-06-15T09:13:12","date_gmt":"2022-06-15T07:13:12","guid":{"rendered":"https:\/\/regioner.mhf.se\/mitt\/?page_id=514"},"modified":"2022-06-15T09:32:41","modified_gmt":"2022-06-15T07:32:41","slug":"checklista-for-beteende-baserat-sakerhetsarbete","status":"publish","type":"page","link":"https:\/\/regioner.mhf.se\/mitt\/var-verksamhet\/checklista-for-beteende-baserat-sakerhetsarbete\/","title":{"rendered":"Checklista f\u00f6r Beteende Baserat S\u00e4kerhetsarbete"},"content":{"rendered":"<table>\n<thead>\n<tr>\n<th>Beteende<\/th>\n<th>Nr<\/th>\n<th>Ja\/Nej<\/th>\n<\/tr>\n<\/thead>\n<tbody>\n<tr>\n<td>Anv\u00e4nder s\u00e4kerhetsb\u00e4lte och satte fast s\u00e4kerhetsb\u00e4ltet f\u00f6re resans b\u00f6rjan<\/td>\n<td>1<\/td>\n<td>\n<p>Ja Nej<\/p>\n<\/td>\n<\/tr>\n<tr>\n<td>Passagerare anv\u00e4nder s\u00e4kerhetsb\u00e4te och satte fast det f\u00f6r resans b\u00f6rjan<\/td>\n<td>2<\/td>\n<td>\n<p>Ja Nej<\/p>\n<\/td>\n<\/tr>\n<tr>\n<td>St\u00e4llde in stol, speglar och andra inst\u00e4llningar f\u00f6re resans b\u00f6rjan<\/td>\n<td>3<\/td>\n<td>\n<p>Ja Nej<\/p>\n<\/td>\n<\/tr>\n<tr>\n<td>Anv\u00e4nde inte alkohol, droger eller mediciner som kan p\u00e5verka k\u00f6rningen negativt<\/td>\n<td>4<\/td>\n<td>\n<p>Ja Nej<\/p>\n<\/td>\n<\/tr>\n<tr>\n<td>Mobiltelefon: L\u00e4ste\/skickade inte SMS\/text\/mail\/meddelande under k\u00f6rning<\/td>\n<td>5<\/td>\n<td>\n<p>Ja Nej<\/p>\n<\/td>\n<\/tr>\n<tr>\n<td>Mobiltelefon: Pausade inkommande samtal och pratade p\u00e5 en s\u00e4ker plats<\/td>\n<td>6<\/td>\n<td>\n<p>Ja Nej<\/p>\n<\/td>\n<\/tr>\n<tr>\n<td>Mobiltelefon: Ringde inte\/knappade inte in telefonnummer under k\u00f6rning<\/td>\n<td>7<\/td>\n<td>\n<p>Ja Nej<\/p>\n<\/td>\n<\/tr>\n<tr>\n<td>GPS: Programmerade in rutten f\u00f6re resans b\u00f6rjan<\/td>\n<td>8<\/td>\n<td>\n<p>Ja Nej<\/p>\n<\/td>\n<\/tr>\n<tr>\n<td>H\u00f6ll tv\u00e5 sekunders avst\u00e5nd till framf\u00f6rvarande fordon<\/td>\n<td>9<\/td>\n<td>\n<p>Ja Nej<\/p>\n<\/td>\n<\/tr>\n<tr>\n<td>Anpassade hastighet och avst\u00e5nd till r\u00e5dande v\u00e4derf\u00f6rh\u00e5llande<\/td>\n<td>10<\/td>\n<td>\n<p>Ja Nej<\/p>\n<\/td>\n<\/tr>\n<tr>\n<td>Anpassade hastighet i n\u00e4rhet av skolor\/lekplatser<\/td>\n<td>11<\/td>\n<td>\n<p>Ja Nej<\/p>\n<\/td>\n<\/tr>\n<tr>\n<td>Backade in p\u00e5 parkeringen f\u00f6r att kunna k\u00f6ra d\u00e4rifr\u00e5n fram\u00e5t<\/td>\n<td>12<\/td>\n<td>\n<p>Ja Nej<\/p>\n<\/td>\n<\/tr>\n<tr>\n<td>Fortsatte k\u00f6ra trots tr\u00f6tthet<\/td>\n<td>13<\/td>\n<td>\n<p>Ja Nej<\/p>\n<\/td>\n<\/tr>\n<tr>\n<td>K\u00f6rde f\u00f6r fort p\u00e5 30-50 km\/h-str\u00e4ckor<\/td>\n<td>14<\/td>\n<td>\n<p>Ja Nej<\/p>\n<\/td>\n<\/tr>\n<tr>\n<td>K\u00f6rde f\u00f6r fort p\u00e5 motorv\u00e4gar<\/td>\n<td>15<\/td>\n<td>\n<p>Ja Nej<\/p>\n<\/td>\n<\/tr>\n<tr>\n<td>Missade avfarter<\/td>\n<td>16<\/td>\n<td>\n<p>Ja Nej<\/p>\n<\/td>\n<\/tr>\n<tr>\n<td>Br\u00e5kade med passagera\/frustrerad p.g.a andra bilister<\/td>\n<td>17<\/td>\n<td>\n<p>Ja Nej<\/p>\n<\/td>\n<\/tr>\n<tr>\n<td>Panikbromsade\/hamnade i s\u00e5dana situation att det kr\u00e4vdes panikinbromsning<\/td>\n<td>18<\/td>\n<td>\n<p>Ja Nej<\/p>\n<\/td>\n<\/tr>\n<tr>\n<td>Hanterade kontroller p\u00e5 radio\/stereo\/musikspelare\/bytte CD under k\u00f6rning<\/td>\n<td>19<\/td>\n<td>\n<p>Ja Nej<\/p>\n<\/td>\n<\/tr>\n<tr>\n<td>K\u00f6rde och l\u00e4ste (kartor\/b\u00f6cker\/laptop\/tidning)<\/td>\n<td>20<\/td>\n<td>\n<p>Ja Nej<\/p>\n<\/td>\n<\/tr>\n<tr>\n<td>K\u00f6rde och skrev (skrivplatta\/motsvarande)<\/td>\n<td>21<\/td>\n<td>\n<p>Ja Nej<\/p>\n<\/td>\n<\/tr>\n<tr>\n<td>K\u00f6rde och r\u00f6kte<\/td>\n<td>22<\/td>\n<td>\n<p>Ja Nej<\/p>\n<\/td>\n<\/tr>\n<tr>\n<td>K\u00f6rde och \u00e5t och drack<\/td>\n<td>23<\/td>\n<td>\n<p>Ja Nej<\/p>\n<\/td>\n<\/tr>\n<tr>\n<td>K\u00f6rde och lade make up\/rakade dig\/kl\u00e4dde p\u00e5\/bytte kl\u00e4der<\/td>\n<td>24<\/td>\n<td>\n<p>Ja Nej<\/p>\n<\/td>\n<\/tr>\n<\/tbody>\n<\/table>\n<h2>Publicerad<\/h2>\n<h2>Dela<\/h2>\n<div>\n<div class=\"addtoany_shortcode\"><div class=\"a2a_kit a2a_kit_size_30 addtoany_list\" data-a2a-url=\"https:\/\/regioner.mhf.se\/mitt\/var-verksamhet\/checklista-for-beteende-baserat-sakerhetsarbete\/\" data-a2a-title=\"Checklista f\u00f6r Beteende Baserat S\u00e4kerhetsarbete\"><a class=\"a2a_button_facebook\" href=\"https:\/\/www.addtoany.com\/add_to\/facebook?linkurl=https%3A%2F%2Fregioner.mhf.se%2Fmitt%2Fvar-verksamhet%2Fchecklista-for-beteende-baserat-sakerhetsarbete%2F&amp;linkname=Checklista%20f%C3%B6r%20Beteende%20Baserat%20S%C3%A4kerhetsarbete\" title=\"Facebook\" rel=\"nofollow noopener\" target=\"_blank\"><img loading=\"lazy\" decoding=\"async\" src=\"https:\/\/regioner.mhf.se\/mitt\/wp-content\/uploads\/sites\/4\/2022\/02\/facebook.svg\" width=\"30\" height=\"30\" alt=\"Facebook\"><\/a><a class=\"a2a_button_twitter\" href=\"https:\/\/www.addtoany.com\/add_to\/twitter?linkurl=https%3A%2F%2Fregioner.mhf.se%2Fmitt%2Fvar-verksamhet%2Fchecklista-for-beteende-baserat-sakerhetsarbete%2F&amp;linkname=Checklista%20f%C3%B6r%20Beteende%20Baserat%20S%C3%A4kerhetsarbete\" title=\"Twitter\" rel=\"nofollow noopener\" target=\"_blank\"><img loading=\"lazy\" decoding=\"async\" src=\"https:\/\/regioner.mhf.se\/mitt\/wp-content\/uploads\/sites\/4\/2022\/02\/twitter.svg\" width=\"30\" height=\"30\" alt=\"Twitter\"><\/a><a class=\"a2a_button_email\" href=\"https:\/\/www.addtoany.com\/add_to\/email?linkurl=https%3A%2F%2Fregioner.mhf.se%2Fmitt%2Fvar-verksamhet%2Fchecklista-for-beteende-baserat-sakerhetsarbete%2F&amp;linkname=Checklista%20f%C3%B6r%20Beteende%20Baserat%20S%C3%A4kerhetsarbete\" title=\"Email\" rel=\"nofollow noopener\" target=\"_blank\"><img loading=\"lazy\" decoding=\"async\" src=\"https:\/\/regioner.mhf.se\/mitt\/wp-content\/uploads\/sites\/4\/2022\/02\/email.svg\" width=\"30\" height=\"30\" alt=\"Email\"><\/a><\/div><\/div>\n<\/div>\n<p><!--more--><br \/>\n<!-- {\"name\":\"Sida\",\"type\":\"layout\",\"children\":[{\"type\":\"section\",\"props\":{\"style\":\"primary\",\"width\":\"default\",\"vertical_align\":\"middle\",\"title_position\":\"top-left\",\"title_rotation\":\"left\",\"title_breakpoint\":\"xl\",\"image_position\":\"center-center\",\"preserve_color\":true,\"padding_remove_top\":false},\"children\":[{\"type\":\"row\",\"children\":[{\"type\":\"column\",\"props\":{\"image_position\":\"center-center\",\"media_overlay_gradient\":\"\"},\"children\":[{\"type\":\"breadcrumbs\",\"props\":{\"show_home\":true,\"show_current\":true,\"home_text\":\"Start\",\"margin_remove_bottom\":false,\"margin\":\"small\",\"margin_remove_top\":false}},{\"type\":\"headline\",\"props\":{\"title_element\":\"h1\",\"margin_remove_top\":true},\"source\":{\"query\":{\"name\":\"pages.singlePage\"},\"props\":{\"content\":{\"filters\":{\"search\":\"\"},\"name\":\"title\"}}}},{\"type\":\"text\",\"props\":{\"margin\":\"default\",\"column_breakpoint\":\"m\",\"text_style\":\"lead\",\"maxwidth\":\"2xlarge\"},\"source\":{\"query\":{\"name\":\"pages.singlePage\"},\"props\":{\"content\":{\"filters\":{\"search\":\"\"},\"name\":\"field.inledning\"}}}}]}]}],\"name\":\"Sidhuvud\"},{\"type\":\"section\",\"props\":{\"style\":\"default\",\"width\":\"default\",\"vertical_align\":\"middle\",\"title_position\":\"top-left\",\"title_rotation\":\"left\",\"title_breakpoint\":\"xl\",\"image_position\":\"center-center\"},\"children\":[{\"type\":\"row\",\"props\":{\"layout\":\"3-4,1-4\"},\"children\":[{\"type\":\"column\",\"props\":{\"image_position\":\"center-center\",\"media_overlay_gradient\":\"\",\"width_medium\":\"3-4\"},\"children\":[{\"type\":\"table\",\"props\":{\"show_title\":true,\"show_meta\":true,\"show_content\":true,\"show_image\":true,\"show_link\":true,\"table_order\":\"1\",\"table_responsive\":\"overflow\",\"table_width_title\":\"shrink\",\"table_width_meta\":\"shrink\",\"meta_style\":\"meta\",\"image_svg_color\":\"emphasis\",\"link_text\":\"Read more\",\"link_style\":\"default\",\"table_head_title\":\"Beteende\",\"table_head_meta\":\"Nr\",\"table_head_content\":\"Ja\\\/Nej\",\"table_style\":\"striped\",\"table_vertical_align\":true,\"table_last_align\":\"right\"},\"children\":[{\"type\":\"table_item\",\"props\":{\"title\":\"Anv\\u00e4nder s\\u00e4kerhetsb\\u00e4lte och satte fast s\\u00e4kerhetsb\\u00e4ltet f\\u00f6re resans b\\u00f6rjan\",\"meta\":\"1\",\"content\":\"\n\n<p>Ja Nej<\\\/p>\"}},{\"type\":\"table_item\",\"props\":{\"title\":\"Passagerare anv\\u00e4nder s\\u00e4kerhetsb\\u00e4te och satte fast det f\\u00f6r resans b\\u00f6rjan\",\"meta\":\"2\",\"content\":\"\n\n<p>Ja Nej<\\\/p>\"}},{\"type\":\"table_item\",\"props\":{\"title\":\"St\\u00e4llde in stol, speglar och andra inst\\u00e4llningar f\\u00f6re resans b\\u00f6rjan\",\"meta\":\"3\",\"content\":\"\n\n<p>Ja Nej<\\\/p>\"}},{\"type\":\"table_item\",\"props\":{\"title\":\"Anv\\u00e4nde inte alkohol, droger eller mediciner som kan p\\u00e5verka k\\u00f6rningen negativt\",\"meta\":\"4\",\"content\":\"\n\n<p>Ja Nej<\\\/p>\"}},{\"type\":\"table_item\",\"props\":{\"title\":\"Mobiltelefon: L\\u00e4ste\\\/skickade inte SMS\\\/text\\\/mail\\\/meddelande under k\\u00f6rning\",\"meta\":\"5\",\"content\":\"\n\n<p>Ja Nej<\\\/p>\"}},{\"type\":\"table_item\",\"props\":{\"title\":\"Mobiltelefon: Pausade inkommande samtal och pratade p\\u00e5 en s\\u00e4ker plats\",\"meta\":\"6\",\"content\":\"\n\n<p>Ja Nej<\\\/p>\"}},{\"type\":\"table_item\",\"props\":{\"title\":\"Mobiltelefon: Ringde inte\\\/knappade inte in telefonnummer under k\\u00f6rning\",\"meta\":\"7\",\"content\":\"\n\n<p>Ja Nej<\\\/p>\"}},{\"type\":\"table_item\",\"props\":{\"title\":\"GPS: Programmerade in rutten f\\u00f6re resans b\\u00f6rjan\",\"meta\":\"8\",\"content\":\"\n\n<p>Ja Nej<\\\/p>\"}},{\"type\":\"table_item\",\"props\":{\"title\":\"H\\u00f6ll tv\\u00e5 sekunders avst\\u00e5nd till framf\\u00f6rvarande fordon\",\"meta\":\"9\",\"content\":\"\n\n<p>Ja Nej<\\\/p>\"}},{\"type\":\"table_item\",\"props\":{\"title\":\"Anpassade hastighet och avst\\u00e5nd till r\\u00e5dande v\\u00e4derf\\u00f6rh\\u00e5llande\",\"meta\":\"10\",\"content\":\"\n\n<p>Ja Nej<\\\/p>\"}},{\"type\":\"table_item\",\"props\":{\"title\":\"Anpassade hastighet i n\\u00e4rhet av skolor\\\/lekplatser\",\"meta\":\"11\",\"content\":\"\n\n<p>Ja Nej<\\\/p>\"}},{\"type\":\"table_item\",\"props\":{\"title\":\"Backade in p\\u00e5 parkeringen f\\u00f6r att kunna k\\u00f6ra d\\u00e4rifr\\u00e5n fram\\u00e5t\",\"meta\":\"12\",\"content\":\"\n\n<p>Ja Nej<\\\/p>\"}},{\"type\":\"table_item\",\"props\":{\"title\":\"Fortsatte k\\u00f6ra trots tr\\u00f6tthet\",\"meta\":\"13\",\"content\":\"\n\n<p>Ja Nej<\\\/p>\"}},{\"type\":\"table_item\",\"props\":{\"title\":\"K\\u00f6rde f\\u00f6r fort p\\u00e5 30-50 km\\\/h-str\\u00e4ckor\",\"meta\":\"14\",\"content\":\"\n\n<p>Ja Nej<\\\/p>\"}},{\"type\":\"table_item\",\"props\":{\"title\":\"K\\u00f6rde f\\u00f6r fort p\\u00e5 motorv\\u00e4gar\",\"meta\":\"15\",\"content\":\"\n\n<p>Ja Nej<\\\/p>\"}},{\"type\":\"table_item\",\"props\":{\"title\":\"Missade avfarter\",\"meta\":\"16\",\"content\":\"\n\n<p>Ja Nej<\\\/p>\"}},{\"type\":\"table_item\",\"props\":{\"title\":\"Br\\u00e5kade med passagera\\\/frustrerad p.g.a andra bilister\",\"meta\":\"17\",\"content\":\"\n\n<p>Ja Nej<\\\/p>\"}},{\"type\":\"table_item\",\"props\":{\"title\":\"Panikbromsade\\\/hamnade i s\\u00e5dana situation att det kr\\u00e4vdes panikinbromsning\",\"meta\":\"18\",\"content\":\"\n\n<p>Ja Nej<\\\/p>\"}},{\"type\":\"table_item\",\"props\":{\"title\":\"Hanterade kontroller p\\u00e5 radio\\\/stereo\\\/musikspelare\\\/bytte CD under k\\u00f6rning\",\"meta\":\"19\",\"content\":\"\n\n<p>Ja Nej<\\\/p>\"}},{\"type\":\"table_item\",\"props\":{\"title\":\"K\\u00f6rde och l\\u00e4ste (kartor\\\/b\\u00f6cker\\\/laptop\\\/tidning)\",\"meta\":\"20\",\"content\":\"\n\n<p>Ja Nej<\\\/p>\"}},{\"type\":\"table_item\",\"props\":{\"title\":\"K\\u00f6rde och skrev (skrivplatta\\\/motsvarande)\",\"meta\":\"21\",\"content\":\"\n\n<p>Ja Nej<\\\/p>\"}},{\"type\":\"table_item\",\"props\":{\"title\":\"K\\u00f6rde och r\\u00f6kte\",\"meta\":\"22\",\"content\":\"\n\n<p>Ja Nej<\\\/p>\"}},{\"type\":\"table_item\",\"props\":{\"title\":\"K\\u00f6rde och \\u00e5t och drack\",\"meta\":\"23\",\"content\":\"\n\n<p>Ja Nej<\\\/p>\"}},{\"type\":\"table_item\",\"props\":{\"title\":\"K\\u00f6rde och lade make up\\\/rakade dig\\\/kl\\u00e4dde p\\u00e5\\\/bytte kl\\u00e4der\",\"meta\":\"24\",\"content\":\"\n\n<p>Ja Nej<\\\/p>\"}}]}]},{\"type\":\"column\",\"props\":{\"image_position\":\"center-center\",\"media_overlay_gradient\":\"\",\"width_medium\":\"1-4\"},\"children\":[{\"type\":\"headline\",\"props\":{\"title_element\":\"h2\",\"content\":\"Publicerad\",\"css\":\".el-element:after {\\n\\tcontent: \\\"\\\";\\n\\tmargin-top: 10px;\\n    display: block;\\n    height: 2px;\\n    width: 24px;\\n    bottom: -5px;\\n    left: 0;\\n    background: #333;\\n}\"},\"modified\":\"2021-05-09T19:17:43.675Z\",\"name\":\"Publicerad\"},{\"type\":\"text\",\"props\":{\"margin\":\"default\",\"column_breakpoint\":\"m\",\"margin_remove_top\":true},\"source\":{\"query\":{\"name\":\"pages.singlePage\"},\"props\":{\"content\":{\"filters\":{\"search\":\"\",\"date\":\"\",\"before\":\"\",\"after\":\"\"},\"name\":\"date\"}}}},{\"type\":\"headline\",\"props\":{\"title_element\":\"h2\",\"content\":\"Dela\",\"css\":\".el-element:after {\\n\\tcontent: \\\"\\\";\\n\\tmargin-top: 10px;\\n    display: block;\\n    height: 2px;\\n    width: 24px;\\n    bottom: -5px;\\n    left: 0;\\n    background: #333;\\n}\"},\"modified\":\"2022-06-14T14:53:59.535Z\",\"name\":\"Dela Rubrik\"},{\"type\":\"text\",\"props\":{\"margin\":\"default\",\"column_breakpoint\":\"m\",\"content\":\"\n\n<p>[addtoany]<\\\/p>\"},\"modified\":\"2022-06-14T14:54:07.612Z\",\"name\":\"Dela Knappar\"}]}]}]}],\"version\":\"2.4.14\"} --><\/p>\n","protected":false},"excerpt":{"rendered":"<p>Beteende Nr Ja\/Nej Anv\u00e4nder s\u00e4kerhetsb\u00e4lte och satte fast s\u00e4kerhetsb\u00e4ltet f\u00f6re resans b\u00f6rjan 1 Ja Nej Passagerare anv\u00e4nder s\u00e4kerhetsb\u00e4te och satte fast det f\u00f6r resans b\u00f6rjan 2 Ja Nej St\u00e4llde in stol, speglar och andra inst\u00e4llningar f\u00f6re resans b\u00f6rjan 3 Ja Nej Anv\u00e4nde inte alkohol, droger eller mediciner som kan p\u00e5verka k\u00f6rningen negativt 4 Ja Nej [&hellip;]<\/p>\n","protected":false},"author":1,"featured_media":0,"parent":172,"menu_order":0,"comment_status":"closed","ping_status":"closed","template":"","meta":{"footnotes":""},"class_list":["post-514","page","type-page","status-publish","hentry"],"acf":[],"_links":{"self":[{"href":"https:\/\/regioner.mhf.se\/mitt\/wp-json\/wp\/v2\/pages\/514","targetHints":{"allow":["GET"]}}],"collection":[{"href":"https:\/\/regioner.mhf.se\/mitt\/wp-json\/wp\/v2\/pages"}],"about":[{"href":"https:\/\/regioner.mhf.se\/mitt\/wp-json\/wp\/v2\/types\/page"}],"author":[{"embeddable":true,"href":"https:\/\/regioner.mhf.se\/mitt\/wp-json\/wp\/v2\/users\/1"}],"replies":[{"embeddable":true,"href":"https:\/\/regioner.mhf.se\/mitt\/wp-json\/wp\/v2\/comments?post=514"}],"version-history":[{"count":19,"href":"https:\/\/regioner.mhf.se\/mitt\/wp-json\/wp\/v2\/pages\/514\/revisions"}],"predecessor-version":[{"id":533,"href":"https:\/\/regioner.mhf.se\/mitt\/wp-json\/wp\/v2\/pages\/514\/revisions\/533"}],"up":[{"embeddable":true,"href":"https:\/\/regioner.mhf.se\/mitt\/wp-json\/wp\/v2\/pages\/172"}],"wp:attachment":[{"href":"https:\/\/regioner.mhf.se\/mitt\/wp-json\/wp\/v2\/media?parent=514"}],"curies":[{"name":"wp","href":"https:\/\/api.w.org\/{rel}","templated":true}]}}