{"id":498,"date":"2022-07-25T11:44:07","date_gmt":"2022-07-25T09:44:07","guid":{"rendered":"https:\/\/regioner.mhf.se\/norr\/?page_id=498"},"modified":"2022-07-25T11:44:07","modified_gmt":"2022-07-25T09:44:07","slug":"tn-dagen","status":"publish","type":"page","link":"https:\/\/regioner.mhf.se\/norr\/var-verksamhet\/tn-dagen\/","title":{"rendered":"TN-dagen"},"content":{"rendered":"<p>Trafiknykterhetens Dag,\u00a0 \u00e4r en dag d\u00e5 hela Sverige sk\u00e4nker en tanke till alla de som drabbats av rattfylleriolyckor och deras anh\u00f6riga. Ljusmanifestationer \u00e4ger rum i hela landet och p\u00e5 nyheterna talar man om rattfylleriproblematiken och dess konsekvenser i Sverige under hela dagen. Dessutom genomf\u00f6r polisen denna onsdag en storsatsning med extra trafiknykterhetskontroller i hela Sverige.\u2028 Flera akt\u00f6rer tillsammans med MHF och MADD bakom Trafiknykterhetens Dag.<\/p>\n","protected":false},"excerpt":{"rendered":"<p>Trafiknykterhetens Dag,\u00a0 \u00e4r en dag d\u00e5 hela Sverige sk\u00e4nker en tanke till alla de som drabbats av rattfylleriolyckor och deras anh\u00f6riga. Ljusmanifestationer \u00e4ger rum i hela landet och p\u00e5 nyheterna talar man om rattfylleriproblematiken och dess konsekvenser i Sverige under hela dagen. Dessutom genomf\u00f6r polisen denna onsdag en storsatsning med extra trafiknykterhetskontroller i hela Sverige.\u2028 [&hellip;]<\/p>\n","protected":false},"author":1,"featured_media":0,"parent":172,"menu_order":0,"comment_status":"closed","ping_status":"closed","template":"","meta":{"footnotes":""},"class_list":["post-498","page","type-page","status-publish","hentry"],"acf":[],"_links":{"self":[{"href":"https:\/\/regioner.mhf.se\/norr\/wp-json\/wp\/v2\/pages\/498","targetHints":{"allow":["GET"]}}],"collection":[{"href":"https:\/\/regioner.mhf.se\/norr\/wp-json\/wp\/v2\/pages"}],"about":[{"href":"https:\/\/regioner.mhf.se\/norr\/wp-json\/wp\/v2\/types\/page"}],"author":[{"embeddable":true,"href":"https:\/\/regioner.mhf.se\/norr\/wp-json\/wp\/v2\/users\/1"}],"replies":[{"embeddable":true,"href":"https:\/\/regioner.mhf.se\/norr\/wp-json\/wp\/v2\/comments?post=498"}],"version-history":[{"count":1,"href":"https:\/\/regioner.mhf.se\/norr\/wp-json\/wp\/v2\/pages\/498\/revisions"}],"predecessor-version":[{"id":499,"href":"https:\/\/regioner.mhf.se\/norr\/wp-json\/wp\/v2\/pages\/498\/revisions\/499"}],"up":[{"embeddable":true,"href":"https:\/\/regioner.mhf.se\/norr\/wp-json\/wp\/v2\/pages\/172"}],"wp:attachment":[{"href":"https:\/\/regioner.mhf.se\/norr\/wp-json\/wp\/v2\/media?parent=498"}],"curies":[{"name":"wp","href":"https:\/\/api.w.org\/{rel}","templated":true}]}}