{"id":162,"date":"2021-05-01T16:56:04","date_gmt":"2021-05-01T14:56:04","guid":{"rendered":"https:\/\/regioner.mhf.se\/ost\/?page_id=162"},"modified":"2023-04-27T14:29:14","modified_gmt":"2023-04-27T12:29:14","slug":"regional-information-om-internationellt-korkort","status":"publish","type":"page","link":"https:\/\/regioner.mhf.se\/ost\/regional-information-om-internationellt-korkort\/","title":{"rendered":"Regional information om internationellt k\u00f6rkort"},"content":{"rendered":"<p><b>Regionen har ett ombud som utf\u00e4rdar IKK.\u00a0<\/b><\/p>\n<p><strong>Regionens kontaktperson f\u00f6r IKK<\/strong><br \/>\nBengt Swahn<br \/>\nSpelmansv\u00e4gen 8<br \/>\n341 32 Ljungby<br \/>\n0372-14731, 070-627 67 36<\/p>\n<div id=\"stcpDiv\">\n<p>&nbsp;<\/p>\n<p>Mer information finner du h\u00e4r:<\/p>\n<p><a href=\"https:\/\/regioner.mhf.se\/ost\/allman-information\/\">Allm\u00e4n information<\/a><\/p>\n<p><a href=\"https:\/\/regioner.mhf.se\/ost\/bestallningsblankett\/\">Best\u00e4llningsblankett<\/a><\/p>\n<p><a href=\"https:\/\/regioner.mhf.se\/ost\/priser-och-villkor\/\">Priser<\/a><\/p>\n<\/div>\n","protected":false},"excerpt":{"rendered":"<p>Regionen har ett ombud som utf\u00e4rdar IKK.\u00a0 Regionens kontaktperson f\u00f6r IKK Bengt Swahn Spelmansv\u00e4gen 8 341 32 Ljungby 0372-14731, 070-627 67 36 &nbsp; Mer information finner du h\u00e4r: Allm\u00e4n information Best\u00e4llningsblankett Priser<\/p>\n","protected":false},"author":1,"featured_media":0,"parent":0,"menu_order":0,"comment_status":"closed","ping_status":"closed","template":"","meta":{"footnotes":""},"class_list":["post-162","page","type-page","status-publish","hentry"],"acf":[],"_links":{"self":[{"href":"https:\/\/regioner.mhf.se\/ost\/wp-json\/wp\/v2\/pages\/162","targetHints":{"allow":["GET"]}}],"collection":[{"href":"https:\/\/regioner.mhf.se\/ost\/wp-json\/wp\/v2\/pages"}],"about":[{"href":"https:\/\/regioner.mhf.se\/ost\/wp-json\/wp\/v2\/types\/page"}],"author":[{"embeddable":true,"href":"https:\/\/regioner.mhf.se\/ost\/wp-json\/wp\/v2\/users\/1"}],"replies":[{"embeddable":true,"href":"https:\/\/regioner.mhf.se\/ost\/wp-json\/wp\/v2\/comments?post=162"}],"version-history":[{"count":2,"href":"https:\/\/regioner.mhf.se\/ost\/wp-json\/wp\/v2\/pages\/162\/revisions"}],"predecessor-version":[{"id":825,"href":"https:\/\/regioner.mhf.se\/ost\/wp-json\/wp\/v2\/pages\/162\/revisions\/825"}],"wp:attachment":[{"href":"https:\/\/regioner.mhf.se\/ost\/wp-json\/wp\/v2\/media?parent=162"}],"curies":[{"name":"wp","href":"https:\/\/api.w.org\/{rel}","templated":true}]}}