{"id":319,"date":"2021-08-25T15:40:46","date_gmt":"2021-08-25T13:40:46","guid":{"rendered":"https:\/\/regioner.mhf.se\/ost\/?page_id=319"},"modified":"2022-02-03T15:16:37","modified_gmt":"2022-02-03T14:16:37","slug":"allman-information","status":"publish","type":"page","link":"https:\/\/regioner.mhf.se\/ost\/allman-information\/","title":{"rendered":"Allm\u00e4n information"},"content":{"rendered":"<p><a href=\"https:\/\/regioner.mhf.se\/ost\/priser-och-villkor\/\">L\u00e4nk till prislista.<\/a><\/p>\n<h3>S\u00e5 h\u00e4r best\u00e4ller du ett internationellt k\u00f6rkort<\/h3>\n<p>OBS:<br \/>\nP\u00e5 grund av <em>covid-19<\/em> kan vi just nu inte ta emot bes\u00f6k p\u00e5 kontoret f\u00f6r att best\u00e4lla internationella k\u00f6rkort p\u00e5 plats. Alla best\u00e4llningar m\u00e5ste skickas eller mailas in. Om du ringer innan kan vi ordna s\u00e5 att du kan h\u00e4mta kortet vid v\u00e5r entr\u00e9.<\/p>\n<h4>1. Ladda ner blanketten och fyll i den<\/h4>\n<ul>\n<li><a href=\"http:\/\/www.mhf.se\/app\/uploads\/2019\/02\/IKK_blankett_2021_juni.pdf\">Best\u00e4llningsblankett internationellt k\u00f6rkort [PDF, 0.29 MB]<\/a><\/li>\n<\/ul>\n<h4>2. Foto<\/h4>\n<p>Skicka med ett portr\u00e4ttfoto p\u00e5 dig (ca 4 x 5 cm) i h\u00f6g uppl\u00f6sning p\u00e5 fotopapper. Vissa av v\u00e5ra ombud kan hj\u00e4lpa dig att ta fotot och skriva ut det, mot ett pristill\u00e4gg.<\/p>\n<h4><strong>3. Kopia av ditt svenska k\u00f6rkort<\/strong><\/h4>\n<p>Ta en kopia av ditt k\u00f6rkort, b\u00e5de fram- och baksida. <strong>OBS! Kopian p\u00e5 k\u00f6rkortet ska vara max tv\u00e5 veckor gammal och vidimerad (bevittnad) av tv\u00e5 personer med telefonnummer<\/strong>.<\/p>\n<h4>4. Skicka in<\/h4>\n<p>Skicka in din best\u00e4llning (ifylld blankett, foto och k\u00f6rkortskopia) till n\u00e5got av v\u00e5ra ombud. <strong>De flesta ombud kan ta emot ans\u00f6kan via e-post<\/strong>. Du kan v\u00e4lja att skicka till vilket ombud som helst. <a href=\"https:\/\/regioner.mhf.se\/ost\/kontakt-och-ombud\/\">H\u00e4r \u00e4r en lista \u00f6ver ombuden.<\/a><\/p>\n<h4>4. Vi g\u00f6r k\u00f6rkortet<\/h4>\n<p>Klart! Din best\u00e4llning skickas inom tio arbetsdagar fr\u00e5n att vi f\u00e5tt din ans\u00f6kan. Se nedan f\u00f6r best\u00e4llningar som \u00e4r br\u00e5ttom.\u00a0<a href=\"https:\/\/regioner.mhf.se\/ost\/vad-galler-i-respektive-land\/\">Ett\u00e5rigt, eller tre\u00e5rigt? Vilket k\u00f6rkort g\u00e4ller i det land du ska \u00e5ka till?<\/a><\/p>\n<h4>5. Betalning<\/h4>\n<p>Vi f\u00f6redrar betalning i f\u00f6rskott.<br \/>\nOm du sj\u00e4lv h\u00e4mtar k\u00f6rkortet hos MHF kan du betala p\u00e5 plats.<br \/>\nVissa k\u00f6rkortsombud kan\u00a0bara hantera kontant betalning. Vissa tar Swish. Kolla i f\u00f6rv\u00e4g s\u00e5 du har r\u00e4tt betalningsmedel med dig n\u00e4r du h\u00e4mtar.<br \/>\n<a href=\"https:\/\/regioner.mhf.se\/ost\/priser-och-villkor\/\">H\u00e4r \u00e4r en prislista.<\/a><\/p>\n<h4>Br\u00e5ttom?<\/h4>\n<p>Om du har br\u00e5ttom kan vissa av v\u00e5ra ombud erbjuda Express eller IL-express. D\u00e5 g\u00e5r det fort. <strong>OBS, alla ombud kan inte erbjuda expresstj\u00e4nster<\/strong>. Kontrollera alltid med ditt ombud i f\u00f6rv\u00e4g.<\/p>\n<h4>F\u00f6r ytterligare hj\u00e4lp, ring: 08-555 765 55 eller maila p\u00e5:\u00a0<a href=\"mailto:ikk@mhf.se\">ikk@mhf.se<\/a><\/h4>\n","protected":false},"excerpt":{"rendered":"<p>L\u00e4nk till prislista. S\u00e5 h\u00e4r best\u00e4ller du ett internationellt k\u00f6rkort OBS: P\u00e5 grund av covid-19 kan vi just nu inte ta emot bes\u00f6k p\u00e5 kontoret f\u00f6r att best\u00e4lla internationella k\u00f6rkort p\u00e5 plats. Alla best\u00e4llningar m\u00e5ste skickas eller mailas in. Om du ringer innan kan vi ordna s\u00e5 att du kan h\u00e4mta kortet vid v\u00e5r entr\u00e9. [&hellip;]<\/p>\n","protected":false},"author":1,"featured_media":321,"parent":0,"menu_order":0,"comment_status":"closed","ping_status":"closed","template":"","meta":{"footnotes":""},"class_list":["post-319","page","type-page","status-publish","has-post-thumbnail","hentry"],"acf":[],"_links":{"self":[{"href":"https:\/\/regioner.mhf.se\/ost\/wp-json\/wp\/v2\/pages\/319","targetHints":{"allow":["GET"]}}],"collection":[{"href":"https:\/\/regioner.mhf.se\/ost\/wp-json\/wp\/v2\/pages"}],"about":[{"href":"https:\/\/regioner.mhf.se\/ost\/wp-json\/wp\/v2\/types\/page"}],"author":[{"embeddable":true,"href":"https:\/\/regioner.mhf.se\/ost\/wp-json\/wp\/v2\/users\/1"}],"replies":[{"embeddable":true,"href":"https:\/\/regioner.mhf.se\/ost\/wp-json\/wp\/v2\/comments?post=319"}],"version-history":[{"count":15,"href":"https:\/\/regioner.mhf.se\/ost\/wp-json\/wp\/v2\/pages\/319\/revisions"}],"predecessor-version":[{"id":445,"href":"https:\/\/regioner.mhf.se\/ost\/wp-json\/wp\/v2\/pages\/319\/revisions\/445"}],"wp:featuredmedia":[{"embeddable":true,"href":"https:\/\/regioner.mhf.se\/ost\/wp-json\/wp\/v2\/media\/321"}],"wp:attachment":[{"href":"https:\/\/regioner.mhf.se\/ost\/wp-json\/wp\/v2\/media?parent=319"}],"curies":[{"name":"wp","href":"https:\/\/api.w.org\/{rel}","templated":true}]}}