{"id":328,"date":"2021-09-03T09:54:46","date_gmt":"2021-09-03T07:54:46","guid":{"rendered":"https:\/\/regioner.mhf.se\/ost\/?page_id=328"},"modified":"2022-12-08T19:45:50","modified_gmt":"2022-12-08T18:45:50","slug":"bestallningsblankett","status":"publish","type":"page","link":"https:\/\/regioner.mhf.se\/ost\/bestallningsblankett\/","title":{"rendered":"Best\u00e4llningsblankett"},"content":{"rendered":"<p>F\u00f6r att kunna best\u00e4lla ett internationellt k\u00f6rkort beh\u00f6ver du fylla i v\u00e5r best\u00e4llningsblankett.<\/p>\n<ul class=\"item-list\">\n<li class=\"item-list__item\"><a class=\"item-list__link\" href=\"https:\/\/regioner.mhf.se\/skane\/wp-content\/uploads\/sites\/5\/2022\/12\/IKK_blankett_2022_ombud_nov.pdf\" target=\"_blank\" rel=\"noopener\">\u00d6ppna\u00a0Pdf-fil best\u00e4llningsblankett Internationellt k\u00f6rkort [PDF, 0.29 MB]<\/a><\/li>\n<\/ul>\n","protected":false},"excerpt":{"rendered":"<p>F\u00f6r att kunna best\u00e4lla ett internationellt k\u00f6rkort beh\u00f6ver du fylla i v\u00e5r best\u00e4llningsblankett. \u00d6ppna\u00a0Pdf-fil best\u00e4llningsblankett Internationellt k\u00f6rkort [PDF, 0.29 MB]<\/p>\n","protected":false},"author":1,"featured_media":0,"parent":0,"menu_order":0,"comment_status":"closed","ping_status":"closed","template":"","meta":{"footnotes":""},"class_list":["post-328","page","type-page","status-publish","hentry"],"acf":[],"_links":{"self":[{"href":"https:\/\/regioner.mhf.se\/ost\/wp-json\/wp\/v2\/pages\/328","targetHints":{"allow":["GET"]}}],"collection":[{"href":"https:\/\/regioner.mhf.se\/ost\/wp-json\/wp\/v2\/pages"}],"about":[{"href":"https:\/\/regioner.mhf.se\/ost\/wp-json\/wp\/v2\/types\/page"}],"author":[{"embeddable":true,"href":"https:\/\/regioner.mhf.se\/ost\/wp-json\/wp\/v2\/users\/1"}],"replies":[{"embeddable":true,"href":"https:\/\/regioner.mhf.se\/ost\/wp-json\/wp\/v2\/comments?post=328"}],"version-history":[{"count":6,"href":"https:\/\/regioner.mhf.se\/ost\/wp-json\/wp\/v2\/pages\/328\/revisions"}],"predecessor-version":[{"id":816,"href":"https:\/\/regioner.mhf.se\/ost\/wp-json\/wp\/v2\/pages\/328\/revisions\/816"}],"wp:attachment":[{"href":"https:\/\/regioner.mhf.se\/ost\/wp-json\/wp\/v2\/media?parent=328"}],"curies":[{"name":"wp","href":"https:\/\/api.w.org\/{rel}","templated":true}]}}