{"id":335,"date":"2021-09-03T13:41:14","date_gmt":"2021-09-03T11:41:14","guid":{"rendered":"https:\/\/regioner.mhf.se\/ost\/?page_id=335"},"modified":"2022-02-03T15:18:02","modified_gmt":"2022-02-03T14:18:02","slug":"vad-galler-i-respektive-land","status":"publish","type":"page","link":"https:\/\/regioner.mhf.se\/ost\/vad-galler-i-respektive-land\/","title":{"rendered":"Vad g\u00e4ller i respektive land"},"content":{"rendered":"<p>Det finns tv\u00e5 olika internationella k\u00f6rkort som utf\u00e4rdas enligt tv\u00e5 olika konventioner: 1949 \u00e5rs \u00e4r ett\u00e5rigt och 1968 \u00e5rs \u00e4r tre\u00e5rigt. Vissa l\u00e4nder accepterar bara den ena typen och vissa accepterar b\u00e5da. L\u00e4nder i Europa kr\u00e4ver vanligen endast svenskt k\u00f6rkort och inget internationellt beh\u00f6vs. H\u00e4r nedan hittar du information om vilken variant av k\u00f6rkort du beh\u00f6ver.<\/p>\n<p><img loading=\"lazy\" decoding=\"async\" class=\"alignnone size-full wp-image-342\" src=\"https:\/\/regioner.mhf.se\/ost\/wp-content\/uploads\/sites\/10\/2021\/09\/land-1.png\" alt=\"\" width=\"945\" height=\"1226\" srcset=\"https:\/\/regioner.mhf.se\/ost\/wp-content\/uploads\/sites\/10\/2021\/09\/land-1.png 945w, https:\/\/regioner.mhf.se\/ost\/wp-content\/uploads\/sites\/10\/2021\/09\/land-1-231x300.png 231w, https:\/\/regioner.mhf.se\/ost\/wp-content\/uploads\/sites\/10\/2021\/09\/land-1-789x1024.png 789w, https:\/\/regioner.mhf.se\/ost\/wp-content\/uploads\/sites\/10\/2021\/09\/land-1-768x996.png 768w\" sizes=\"auto, (max-width: 945px) 100vw, 945px\" \/> <img loading=\"lazy\" decoding=\"async\" class=\"alignnone size-full wp-image-341\" src=\"https:\/\/regioner.mhf.se\/ost\/wp-content\/uploads\/sites\/10\/2021\/09\/land-2.png\" alt=\"\" width=\"954\" height=\"1227\" srcset=\"https:\/\/regioner.mhf.se\/ost\/wp-content\/uploads\/sites\/10\/2021\/09\/land-2.png 954w, https:\/\/regioner.mhf.se\/ost\/wp-content\/uploads\/sites\/10\/2021\/09\/land-2-233x300.png 233w, https:\/\/regioner.mhf.se\/ost\/wp-content\/uploads\/sites\/10\/2021\/09\/land-2-796x1024.png 796w, https:\/\/regioner.mhf.se\/ost\/wp-content\/uploads\/sites\/10\/2021\/09\/land-2-768x988.png 768w\" sizes=\"auto, (max-width: 954px) 100vw, 954px\" \/> <img loading=\"lazy\" decoding=\"async\" class=\"alignnone size-full wp-image-340\" src=\"https:\/\/regioner.mhf.se\/ost\/wp-content\/uploads\/sites\/10\/2021\/09\/land-3.png\" alt=\"\" width=\"952\" height=\"1228\" srcset=\"https:\/\/regioner.mhf.se\/ost\/wp-content\/uploads\/sites\/10\/2021\/09\/land-3.png 952w, https:\/\/regioner.mhf.se\/ost\/wp-content\/uploads\/sites\/10\/2021\/09\/land-3-233x300.png 233w, https:\/\/regioner.mhf.se\/ost\/wp-content\/uploads\/sites\/10\/2021\/09\/land-3-794x1024.png 794w, https:\/\/regioner.mhf.se\/ost\/wp-content\/uploads\/sites\/10\/2021\/09\/land-3-768x991.png 768w\" sizes=\"auto, (max-width: 952px) 100vw, 952px\" \/> <img loading=\"lazy\" decoding=\"async\" class=\"alignnone size-full wp-image-339\" src=\"https:\/\/regioner.mhf.se\/ost\/wp-content\/uploads\/sites\/10\/2021\/09\/land-4.png\" alt=\"\" width=\"950\" height=\"1218\" srcset=\"https:\/\/regioner.mhf.se\/ost\/wp-content\/uploads\/sites\/10\/2021\/09\/land-4.png 950w, https:\/\/regioner.mhf.se\/ost\/wp-content\/uploads\/sites\/10\/2021\/09\/land-4-234x300.png 234w, https:\/\/regioner.mhf.se\/ost\/wp-content\/uploads\/sites\/10\/2021\/09\/land-4-799x1024.png 799w, https:\/\/regioner.mhf.se\/ost\/wp-content\/uploads\/sites\/10\/2021\/09\/land-4-768x985.png 768w\" sizes=\"auto, (max-width: 950px) 100vw, 950px\" \/> <img loading=\"lazy\" decoding=\"async\" class=\"alignnone size-full wp-image-338\" src=\"https:\/\/regioner.mhf.se\/ost\/wp-content\/uploads\/sites\/10\/2021\/09\/land-5.png\" alt=\"\" width=\"951\" height=\"1224\" srcset=\"https:\/\/regioner.mhf.se\/ost\/wp-content\/uploads\/sites\/10\/2021\/09\/land-5.png 951w, https:\/\/regioner.mhf.se\/ost\/wp-content\/uploads\/sites\/10\/2021\/09\/land-5-233x300.png 233w, https:\/\/regioner.mhf.se\/ost\/wp-content\/uploads\/sites\/10\/2021\/09\/land-5-796x1024.png 796w, https:\/\/regioner.mhf.se\/ost\/wp-content\/uploads\/sites\/10\/2021\/09\/land-5-768x988.png 768w\" sizes=\"auto, (max-width: 951px) 100vw, 951px\" \/><\/p>\n<ul class=\"item-list\">\n<li><a href=\"http:\/\/www.mhf.se\/app\/uploads\/2018\/09\/IKK-tabellen-2019-09-25.pdf\" target=\"_blank\" rel=\"noopener\">H\u00e4r \u00e4r tabellen \u00f6ver olika l\u00e4nder i PDF-format [PDF, 0.15 MB]<\/a><\/li>\n<\/ul>\n","protected":false},"excerpt":{"rendered":"<p>Det finns tv\u00e5 olika internationella k\u00f6rkort som utf\u00e4rdas enligt tv\u00e5 olika konventioner: 1949 \u00e5rs \u00e4r ett\u00e5rigt och 1968 \u00e5rs \u00e4r tre\u00e5rigt. Vissa l\u00e4nder accepterar bara den ena typen och vissa accepterar b\u00e5da. L\u00e4nder i Europa kr\u00e4ver vanligen endast svenskt k\u00f6rkort och inget internationellt beh\u00f6vs. H\u00e4r nedan hittar du information om vilken variant av k\u00f6rkort du [&hellip;]<\/p>\n","protected":false},"author":1,"featured_media":0,"parent":0,"menu_order":0,"comment_status":"closed","ping_status":"closed","template":"","meta":{"footnotes":""},"class_list":["post-335","page","type-page","status-publish","hentry"],"acf":[],"_links":{"self":[{"href":"https:\/\/regioner.mhf.se\/ost\/wp-json\/wp\/v2\/pages\/335","targetHints":{"allow":["GET"]}}],"collection":[{"href":"https:\/\/regioner.mhf.se\/ost\/wp-json\/wp\/v2\/pages"}],"about":[{"href":"https:\/\/regioner.mhf.se\/ost\/wp-json\/wp\/v2\/types\/page"}],"author":[{"embeddable":true,"href":"https:\/\/regioner.mhf.se\/ost\/wp-json\/wp\/v2\/users\/1"}],"replies":[{"embeddable":true,"href":"https:\/\/regioner.mhf.se\/ost\/wp-json\/wp\/v2\/comments?post=335"}],"version-history":[{"count":8,"href":"https:\/\/regioner.mhf.se\/ost\/wp-json\/wp\/v2\/pages\/335\/revisions"}],"predecessor-version":[{"id":446,"href":"https:\/\/regioner.mhf.se\/ost\/wp-json\/wp\/v2\/pages\/335\/revisions\/446"}],"wp:attachment":[{"href":"https:\/\/regioner.mhf.se\/ost\/wp-json\/wp\/v2\/media?parent=335"}],"curies":[{"name":"wp","href":"https:\/\/api.w.org\/{rel}","templated":true}]}}