{"id":6,"date":"2024-03-02T12:12:04","date_gmt":"2024-03-02T11:12:04","guid":{"rendered":"https:\/\/regioner.mhf.se\/ost\/?page_id=6"},"modified":"2024-12-10T11:33:08","modified_gmt":"2024-12-10T10:33:08","slug":"hem","status":"publish","type":"page","link":"https:\/\/regioner.mhf.se\/ost\/","title":{"rendered":"MHF \u00d6st"},"content":{"rendered":"<p><a href=\"https:\/\/trafiknyktert.nu\/\"><img decoding=\"async\" src=\"\/ost\/wp-content\/uploads\/sites\/10\/2024\/12\/trafiknyktert.gif\" alt=\"\"><\/a><\/p>\n<div>\n<p style=\"text-align: center;\">L\u00e4s v\u00e5r tidning trafiknyktert.nu<\/p>\n<\/div>\n<hr>\n<div>\n<\/div>\n<div>\n<\/div>\n<p>\n    <a href=\"\/ost\/nyheter\/\">Alla nyheter<\/a>\n<\/p>\n<div><iframe loading=\"lazy\" src=\"https:\/\/www.facebook.com\/plugins\/page.php?href=https%3A%2F%2Fwww.facebook.com%2Fmhfost%2F&#038;tabs=timeline&#038;width=280&#038;height=500&#038;small_header=false&#038;adapt_container_width=true&#038;hide_cover=false&#038;show_facepile=true&#038;appId=154311001300632\" width=\"280\" height=\"500\" style=\"border:none;overflow:hidden\" scrolling=\"no\" frameborder=\"0\" allowfullscreen=\"true\" allow=\"autoplay; clipboard-write; encrypted-media; picture-in-picture; web-share\"><\/iframe><\/div>\n<div><iframe loading=\"lazy\" src=\"https:\/\/www.facebook.com\/plugins\/page.php?href=https%3A%2F%2Fwww.facebook.com%2FTrafiknykter&#038;tabs=timeline&#038;width=280&#038;height=500&#038;small_header=false&#038;adapt_container_width=true&#038;hide_cover=false&#038;show_facepile=true&#038;appId=154311001300632\" width=\"280\" height=\"500\" style=\"border:none;overflow:hidden\" scrolling=\"no\" frameborder=\"0\" allowfullscreen=\"true\" allow=\"autoplay; clipboard-write; encrypted-media; picture-in-picture; web-share\"><\/iframe><\/div>\n<h2>Nyheter fr\u00e5n mhf.se<\/h2>\n<p><!--more--><br \/>\n<!-- {\"type\":\"layout\",\"children\":[{\"type\":\"section\",\"props\":{\"image_position\":\"center-center\",\"padding_remove_top\":false,\"preserve_color\":true,\"style\":\"primary\",\"title_breakpoint\":\"xl\",\"title_position\":\"top-left\",\"title_rotation\":\"left\",\"vertical_align\":\"middle\",\"width\":\"default\"},\"children\":[{\"type\":\"row\",\"children\":[{\"type\":\"column\",\"props\":{\"image_position\":\"center-center\",\"media_overlay_gradient\":\"\",\"position_sticky_breakpoint\":\"m\"},\"children\":[{\"type\":\"breadcrumbs\",\"props\":{\"home_text\":\"Start\",\"margin\":\"small\",\"margin_remove_bottom\":false,\"margin_remove_top\":false,\"show_current\":true,\"show_home\":true}},{\"type\":\"headline\",\"props\":{\"margin_remove_top\":true,\"title_element\":\"h1\"},\"source\":{\"query\":{\"name\":\"pages.singlePage\"},\"props\":{\"content\":{\"filters\":{\"search\":\"\"},\"name\":\"title\"}}}},{\"type\":\"image\",\"props\":{\"attributes\":\"H\",\"image\":\"wp-content\\\/uploads\\\/sites\\\/10\\\/2024\\\/12\\\/trafiknyktert.gif\",\"image_svg_color\":\"emphasis\",\"link\":\"https:\\\/\\\/trafiknyktert.nu\\\/\",\"margin\":\"default\",\"text_align\":\"center\"}},{\"type\":\"text\",\"props\":{\"column_breakpoint\":\"m\",\"content\":\"\n\n<p style=\\\"text-align: center;\\\">L\\u00e4s v\\u00e5r tidning trafiknyktert.nu<\\\/p>\",\"margin\":\"default\"}},{\"type\":\"divider\",\"props\":{\"divider_element\":\"hr\"}},{\"type\":\"text\",\"props\":{\"column\":\"1-2\",\"column_breakpoint\":\"m\",\"margin\":\"default\",\"text_style\":\"lead\"},\"source\":{\"query\":{\"name\":\"grundinformation.customGrundinformation\",\"arguments\":{\"offset\":0,\"limit\":1,\"order\":\"date\",\"order_direction\":\"DESC\",\"users\":[],\"users_operator\":\"IN\"}},\"props\":{\"content\":{\"filters\":{\"search\":\"\"},\"name\":\"field.om_mhf\"}}}}]}]}],\"name\":\"Header\"},{\"type\":\"section\",\"props\":{\"image_position\":\"center-center\",\"style\":\"default\",\"title_breakpoint\":\"xl\",\"title_position\":\"top-left\",\"title_rotation\":\"left\",\"vertical_align\":\"middle\",\"width\":\"default\"},\"children\":[{\"type\":\"row\",\"children\":[{\"type\":\"column\",\"props\":{\"image_position\":\"center-center\",\"media_overlay_gradient\":\"\",\"position_sticky_breakpoint\":\"m\",\"width_medium\":\"3-4\"},\"children\":[{\"type\":\"grid\",\"props\":{\"content_column_breakpoint\":\"m\",\"filter_align\":\"left\",\"filter_all\":true,\"filter_grid_breakpoint\":\"m\",\"filter_grid_width\":\"auto\",\"filter_position\":\"top\",\"filter_style\":\"tab\",\"grid_default\":\"1\",\"grid_medium\":\"\",\"icon_width\":80,\"image_align\":\"left\",\"image_grid_breakpoint\":\"s\",\"image_grid_width\":\"3-5\",\"image_svg_color\":\"emphasis\",\"item_animation\":true,\"link_style\":\"default\",\"link_text\":\">\",\"margin\":\"default\",\"meta_align\":\"below-title\",\"meta_element\":\"div\",\"meta_margin\":\"remove\",\"meta_style\":\"text-meta\",\"panel_image_no_padding\":true,\"panel_link\":true,\"panel_padding\":\"small\",\"panel_style\":\"card-default\",\"parallax_easing\":\"1\",\"show_content\":true,\"show_image\":true,\"show_link\":true,\"show_meta\":true,\"show_title\":true,\"title_align\":\"top\",\"title_element\":\"h3\",\"title_grid_breakpoint\":\"m\",\"title_grid_width\":\"1-2\",\"title_hover_style\":\"reset\"},\"children\":[{\"type\":\"grid_item\",\"source\":{\"query\":{\"name\":\"posts.customPosts\",\"arguments\":{\"terms\":[3],\"offset\":0,\"limit\":1,\"order\":\"date\",\"order_direction\":\"ASC\"}},\"props\":{\"title\":{\"filters\":{\"search\":\"\"},\"name\":\"title\"},\"meta\":{\"filters\":{\"search\":\"\",\"date\":\"\"},\"name\":\"date\"},\"content\":{\"filters\":{\"search\":\"\"},\"name\":\"field.kort_version\"},\"image\":{\"filters\":{\"search\":\"\"},\"name\":\"featuredImage.url\"},\"link\":{\"filters\":{\"search\":\"\"},\"name\":\"link\"}}}}]},{\"type\":\"grid\",\"props\":{\"content_column_breakpoint\":\"m\",\"filter_align\":\"left\",\"filter_all\":true,\"filter_grid_breakpoint\":\"m\",\"filter_grid_width\":\"auto\",\"filter_position\":\"top\",\"filter_style\":\"tab\",\"grid_default\":\"1\",\"grid_medium\":\"3\",\"grid_small\":\"2\",\"icon_width\":80,\"image_align\":\"top\",\"image_grid_breakpoint\":\"m\",\"image_grid_width\":\"1-2\",\"image_svg_color\":\"emphasis\",\"item_animation\":true,\"link_style\":\"default\",\"link_text\":\">\",\"margin\":\"default\",\"meta_align\":\"below-title\",\"meta_element\":\"div\",\"meta_margin\":\"remove\",\"meta_style\":\"text-meta\",\"panel_image_no_padding\":true,\"panel_link\":true,\"panel_padding\":\"small\",\"panel_style\":\"card-default\",\"parallax_easing\":\"1\",\"show_content\":true,\"show_image\":true,\"show_link\":true,\"show_meta\":true,\"show_title\":true,\"title_align\":\"top\",\"title_element\":\"h3\",\"title_grid_breakpoint\":\"m\",\"title_grid_width\":\"1-2\",\"title_hover_style\":\"reset\"},\"children\":[{\"type\":\"grid_item\",\"source\":{\"query\":{\"name\":\"posts.customPosts\",\"arguments\":{\"terms\":[],\"offset\":0,\"limit\":10,\"order\":\"date\",\"order_direction\":\"DESC\"}},\"props\":{\"title\":{\"filters\":{\"search\":\"\"},\"name\":\"title\"},\"meta\":{\"filters\":{\"search\":\"\",\"date\":\"\"},\"name\":\"date\"},\"content\":{\"filters\":{\"search\":\"\"},\"name\":\"field.kort_version\"},\"image\":{\"filters\":{\"search\":\"\"},\"name\":\"featuredImage.url\"},\"link\":{\"filters\":{\"search\":\"\"},\"name\":\"link\"},\"_condition\":{\"filters\":{\"condition\":\"!~=\",\"condition_value\":\"Fokus\"},\"arguments\":{\"separator\":\", \",\"show_link\":true,\"link_style\":\"\"},\"name\":\"categoryString\"}}}}]},{\"type\":\"button\",\"props\":{\"grid_column_gap\":\"small\",\"grid_row_gap\":\"small\",\"margin\":\"default\",\"text_align\":\"center\"},\"children\":[{\"type\":\"button_item\",\"props\":{\"button_style\":\"primary\",\"content\":\"Alla nyheter\",\"icon_align\":\"left\",\"link\":\"nyheter\\\/\"}}]}]},{\"type\":\"column\",\"props\":{\"image_position\":\"center-center\",\"media_overlay_gradient\":\"\",\"position_sticky_breakpoint\":\"m\",\"width_medium\":\"1-4\"},\"children\":[{\"type\":\"text\",\"props\":{\"column_breakpoint\":\"m\",\"content\":\"<iframe src=\\\"https:\\\/\\\/www.facebook.com\\\/plugins\\\/page.php?href=https%3A%2F%2Fwww.facebook.com%2Fmhfost%2F&tabs=timeline&width=280&height=500&small_header=false&adapt_container_width=true&hide_cover=false&show_facepile=true&appId=154311001300632\\\" width=\\\"280\\\" height=\\\"500\\\" style=\\\"border:none;overflow:hidden\\\" scrolling=\\\"no\\\" frameborder=\\\"0\\\" allowfullscreen=\\\"true\\\" allow=\\\"autoplay; clipboard-write; encrypted-media; picture-in-picture; web-share\\\"><\\\/iframe>\",\"margin\":\"default\"},\"source\":{\"query\":{\"name\":\"grundinformation.customGrundinformation\",\"arguments\":{\"offset\":0,\"limit\":1,\"order\":\"date\",\"order_direction\":\"DESC\"}},\"props\":{\"_condition\":{\"filters\":{\"condition\":\"=\",\"condition_value\":\"Ja\"},\"arguments\":{\"separator\":\", \"},\"name\":\"field.visa_facebooksida_string.value\"}}}},{\"type\":\"text\",\"props\":{\"column_breakpoint\":\"m\",\"content\":\"<iframe src=\\\"https:\\\/\\\/www.facebook.com\\\/plugins\\\/page.php?href=https%3A%2F%2Fwww.facebook.com%2FTrafiknykter&tabs=timeline&width=280&height=500&small_header=false&adapt_container_width=true&hide_cover=false&show_facepile=true&appId=154311001300632\\\" width=\\\"280\\\" height=\\\"500\\\" style=\\\"border:none;overflow:hidden\\\" scrolling=\\\"no\\\" frameborder=\\\"0\\\" allowfullscreen=\\\"true\\\" allow=\\\"autoplay; clipboard-write; encrypted-media; picture-in-picture; web-share\\\"><\\\/iframe>\",\"margin\":\"default\"},\"source\":{\"query\":{\"name\":\"grundinformation.customGrundinformation\",\"arguments\":{\"offset\":0,\"limit\":1,\"order\":\"date\",\"order_direction\":\"DESC\"}},\"props\":{\"_condition\":{\"filters\":{\"condition\":\"=\",\"condition_value\":\"Ja\"},\"arguments\":{\"separator\":\", \"},\"name\":\"field.visa_facebooksida_string.value\"}}}}]}],\"props\":{\"layout\":\"3-4,1-4\"}}],\"name\":\"Nyheter\"},{\"type\":\"section\",\"props\":{\"image_position\":\"center-center\",\"style\":\"muted\",\"title_breakpoint\":\"xl\",\"title_position\":\"top-left\",\"title_rotation\":\"left\",\"vertical_align\":\"middle\",\"width\":\"default\"},\"children\":[{\"type\":\"row\",\"children\":[{\"type\":\"column\",\"props\":{\"image_position\":\"center-center\",\"media_overlay_gradient\":\"\",\"position_sticky_breakpoint\":\"m\"},\"children\":[]}]}],\"name\":\"Kalender\",\"modified\":\"2021-04-30T12:45:41.010Z\"},{\"type\":\"section\",\"props\":{\"css\":\".el-section {\\n    background: #387FD4;\\n}\",\"image_position\":\"center-center\",\"padding_remove_top\":false,\"preserve_color\":true,\"status\":\"\",\"style\":\"primary\",\"title_breakpoint\":\"xl\",\"title_position\":\"top-left\",\"title_rotation\":\"left\",\"vertical_align\":\"middle\",\"width\":\"default\"},\"children\":[{\"type\":\"row\",\"children\":[{\"type\":\"column\",\"props\":{\"image_position\":\"center-center\",\"media_overlay_gradient\":\"\",\"position_sticky_breakpoint\":\"m\"},\"children\":[{\"type\":\"headline\",\"props\":{\"class\":\"\",\"content\":\"Nyheter fr\\u00e5n mhf.se\",\"css\":\".el-element {\\n    color: #fff;\\n}\\n\\n.el-element:after {\\n\\tcontent: \\\"\\\";\\n\\tmargin-top: 10px;\\n    display: block;\\n    height: 2px;\\n    width: 24px;\\n    bottom: -5px;\\n    left: 0;\\n    background: #fff;\\n}\",\"title_element\":\"h2\"}},{\"type\":\"widgetkit\",\"props\":{\"css\":\".uk-article-meta {\\n    display: hidden;\\n}\",\"link_style\":\"default\",\"margin\":\"default\",\"title_decoration\":\"bullet\",\"title_element\":\"h2\",\"title_style\":\"h3\",\"widget\":\"1\"}}]}]}],\"name\":\"Nyheter fr\\u00e5n mhf.se\",\"modified\":\"2021-04-30T12:45:23.657Z\"}],\"version\":\"3.0.14\"} --><\/p>\n","protected":false},"excerpt":{"rendered":"<p>L\u00e4s v\u00e5r tidning trafiknyktert.nu Alla nyheter Nyheter fr\u00e5n mhf.se<\/p>\n","protected":false},"author":1,"featured_media":0,"parent":0,"menu_order":0,"comment_status":"closed","ping_status":"closed","template":"","meta":{"footnotes":""},"class_list":["post-6","page","type-page","status-publish","hentry"],"acf":[],"_links":{"self":[{"href":"https:\/\/regioner.mhf.se\/ost\/wp-json\/wp\/v2\/pages\/6","targetHints":{"allow":["GET"]}}],"collection":[{"href":"https:\/\/regioner.mhf.se\/ost\/wp-json\/wp\/v2\/pages"}],"about":[{"href":"https:\/\/regioner.mhf.se\/ost\/wp-json\/wp\/v2\/types\/page"}],"author":[{"embeddable":true,"href":"https:\/\/regioner.mhf.se\/ost\/wp-json\/wp\/v2\/users\/1"}],"replies":[{"embeddable":true,"href":"https:\/\/regioner.mhf.se\/ost\/wp-json\/wp\/v2\/comments?post=6"}],"version-history":[{"count":14,"href":"https:\/\/regioner.mhf.se\/ost\/wp-json\/wp\/v2\/pages\/6\/revisions"}],"predecessor-version":[{"id":851,"href":"https:\/\/regioner.mhf.se\/ost\/wp-json\/wp\/v2\/pages\/6\/revisions\/851"}],"wp:attachment":[{"href":"https:\/\/regioner.mhf.se\/ost\/wp-json\/wp\/v2\/media?parent=6"}],"curies":[{"name":"wp","href":"https:\/\/api.w.org\/{rel}","templated":true}]}}