{"id":162,"date":"2021-05-01T16:56:04","date_gmt":"2021-05-01T14:56:04","guid":{"rendered":"https:\/\/regioner.mhf.se\/skane\/?page_id=162"},"modified":"2025-05-13T18:27:45","modified_gmt":"2025-05-13T16:27:45","slug":"regional-information-om-internationellt-korkort","status":"publish","type":"page","link":"https:\/\/regioner.mhf.se\/skane\/regional-information-om-internationellt-korkort\/","title":{"rendered":"Regional information om internationellt k\u00f6rkort"},"content":{"rendered":"<h2><strong>Sk\u00e5ne l\u00e4n<\/strong><\/h2>\n<p><strong>MHF Region Sk\u00e5ne<br \/>\nVera Thelander<\/strong><br \/>\nBost\u00e4llsgatan 26 C<br \/>\n282 61 Bj\u00e4rnum<br \/>\n0451-21316<br \/>\n070-378 61 10<br \/>\n<a href=\"mailto:veraoerlingthelander@telia.com\">veraoerlingthelander@telia.com<\/a><\/p>\n<p>Ring innan du skickar in.<\/p>\n<p><strong>MHF Klippan<\/strong><\/p>\n<p><strong>Vi har m\u00f6jlighet att ta foto.<br \/>\nAksel Kops<\/strong><br \/>\nEkebrogatan 11<br \/>\n26537 \u00c5storp<br \/>\n070-892 98 37<br \/>\n<a href=\"mailto:aksel.kops@skane.mhf.se\">aksel.kops@skane.mhf.se<\/a><\/p>\n","protected":false},"excerpt":{"rendered":"<p>Sk\u00e5ne l\u00e4n MHF Region Sk\u00e5ne Vera Thelander Bost\u00e4llsgatan 26 C 282 61 Bj\u00e4rnum 0451-21316 070-378 61 10 veraoerlingthelander@telia.com Ring innan du skickar in. MHF Klippan Vi har m\u00f6jlighet att ta foto. Aksel Kops Ekebrogatan 11 26537 \u00c5storp 070-892 98 37 aksel.kops@skane.mhf.se<\/p>\n","protected":false},"author":1,"featured_media":0,"parent":0,"menu_order":0,"comment_status":"closed","ping_status":"closed","template":"","meta":{"footnotes":""},"class_list":["post-162","page","type-page","status-publish","hentry"],"acf":[],"_links":{"self":[{"href":"https:\/\/regioner.mhf.se\/skane\/wp-json\/wp\/v2\/pages\/162","targetHints":{"allow":["GET"]}}],"collection":[{"href":"https:\/\/regioner.mhf.se\/skane\/wp-json\/wp\/v2\/pages"}],"about":[{"href":"https:\/\/regioner.mhf.se\/skane\/wp-json\/wp\/v2\/types\/page"}],"author":[{"embeddable":true,"href":"https:\/\/regioner.mhf.se\/skane\/wp-json\/wp\/v2\/users\/1"}],"replies":[{"embeddable":true,"href":"https:\/\/regioner.mhf.se\/skane\/wp-json\/wp\/v2\/comments?post=162"}],"version-history":[{"count":8,"href":"https:\/\/regioner.mhf.se\/skane\/wp-json\/wp\/v2\/pages\/162\/revisions"}],"predecessor-version":[{"id":836,"href":"https:\/\/regioner.mhf.se\/skane\/wp-json\/wp\/v2\/pages\/162\/revisions\/836"}],"wp:attachment":[{"href":"https:\/\/regioner.mhf.se\/skane\/wp-json\/wp\/v2\/media?parent=162"}],"curies":[{"name":"wp","href":"https:\/\/api.w.org\/{rel}","templated":true}]}}