{"id":162,"date":"2023-11-22T11:11:04","date_gmt":"2023-11-22T10:11:04","guid":{"rendered":"https:\/\/regioner.mhf.se\/vast\/?page_id=162"},"modified":"2023-11-22T17:39:49","modified_gmt":"2023-11-22T16:39:49","slug":"regional-information-om-internationellt-korkort","status":"publish","type":"page","link":"https:\/\/regioner.mhf.se\/vast\/regional-information-om-internationellt-korkort\/","title":{"rendered":"Regional information om internationellt k\u00f6rkort"},"content":{"rendered":"<div>\n<p>I region V\u00e4st kan du f\u00e5 hj\u00e4lp med ditt internationella k\u00f6rkort av:<\/p>\n<p><b>MHF G\u00f6teborg<\/b><br \/>Ernst Olof Olsson<br \/>Sofierogatan 3 D<br \/>412 51 G\u00f6teborg<br \/>0723-24 25 50<br \/><a href=\"mailto:mhfgbg@mhfgoteborg.se\">mhfgbg@mhfgoteborg.se<\/a><br \/><a href=\"http:\/\/www.mhfgoteborg.se\/\">www.mhfgoteborg.se<\/a><\/p>\n<p><b>Susanne Mikszath<\/b><br \/><b>L\u00f6nnen<br \/><\/b>Kasernv\u00e4gen 6<br \/>504 31 Bor\u00e5s<br \/>033-10 87 50<br \/><a href=\"mailto:ikk.boras@mhf.se\">ikk.boras@mhf.se<\/a><\/p>\n<p><b>Hjotiborgs MHF avdelning<br \/><\/b>Anna Welleman<br \/>Nyg\u00e5rdsgatan 3<br \/>543 51 Tibro<br \/>070-642 65 22<br \/><a href=\"mailto:ikk.tibro@mhf.se\">ikk.tibro@mhf.se<\/a><\/p>\n<p><b>Ulf \u201dFixarn\u201d Karlsson<\/b><br \/>Bj\u00f6rkgatan 16<br \/>591 36 Motala<br \/>076-612 18 35<br \/><a href=\"mailto:u.fixarn@telia.com\">u.fixarn@telia.com<\/a><\/p>\n<\/div>\n<p><!--more--><br \/>\n<!-- {\"type\":\"layout\",\"children\":[{\"type\":\"section\",\"props\":{\"image_position\":\"center-center\",\"style\":\"default\",\"title_breakpoint\":\"xl\",\"title_position\":\"top-left\",\"title_rotation\":\"left\",\"vertical_align\":\"middle\",\"width\":\"default\"},\"children\":[{\"type\":\"row\",\"children\":[{\"type\":\"column\",\"props\":{\"image_position\":\"center-center\",\"media_overlay_gradient\":\"\",\"position_sticky_breakpoint\":\"m\"},\"children\":[{\"type\":\"text\",\"props\":{\"column_breakpoint\":\"m\",\"content\":\"\n\n<p>I region V\\u00e4st kan du f\\u00e5 hj\\u00e4lp med ditt internationella k\\u00f6rkort av:<\\\/p>\\n\n\n<p><b>MHF G\\u00f6teborg<\\\/b><br \\\/>Ernst Olof Olsson<br \\\/>Sofierogatan 3 D<br \\\/>412 51 G\\u00f6teborg<br \\\/>0723-24 25 50<br \\\/><a href=\\\"mailto:mhfgbg@mhfgoteborg.se\\\">mhfgbg@mhfgoteborg.se<\\\/a><br \\\/><a href=\\\"http:\\\/\\\/www.mhfgoteborg.se\\\/\\\">www.mhfgoteborg.se<\\\/a><\\\/p>\\n\n\n<p><b>Susanne Mikszath<\\\/b><br \\\/><b>L\\u00f6nnen<br \\\/><\\\/b>Kasernv\\u00e4gen 6<br \\\/>504 31 Bor\\u00e5s<br \\\/>033-10 87 50<br \\\/><a href=\\\"mailto:ikk.boras@mhf.se\\\">ikk.boras@mhf.se<\\\/a><\\\/p>\\n\n\n<p><b>Hjotiborgs MHF avdelning<br \\\/><\\\/b>Anna Welleman<br \\\/>Nyg\\u00e5rdsgatan 3<br \\\/>543 51 Tibro<br \\\/>070-642 65 22<br \\\/><a href=\\\"mailto:ikk.tibro@mhf.se\\\">ikk.tibro@mhf.se<\\\/a><\\\/p>\\n\n\n<p><b>Ulf \\u201dFixarn\\u201d Karlsson<\\\/b><br \\\/>Bj\\u00f6rkgatan 16<br \\\/>591 36 Motala<br \\\/>076-612 18 35<br \\\/><a href=\\\"mailto:u.fixarn@telia.com\\\">u.fixarn@telia.com<\\\/a><\\\/p>\",\"margin\":\"default\"}}]}]}]}],\"version\":\"3.0.14\"} --><\/p>\n","protected":false},"excerpt":{"rendered":"<p>I region V\u00e4st kan du f\u00e5 hj\u00e4lp med ditt internationella k\u00f6rkort av: MHF G\u00f6teborgErnst Olof OlssonSofierogatan 3 D412 51 G\u00f6teborg0723-24 25 50mhfgbg@mhfgoteborg.sewww.mhfgoteborg.se Susanne MikszathL\u00f6nnenKasernv\u00e4gen 6504 31 Bor\u00e5s033-10 87 50ikk.boras@mhf.se Hjotiborgs MHF avdelningAnna WellemanNyg\u00e5rdsgatan 3543 51 Tibro070-642 65 22ikk.tibro@mhf.se Ulf \u201dFixarn\u201d KarlssonBj\u00f6rkgatan 16591 36 Motala076-612 18 35u.fixarn@telia.com<\/p>\n","protected":false},"author":1,"featured_media":0,"parent":0,"menu_order":0,"comment_status":"closed","ping_status":"closed","template":"","meta":{"footnotes":""},"class_list":["post-162","page","type-page","status-publish","hentry"],"acf":[],"_links":{"self":[{"href":"https:\/\/regioner.mhf.se\/vast\/wp-json\/wp\/v2\/pages\/162","targetHints":{"allow":["GET"]}}],"collection":[{"href":"https:\/\/regioner.mhf.se\/vast\/wp-json\/wp\/v2\/pages"}],"about":[{"href":"https:\/\/regioner.mhf.se\/vast\/wp-json\/wp\/v2\/types\/page"}],"author":[{"embeddable":true,"href":"https:\/\/regioner.mhf.se\/vast\/wp-json\/wp\/v2\/users\/1"}],"replies":[{"embeddable":true,"href":"https:\/\/regioner.mhf.se\/vast\/wp-json\/wp\/v2\/comments?post=162"}],"version-history":[{"count":3,"href":"https:\/\/regioner.mhf.se\/vast\/wp-json\/wp\/v2\/pages\/162\/revisions"}],"predecessor-version":[{"id":759,"href":"https:\/\/regioner.mhf.se\/vast\/wp-json\/wp\/v2\/pages\/162\/revisions\/759"}],"wp:attachment":[{"href":"https:\/\/regioner.mhf.se\/vast\/wp-json\/wp\/v2\/media?parent=162"}],"curies":[{"name":"wp","href":"https:\/\/api.w.org\/{rel}","templated":true}]}}