{"id":328,"date":"2024-05-04T17:17:46","date_gmt":"2024-05-04T15:17:46","guid":{"rendered":"https:\/\/regioner.mhf.se\/vast\/?page_id=328"},"modified":"2024-05-04T18:24:13","modified_gmt":"2024-05-04T16:24:13","slug":"bestallningsblankett","status":"publish","type":"page","link":"https:\/\/regioner.mhf.se\/vast\/bestallningsblankett\/","title":{"rendered":"Best\u00e4llningsblankett"},"content":{"rendered":"<div>\n<p><span style=\"font-weight: 400;\">I region V\u00e4st kan du f\u00e5 hj\u00e4lp med ditt internationella k\u00f6rkort av:<\/span><\/p>\n<p><b>MHF G\u00f6teborg<\/b><b><br \/><\/b><span style=\"font-weight: 400;\">Ernst Olof Olsson<\/span><span style=\"font-weight: 400;\"><br \/><\/span><span style=\"font-weight: 400;\">Sofierogatan 3 D<\/span><span style=\"font-weight: 400;\"><br \/><\/span><span style=\"font-weight: 400;\">412 51 G\u00f6teborg<\/span><span style=\"font-weight: 400;\"><br \/><\/span><span style=\"font-weight: 400;\">0723-24 25 50<\/span><span style=\"font-weight: 400;\"><br \/><\/span><span style=\"font-weight: 400;\">mhfgbg@mhfgoteborg.se<\/span><span style=\"font-weight: 400;\"><br \/><\/span><a href=\"http:\/\/www.mhfgoteborg.se\/\"><span style=\"font-weight: 400;\">www.mhfgoteborg.se<\/span><\/a><\/p>\n<p><b>Susanne Mikszath<\/b><b><br \/><\/b><b>L\u00f6nnen<\/b><b><br \/><\/b><span style=\"font-weight: 400;\">Kasernv\u00e4gen 6<\/span><span style=\"font-weight: 400;\"><br \/><\/span><span style=\"font-weight: 400;\">504 31 Bor\u00e5s<\/span><span style=\"font-weight: 400;\"><br \/><\/span><span style=\"font-weight: 400;\">033-10 87 50<\/span><span style=\"font-weight: 400;\"><br \/><\/span><span style=\"font-weight: 400;\">ikk.boras@mhf.se<\/span><\/p>\n<p><b>Hjotiborgs MHF avdelning<\/b><b><br \/><\/b><span style=\"font-weight: 400;\">Anna Welleman<\/span><span style=\"font-weight: 400;\"><br \/><\/span><span style=\"font-weight: 400;\">Nyg\u00e5rdsgatan 3<\/span><span style=\"font-weight: 400;\"><br \/><\/span><span style=\"font-weight: 400;\">543 51 Tibro<\/span><span style=\"font-weight: 400;\"><br \/><\/span><span style=\"font-weight: 400;\">070-642 65 22<\/span><span style=\"font-weight: 400;\"><br \/><\/span><span style=\"font-weight: 400;\">ikk.tibro@mhf.se<\/span><\/p>\n<p><b>Ulf \u201dFixarn\u201d Karlsson<\/b><b><br \/><\/b><span style=\"font-weight: 400;\">Bj\u00f6rkgatan 16<\/span><span style=\"font-weight: 400;\"><br \/><\/span><span style=\"font-weight: 400;\">591 36 Motala<\/span><span style=\"font-weight: 400;\"><br \/><\/span><span style=\"font-weight: 400;\">076-612 18 35<\/span><span style=\"font-weight: 400;\"><br \/><\/span><span style=\"font-weight: 400;\">u.fixarn@telia.com<\/span><\/p>\n<p><span style=\"font-weight: 400;\">F\u00f6r att kunna best\u00e4lla ett internationellt k\u00f6rkort beh\u00f6ver du fylla i v\u00e5r best\u00e4llningsblankett.<\/span><\/p>\n<\/p>\n<\/div>\n<p>\n    <a href=\"http:\/\/www.mhf.se\/app\/uploads\/2023\/10\/IKK_blankett_2023-okt-1.pdf\">best\u00e4llningsblankett <\/a>\n<\/p>\n<p><!--more--><br \/>\n<!-- {\"type\":\"layout\",\"children\":[{\"type\":\"section\",\"props\":{\"image_position\":\"center-center\",\"style\":\"default\",\"title_breakpoint\":\"xl\",\"title_position\":\"top-left\",\"title_rotation\":\"left\",\"vertical_align\":\"middle\",\"width\":\"default\"},\"children\":[{\"type\":\"row\",\"children\":[{\"type\":\"column\",\"props\":{\"image_position\":\"center-center\",\"media_overlay_gradient\":\"\",\"position_sticky_breakpoint\":\"m\"},\"children\":[{\"type\":\"text\",\"props\":{\"column_breakpoint\":\"m\",\"content\":\"\n\n<p><span style=\\\"font-weight: 400;\\\">I region V\\u00e4st kan du f\\u00e5 hj\\u00e4lp med ditt internationella k\\u00f6rkort av:<\\\/span><\\\/p>\\n\n\n<p><b>MHF G\\u00f6teborg<\\\/b><b><br \\\/><\\\/b><span style=\\\"font-weight: 400;\\\">Ernst Olof Olsson<\\\/span><span style=\\\"font-weight: 400;\\\"><br \\\/><\\\/span><span style=\\\"font-weight: 400;\\\">Sofierogatan 3 D<\\\/span><span style=\\\"font-weight: 400;\\\"><br \\\/><\\\/span><span style=\\\"font-weight: 400;\\\">412 51 G\\u00f6teborg<\\\/span><span style=\\\"font-weight: 400;\\\"><br \\\/><\\\/span><span style=\\\"font-weight: 400;\\\">0723-24 25 50<\\\/span><span style=\\\"font-weight: 400;\\\"><br \\\/><\\\/span><span style=\\\"font-weight: 400;\\\">mhfgbg@mhfgoteborg.se<\\\/span><span style=\\\"font-weight: 400;\\\"><br \\\/><\\\/span><a href=\\\"http:\\\/\\\/www.mhfgoteborg.se\\\/\\\"><span style=\\\"font-weight: 400;\\\">www.mhfgoteborg.se<\\\/span><\\\/a><\\\/p>\\n\n\n<p><b>Susanne Mikszath<\\\/b><b><br \\\/><\\\/b><b>L\\u00f6nnen<\\\/b><b><br \\\/><\\\/b><span style=\\\"font-weight: 400;\\\">Kasernv\\u00e4gen 6<\\\/span><span style=\\\"font-weight: 400;\\\"><br \\\/><\\\/span><span style=\\\"font-weight: 400;\\\">504 31 Bor\\u00e5s<\\\/span><span style=\\\"font-weight: 400;\\\"><br \\\/><\\\/span><span style=\\\"font-weight: 400;\\\">033-10 87 50<\\\/span><span style=\\\"font-weight: 400;\\\"><br \\\/><\\\/span><span style=\\\"font-weight: 400;\\\">ikk.boras@mhf.se<\\\/span><\\\/p>\\n\n\n<p><b>Hjotiborgs MHF avdelning<\\\/b><b><br \\\/><\\\/b><span style=\\\"font-weight: 400;\\\">Anna Welleman<\\\/span><span style=\\\"font-weight: 400;\\\"><br \\\/><\\\/span><span style=\\\"font-weight: 400;\\\">Nyg\\u00e5rdsgatan 3<\\\/span><span style=\\\"font-weight: 400;\\\"><br \\\/><\\\/span><span style=\\\"font-weight: 400;\\\">543 51 Tibro<\\\/span><span style=\\\"font-weight: 400;\\\"><br \\\/><\\\/span><span style=\\\"font-weight: 400;\\\">070-642 65 22<\\\/span><span style=\\\"font-weight: 400;\\\"><br \\\/><\\\/span><span style=\\\"font-weight: 400;\\\">ikk.tibro@mhf.se<\\\/span><\\\/p>\\n\n\n<p><b>Ulf \\u201dFixarn\\u201d Karlsson<\\\/b><b><br \\\/><\\\/b><span style=\\\"font-weight: 400;\\\">Bj\\u00f6rkgatan 16<\\\/span><span style=\\\"font-weight: 400;\\\"><br \\\/><\\\/span><span style=\\\"font-weight: 400;\\\">591 36 Motala<\\\/span><span style=\\\"font-weight: 400;\\\"><br \\\/><\\\/span><span style=\\\"font-weight: 400;\\\">076-612 18 35<\\\/span><span style=\\\"font-weight: 400;\\\"><br \\\/><\\\/span><span style=\\\"font-weight: 400;\\\">u.fixarn@telia.com<\\\/span><\\\/p>\\n\n\n<p><span style=\\\"font-weight: 400;\\\">F\\u00f6r att kunna best\\u00e4lla ett internationellt k\\u00f6rkort beh\\u00f6ver du fylla i v\\u00e5r best\\u00e4llningsblankett.<\\\/span><\\\/p>\\n\n\n<p><\\\/p>\",\"margin\":\"default\"}}]}]},{\"type\":\"row\",\"children\":[{\"type\":\"column\",\"props\":{\"image_position\":\"center-center\",\"media_overlay_gradient\":\"\",\"position_sticky_breakpoint\":\"m\"},\"children\":[{\"type\":\"button\",\"props\":{\"grid_column_gap\":\"small\",\"grid_row_gap\":\"small\",\"margin\":\"default\"},\"children\":[{\"type\":\"button_item\",\"props\":{\"button_style\":\"default\",\"content\":\"best\\u00e4llningsblankett \",\"icon_align\":\"left\",\"link\":\"http:\\\/\\\/www.mhf.se\\\/app\\\/uploads\\\/2023\\\/10\\\/IKK_blankett_2023-okt-1.pdf\",\"link_target\":\"blank\",\"link_title\":\"Tryck f\\u00f6r att ladda ner \"}}]}]}]}]}],\"version\":\"3.0.14\"} --><\/p>\n","protected":false},"excerpt":{"rendered":"<p>I region V\u00e4st kan du f\u00e5 hj\u00e4lp med ditt internationella k\u00f6rkort av: MHF G\u00f6teborgErnst Olof OlssonSofierogatan 3 D412 51 G\u00f6teborg0723-24 25 50mhfgbg@mhfgoteborg.sewww.mhfgoteborg.se Susanne MikszathL\u00f6nnenKasernv\u00e4gen 6504 31 Bor\u00e5s033-10 87 50ikk.boras@mhf.se Hjotiborgs MHF avdelningAnna WellemanNyg\u00e5rdsgatan 3543 51 Tibro070-642 65 22ikk.tibro@mhf.se Ulf \u201dFixarn\u201d KarlssonBj\u00f6rkgatan 16591 36 Motala076-612 18 35u.fixarn@telia.com F\u00f6r att kunna best\u00e4lla ett internationellt k\u00f6rkort beh\u00f6ver du [&hellip;]<\/p>\n","protected":false},"author":1,"featured_media":0,"parent":0,"menu_order":0,"comment_status":"closed","ping_status":"closed","template":"","meta":{"footnotes":""},"class_list":["post-328","page","type-page","status-publish","hentry"],"acf":[],"_links":{"self":[{"href":"https:\/\/regioner.mhf.se\/vast\/wp-json\/wp\/v2\/pages\/328","targetHints":{"allow":["GET"]}}],"collection":[{"href":"https:\/\/regioner.mhf.se\/vast\/wp-json\/wp\/v2\/pages"}],"about":[{"href":"https:\/\/regioner.mhf.se\/vast\/wp-json\/wp\/v2\/types\/page"}],"author":[{"embeddable":true,"href":"https:\/\/regioner.mhf.se\/vast\/wp-json\/wp\/v2\/users\/1"}],"replies":[{"embeddable":true,"href":"https:\/\/regioner.mhf.se\/vast\/wp-json\/wp\/v2\/comments?post=328"}],"version-history":[{"count":12,"href":"https:\/\/regioner.mhf.se\/vast\/wp-json\/wp\/v2\/pages\/328\/revisions"}],"predecessor-version":[{"id":790,"href":"https:\/\/regioner.mhf.se\/vast\/wp-json\/wp\/v2\/pages\/328\/revisions\/790"}],"wp:attachment":[{"href":"https:\/\/regioner.mhf.se\/vast\/wp-json\/wp\/v2\/media?parent=328"}],"curies":[{"name":"wp","href":"https:\/\/api.w.org\/{rel}","templated":true}]}}