{"id":332,"date":"2023-11-22T11:11:22","date_gmt":"2023-11-22T10:11:22","guid":{"rendered":"https:\/\/regioner.mhf.se\/vast\/?page_id=332"},"modified":"2023-11-22T17:46:45","modified_gmt":"2023-11-22T16:46:45","slug":"kontakt-och-ombud","status":"publish","type":"page","link":"https:\/\/regioner.mhf.se\/vast\/kontakt-och-ombud\/","title":{"rendered":"Kontakt och ombud"},"content":{"rendered":"<div>\n<p>H\u00e4r \u00e4r en lista \u00f6ver MHF:s IKK-ombud. Har du allm\u00e4nna fr\u00e5gor om IKK kan du alltid ringa v\u00e5r centrala k\u00f6rkortsavdelning p\u00e5 08-555 765 55 eller maila oss p\u00e5: <a href=\"mailto:ikk@mhf.se\">ikk@mhf.se<\/a> s\u00e5 f\u00e5r du svar p\u00e5 dina fr\u00e5gor.\u00a0Inte alla ombud kan erbjuda Express och Il-express, eller utskrift av mailade foton. Har du ett br\u00e5dskande \u00e4rende, ring alltid upp ditt ombud innan du skickar in eller kommer in med din ans\u00f6kan f\u00f6r snabbast och smidigast hantering.<\/p>\n<h2><strong>Stockholm<\/strong><\/h2>\n<p><strong>MHF Kansli<\/strong><\/p>\n<p><strong>Kansliet i Stockholm g\u00f6r il-express, tar foton och skriver ut foton. Vi tar ocks\u00e5 emot ans\u00f6kan via e-post. P\u00e5 grund av\u00a0covid-19 kan vi just nu inte ta emot bes\u00f6k p\u00e5 kontoret f\u00f6r att best\u00e4lla internationella k\u00f6rkort p\u00e5 plats. Alla best\u00e4llningar m\u00e5ste skickas eller mailas in. Om du ringer innan kan vi ordna s\u00e5 att du kan h\u00e4mta kortet vid v\u00e5r entr\u00e9.<\/strong><\/p>\n<p><strong>08-555 765 55<br \/>Vi tar ocks\u00e5 emot ans\u00f6kan via e-post.\u00a0<a href=\"mailto:ikk@mhf.se\">ikk@mhf.se<\/a><\/strong><\/p>\n<p><strong>\u00d6ppettider:<\/strong><br \/>M\u00e5ndag\u2013torsdag 09.00\u201315.30<br \/>Fredag 09.00\u201315.00<br \/>V\u00e4xeln \u00e4r lunchst\u00e4ngd 11\u201313<\/p>\n<h2><strong>Upplands l\u00e4n<\/strong><\/h2>\n<p><strong>MHF Enk\u00f6ping <\/strong><br \/>Ingrid Ryrholm<br \/>Smultrongatan 8<br \/>749 42 Enk\u00f6ping<br \/>Tel: 070-644 34 84<br \/><a href=\"mailto:mhf@ryrholm.se\">mhf@ryrholm.se<\/a><\/p>\n<h2><strong>G\u00e4vleborgs l\u00e4n<\/strong><\/h2>\n<p><strong>BengtOlof Bokstr\u00f6m<\/strong><br \/>Ledungsv\u00e4gen 18<br \/>802 57 G\u00e4vle<br \/>0705-39 40 68<br \/><a href=\"mailto:bokas2417@gmail.com\">bokas2417@gmail.com<\/a><br \/><b><a href=\"http:\/\/www.mhfgavle.se\/\" target=\"_blank\" rel=\"noopener\">www.mhfgavle.se<\/a><\/b><\/p>\n<h2><strong>J\u00e4mtlands l\u00e4n<\/strong><\/h2>\n<p><strong>MHF<br \/><\/strong>Kent Ivarsson<br \/>Kyrkgatan 84<br \/>831 34 \u00d6stersund<br \/>070-301 59 02<\/p>\n<h2><strong>Kronobergs l\u00e4n<\/strong><\/h2>\n<p><strong>Bengt Swahn<\/strong><br \/>Spelmansv\u00e4gen 8<br \/>341 32 Ljungby<br \/>0372-14731, 070-627 67 36<\/p>\n<h2><strong>Norrbottens l\u00e4n<\/strong><\/h2>\n<p><strong>Lis-Marie Hellr\u00f6nn<\/strong><br \/><em>(Ej utskrift av foton)<\/em><br \/>Trombongatan 26<br \/>943 33 \u00d6jebyn<br \/>070-57 99 266<br \/><a href=\"mailto:mhf.pitea@mhf.se\">mhf.pitea@mhf.se<\/a><\/p>\n<h2><strong>Sk\u00e5ne l\u00e4n<\/strong><\/h2>\n<p><strong>MHF Staffanstorp<br \/><\/strong><strong>Ragnar Persson<\/strong><br \/>Tornfalksgatan 8B<br \/>215 60 Malm\u00f6<br \/>040-13 27 94<br \/>0739-13 27 68<\/p>\n<p><strong>MHF Region Sk\u00e5ne<br \/>Vera Thelander<\/strong><br \/>Hemmestr\u00f6 4621<br \/>282 65 Bj\u00e4rnum<br \/>0451-21316<br \/>070-378 61 10<br \/><a href=\"mailto:veraoerlingthelander@telia.com\">veraoerlingthelander@telia.com<\/a><\/p>\n<p><strong>MHF Klippan<br \/>Aksel Kops<\/strong><br \/>Ekebrogatan 11<br \/>26537 \u00c5storp<br \/>070-892 98 37<br \/><a href=\"mailto:klippan@mhf.se\" target=\"_blank\" rel=\"noopener\">klippan@mhf.se<br \/><\/a><\/p>\n<h2><strong>V\u00e4rmlands l\u00e4n<\/strong><\/h2>\n<p><strong>Veine Wallin<\/strong><br \/>\u00d6 Esplanaden 31<br \/>671 40 Arvika<br \/>0570-77 59 88<br \/>070-351 97 65<\/p>\n<p><strong>Folke Engstr\u00f6m<\/strong><br \/>Valthornsgatan 100<br \/>656 34 Karlstad<br \/>070-371 58 14<br \/><a href=\"mailto:foleng@telia.com\">foleng@telia.com<\/a><\/p>\n<p><strong>Jan Johansson<\/strong><br \/>Kr\u00e5k\u00e5sv\u00e4gen 1<br \/>693 32 Degerfors<br \/>0586-390 28<br \/>070-301 37 43<br \/><a href=\"mailto:mhf-lokalavd.karlskoga@telia.com\">mhf-lokalavd.karlskoga@telia.com<\/a><\/p>\n<h2><strong>V\u00e4sterbottens l\u00e4n<\/strong><\/h2>\n<p><strong>Arne Simonson<\/strong><br \/>V\u00e5rhemsv\u00e4gen 1<br \/>903 62 Ume\u00e5<br \/>Tel 0766-14 69 95<br \/><a href=\"mailto:arnesimonson@hotmail.com\">arnesimonson@hotmail.com<\/a><\/p>\n<p><strong>MHF Region Norr<\/strong><br \/>Henrik Jonsson &amp; Margaretha Nystr\u00f6m<br \/>Ytterv\u00e4gen 62<br \/>936 31 Boliden<br \/>Tel 072-546 47 57 (Henrik)<br \/>Tel 072-518 30 73 (Maggan)<br \/><a href=\"mailto:margaretha.nystrom@mhf.se\">margaretha.nystrom@mhf.se<\/a><br \/>OBS: Kan ej erbjuda utskrift av foton.<\/p>\n<h2><strong>V\u00e4sternorrlands l\u00e4n<\/strong><\/h2>\n<p><strong>Lars Andr\u00e9<br \/><\/strong>Kungsv\u00e4gen 101<br \/>861 35 Timr\u00e5<br \/>070-222 63 63<\/p>\n<p><strong>Per Anders Sj\u00f6din<\/strong><br \/>Godmersta 202<br \/>89691 Husum<br \/>0730-56 21 13<br \/><a href=\"mailto:per.sjodin@gmail.com\">per.sjodin@gmail.com<\/a><\/p>\n<h2><strong>V\u00e4stra G\u00f6talands l\u00e4n<\/strong><\/h2>\n<p><strong>MHF G\u00f6teborg<\/strong><br \/>Ernst Olof Olsson<br \/>Sofierogatan 3 D<br \/>412 51 G\u00f6teborg<br \/>0723-24 25 50<br \/><a href=\"mailto:mhfgbg@mhfgoteborg.se\">mhfgbg@mhfgoteborg.se<\/a><br \/><a href=\"http:\/\/www.mhfgoteborg.se\/\">www.mhfgoteborg.se<\/a><\/p>\n<p><strong>Susanne Mikszath<\/strong><br \/><strong>L\u00f6nnen<br \/><\/strong>Kasernv\u00e4gen 6<br \/>504 31 Bor\u00e5s<br \/>033-10 87 50<br \/><a href=\"mailto:ikk.boras@mhf.se\">ikk.boras@mhf.se<\/a><\/p>\n<p><strong>Hjotiborgs MHF avdelning<br \/><\/strong>Anna Welleman<br \/>Nyg\u00e5rdsgatan 3<br \/>543 51 Tibro<br \/>070-642 65 22<br \/><a href=\"mailto:ikk.tibro@mhf.se\" target=\"_blank\" rel=\"noopener\">ikk.tibro@mhf.se<\/a><\/p>\n<h2><strong>\u00d6rebro l\u00e4n<\/strong><\/h2>\n<p><strong>Jan Johansson<\/strong><br \/>Kr\u00e5k\u00e5sv\u00e4gen 1<br \/>693 32 Degerfors<br \/>0586-390 28<br \/>070-301 37 43<br \/><a href=\"mailto:mhf-lokalavd.karlskoga@telia.com\">mhf-lokalavd.karlskoga@telia.com<\/a><\/p>\n<h2><strong>\u00d6sterg\u00f6tlands l\u00e4n<\/strong><\/h2>\n<p><strong>Ulf \u201dFixarn\u201d Karlsson<\/strong><br \/>Bj\u00f6rkgatan 16<br \/>591 36 Motala<br \/>076-612 18 35<br \/><a href=\"mailto:u.fixarn@telia.com\">u.fixarn@telia.com<\/a><\/p>\n<\/div>\n<p><!--more--><br \/>\n<!-- {\"type\":\"layout\",\"children\":[{\"type\":\"section\",\"props\":{\"image_position\":\"center-center\",\"style\":\"default\",\"title_breakpoint\":\"xl\",\"title_position\":\"top-left\",\"title_rotation\":\"left\",\"vertical_align\":\"middle\",\"width\":\"default\"},\"children\":[{\"type\":\"row\",\"children\":[{\"type\":\"column\",\"props\":{\"image_position\":\"center-center\",\"media_overlay_gradient\":\"\",\"position_sticky_breakpoint\":\"m\"},\"children\":[{\"type\":\"text\",\"props\":{\"column_breakpoint\":\"m\",\"content\":\"\n\n<p>H\\u00e4r \\u00e4r en lista \\u00f6ver MHF:s IKK-ombud. Har du allm\\u00e4nna fr\\u00e5gor om IKK kan du alltid ringa v\\u00e5r centrala k\\u00f6rkortsavdelning p\\u00e5 08-555 765 55 eller maila oss p\\u00e5: <a href=\\\"mailto:ikk@mhf.se\\\">ikk@mhf.se<\\\/a> s\\u00e5 f\\u00e5r du svar p\\u00e5 dina fr\\u00e5gor.\\u00a0Inte alla ombud kan erbjuda Express och Il-express, eller utskrift av mailade foton. Har du ett br\\u00e5dskande \\u00e4rende, ring alltid upp ditt ombud innan du skickar in eller kommer in med din ans\\u00f6kan f\\u00f6r snabbast och smidigast hantering.<\\\/p>\\n\n\n<h2><strong>Stockholm<\\\/strong><\\\/h2>\\n\n\n<p><strong>MHF Kansli<\\\/strong><\\\/p>\\n\n\n<p><strong>Kansliet i Stockholm g\\u00f6r il-express, tar foton och skriver ut foton. Vi tar ocks\\u00e5 emot ans\\u00f6kan via e-post. P\\u00e5 grund av\\u00a0covid-19 kan vi just nu inte ta emot bes\\u00f6k p\\u00e5 kontoret f\\u00f6r att best\\u00e4lla internationella k\\u00f6rkort p\\u00e5 plats. Alla best\\u00e4llningar m\\u00e5ste skickas eller mailas in. Om du ringer innan kan vi ordna s\\u00e5 att du kan h\\u00e4mta kortet vid v\\u00e5r entr\\u00e9.<\\\/strong><\\\/p>\\n\n\n<p><strong>08-555 765 55<br \\\/>Vi tar ocks\\u00e5 emot ans\\u00f6kan via e-post.\\u00a0<a href=\\\"mailto:ikk@mhf.se\\\">ikk@mhf.se<\\\/a><\\\/strong><\\\/p>\\n\n\n<p><strong>\\u00d6ppettider:<\\\/strong><br \\\/>M\\u00e5ndag\\u2013torsdag 09.00\\u201315.30<br \\\/>Fredag 09.00\\u201315.00<br \\\/>V\\u00e4xeln \\u00e4r lunchst\\u00e4ngd 11\\u201313<\\\/p>\\n\n\n<h2><strong>Upplands l\\u00e4n<\\\/strong><\\\/h2>\\n\n\n<p><strong>MHF Enk\\u00f6ping <\\\/strong><br \\\/>Ingrid Ryrholm<br \\\/>Smultrongatan 8<br \\\/>749 42 Enk\\u00f6ping<br \\\/>Tel: 070-644 34 84<br \\\/><a href=\\\"mailto:mhf@ryrholm.se\\\">mhf@ryrholm.se<\\\/a><\\\/p>\\n\n\n<h2><strong>G\\u00e4vleborgs l\\u00e4n<\\\/strong><\\\/h2>\\n\n\n<p><strong>BengtOlof Bokstr\\u00f6m<\\\/strong><br \\\/>Ledungsv\\u00e4gen 18<br \\\/>802 57 G\\u00e4vle<br \\\/>0705-39 40 68<br \\\/><a href=\\\"mailto:bokas2417@gmail.com\\\">bokas2417@gmail.com<\\\/a><br \\\/><b><a href=\\\"http:\\\/\\\/www.mhfgavle.se\\\/\\\" target=\\\"_blank\\\" rel=\\\"noopener\\\">www.mhfgavle.se<\\\/a><\\\/b><\\\/p>\\n\n\n<h2><strong>J\\u00e4mtlands l\\u00e4n<\\\/strong><\\\/h2>\\n\n\n<p><strong>MHF<br \\\/><\\\/strong>Kent Ivarsson<br \\\/>Kyrkgatan 84<br \\\/>831 34 \\u00d6stersund<br \\\/>070-301 59 02<\\\/p>\\n\n\n<h2><strong>Kronobergs l\\u00e4n<\\\/strong><\\\/h2>\\n\n\n<p><strong>Bengt Swahn<\\\/strong><br \\\/>Spelmansv\\u00e4gen 8<br \\\/>341 32 Ljungby<br \\\/>0372-14731, 070-627 67 36<\\\/p>\\n\n\n<h2><strong>Norrbottens l\\u00e4n<\\\/strong><\\\/h2>\\n\n\n<p><strong>Lis-Marie Hellr\\u00f6nn<\\\/strong><br \\\/><em>(Ej utskrift av foton)<\\\/em><br \\\/>Trombongatan 26<br \\\/>943 33 \\u00d6jebyn<br \\\/>070-57 99 266<br \\\/><a href=\\\"mailto:mhf.pitea@mhf.se\\\">mhf.pitea@mhf.se<\\\/a><\\\/p>\\n\n\n<h2><strong>Sk\\u00e5ne l\\u00e4n<\\\/strong><\\\/h2>\\n\n\n<p><strong>MHF Staffanstorp<br \\\/><\\\/strong><strong>Ragnar Persson<\\\/strong><br \\\/>Tornfalksgatan 8B<br \\\/>215 60 Malm\\u00f6<br \\\/>040-13 27 94<br \\\/>0739-13 27 68<\\\/p>\\n\n\n<p><strong>MHF Region Sk\\u00e5ne<br \\\/>Vera Thelander<\\\/strong><br \\\/>Hemmestr\\u00f6 4621<br \\\/>282 65 Bj\\u00e4rnum<br \\\/>0451-21316<br \\\/>070-378 61 10<br \\\/><a href=\\\"mailto:veraoerlingthelander@telia.com\\\">veraoerlingthelander@telia.com<\\\/a><\\\/p>\\n\n\n<p><strong>MHF Klippan<br \\\/>Aksel Kops<\\\/strong><br \\\/>Ekebrogatan 11<br \\\/>26537 \\u00c5storp<br \\\/>070-892 98 37<br \\\/><a href=\\\"mailto:klippan@mhf.se\\\" target=\\\"_blank\\\" rel=\\\"noopener\\\">klippan@mhf.se<br \\\/><\\\/a><\\\/p>\\n\n\n<h2><strong>V\\u00e4rmlands l\\u00e4n<\\\/strong><\\\/h2>\\n\n\n<p><strong>Veine Wallin<\\\/strong><br \\\/>\\u00d6 Esplanaden 31<br \\\/>671 40 Arvika<br \\\/>0570-77 59 88<br \\\/>070-351 97 65<\\\/p>\\n\n\n<p><strong>Folke Engstr\\u00f6m<\\\/strong><br \\\/>Valthornsgatan 100<br \\\/>656 34 Karlstad<br \\\/>070-371 58 14<br \\\/><a href=\\\"mailto:foleng@telia.com\\\">foleng@telia.com<\\\/a><\\\/p>\\n\n\n<p><strong>Jan Johansson<\\\/strong><br \\\/>Kr\\u00e5k\\u00e5sv\\u00e4gen 1<br \\\/>693 32 Degerfors<br \\\/>0586-390 28<br \\\/>070-301 37 43<br \\\/><a href=\\\"mailto:mhf-lokalavd.karlskoga@telia.com\\\">mhf-lokalavd.karlskoga@telia.com<\\\/a><\\\/p>\\n\n\n<h2><strong>V\\u00e4sterbottens l\\u00e4n<\\\/strong><\\\/h2>\\n\n\n<p><strong>Arne Simonson<\\\/strong><br \\\/>V\\u00e5rhemsv\\u00e4gen 1<br \\\/>903 62 Ume\\u00e5<br \\\/>Tel 0766-14 69 95<br \\\/><a href=\\\"mailto:arnesimonson@hotmail.com\\\">arnesimonson@hotmail.com<\\\/a><\\\/p>\\n\n\n<p><strong>MHF Region Norr<\\\/strong><br \\\/>Henrik Jonsson &amp; Margaretha Nystr\\u00f6m<br \\\/>Ytterv\\u00e4gen 62<br \\\/>936 31 Boliden<br \\\/>Tel 072-546 47 57 (Henrik)<br \\\/>Tel 072-518 30 73 (Maggan)<br \\\/><a href=\\\"mailto:margaretha.nystrom@mhf.se\\\">margaretha.nystrom@mhf.se<\\\/a><br \\\/>OBS: Kan ej erbjuda utskrift av foton.<\\\/p>\\n\n\n<h2><strong>V\\u00e4sternorrlands l\\u00e4n<\\\/strong><\\\/h2>\\n\n\n<p><strong>Lars Andr\\u00e9<br \\\/><\\\/strong>Kungsv\\u00e4gen 101<br \\\/>861 35 Timr\\u00e5<br \\\/>070-222 63 63<\\\/p>\\n\n\n<p><strong>Per Anders Sj\\u00f6din<\\\/strong><br \\\/>Godmersta 202<br \\\/>89691 Husum<br \\\/>0730-56 21 13<br \\\/><a href=\\\"mailto:per.sjodin@gmail.com\\\">per.sjodin@gmail.com<\\\/a><\\\/p>\\n\n\n<h2><strong>V\\u00e4stra G\\u00f6talands l\\u00e4n<\\\/strong><\\\/h2>\\n\n\n<p><strong>MHF G\\u00f6teborg<\\\/strong><br \\\/>Ernst Olof Olsson<br \\\/>Sofierogatan 3 D<br \\\/>412 51 G\\u00f6teborg<br \\\/>0723-24 25 50<br \\\/><a href=\\\"mailto:mhfgbg@mhfgoteborg.se\\\">mhfgbg@mhfgoteborg.se<\\\/a><br \\\/><a href=\\\"http:\\\/\\\/www.mhfgoteborg.se\\\/\\\">www.mhfgoteborg.se<\\\/a><\\\/p>\\n\n\n<p><strong>Susanne Mikszath<\\\/strong><br \\\/><strong>L\\u00f6nnen<br \\\/><\\\/strong>Kasernv\\u00e4gen 6<br \\\/>504 31 Bor\\u00e5s<br \\\/>033-10 87 50<br \\\/><a href=\\\"mailto:ikk.boras@mhf.se\\\">ikk.boras@mhf.se<\\\/a><\\\/p>\\n\n\n<p><strong>Hjotiborgs MHF avdelning<br \\\/><\\\/strong>Anna Welleman<br \\\/>Nyg\\u00e5rdsgatan 3<br \\\/>543 51 Tibro<br \\\/>070-642 65 22<br \\\/><a href=\\\"mailto:ikk.tibro@mhf.se\\\" target=\\\"_blank\\\" rel=\\\"noopener\\\">ikk.tibro@mhf.se<\\\/a><\\\/p>\\n\n\n<h2><strong>\\u00d6rebro l\\u00e4n<\\\/strong><\\\/h2>\\n\n\n<p><strong>Jan Johansson<\\\/strong><br \\\/>Kr\\u00e5k\\u00e5sv\\u00e4gen 1<br \\\/>693 32 Degerfors<br \\\/>0586-390 28<br \\\/>070-301 37 43<br \\\/><a href=\\\"mailto:mhf-lokalavd.karlskoga@telia.com\\\">mhf-lokalavd.karlskoga@telia.com<\\\/a><\\\/p>\\n\n\n<h2><strong>\\u00d6sterg\\u00f6tlands l\\u00e4n<\\\/strong><\\\/h2>\\n\n\n<p><strong>Ulf \\u201dFixarn\\u201d Karlsson<\\\/strong><br \\\/>Bj\\u00f6rkgatan 16<br \\\/>591 36 Motala<br \\\/>076-612 18 35<br \\\/><a href=\\\"mailto:u.fixarn@telia.com\\\">u.fixarn@telia.com<\\\/a><\\\/p>\",\"margin\":\"default\"}}]}]}]}],\"version\":\"3.0.14\"} --><\/p>\n","protected":false},"excerpt":{"rendered":"<p>H\u00e4r \u00e4r en lista \u00f6ver MHF:s IKK-ombud. Har du allm\u00e4nna fr\u00e5gor om IKK kan du alltid ringa v\u00e5r centrala k\u00f6rkortsavdelning p\u00e5 08-555 765 55 eller maila oss p\u00e5: ikk@mhf.se s\u00e5 f\u00e5r du svar p\u00e5 dina fr\u00e5gor.\u00a0Inte alla ombud kan erbjuda Express och Il-express, eller utskrift av mailade foton. Har du ett br\u00e5dskande \u00e4rende, ring alltid [&hellip;]<\/p>\n","protected":false},"author":1,"featured_media":0,"parent":0,"menu_order":0,"comment_status":"closed","ping_status":"closed","template":"","meta":{"footnotes":""},"class_list":["post-332","page","type-page","status-publish","hentry"],"acf":[],"_links":{"self":[{"href":"https:\/\/regioner.mhf.se\/vast\/wp-json\/wp\/v2\/pages\/332","targetHints":{"allow":["GET"]}}],"collection":[{"href":"https:\/\/regioner.mhf.se\/vast\/wp-json\/wp\/v2\/pages"}],"about":[{"href":"https:\/\/regioner.mhf.se\/vast\/wp-json\/wp\/v2\/types\/page"}],"author":[{"embeddable":true,"href":"https:\/\/regioner.mhf.se\/vast\/wp-json\/wp\/v2\/users\/1"}],"replies":[{"embeddable":true,"href":"https:\/\/regioner.mhf.se\/vast\/wp-json\/wp\/v2\/comments?post=332"}],"version-history":[{"count":6,"href":"https:\/\/regioner.mhf.se\/vast\/wp-json\/wp\/v2\/pages\/332\/revisions"}],"predecessor-version":[{"id":761,"href":"https:\/\/regioner.mhf.se\/vast\/wp-json\/wp\/v2\/pages\/332\/revisions\/761"}],"wp:attachment":[{"href":"https:\/\/regioner.mhf.se\/vast\/wp-json\/wp\/v2\/media?parent=332"}],"curies":[{"name":"wp","href":"https:\/\/api.w.org\/{rel}","templated":true}]}}