{"id":380,"date":"2022-02-01T10:22:56","date_gmt":"2022-02-01T09:22:56","guid":{"rendered":"https:\/\/regioner.mhf.se\/vast\/?page_id=380"},"modified":"2023-11-22T17:51:09","modified_gmt":"2023-11-22T16:51:09","slug":"priser-och-villkor","status":"publish","type":"page","link":"https:\/\/regioner.mhf.se\/vast\/priser-och-villkor\/","title":{"rendered":"Priser och villkor"},"content":{"rendered":"<div>\n<h1>Prislista<\/h1>\n<table class=\"uk-table uk-table-striped\">\n<thead>\n<tr>\n<th>Typ av best\u00e4llning<\/th>\n<th>Pris<\/th>\n<th>Medlemspris<\/th>\n<\/tr>\n<\/thead>\n<tbody>\n<tr>\n<td>Standardbest\u00e4llning (tar max 10 arbetsdagar)<\/td>\n<td>260 kr<\/td>\n<td>160 kr<\/td>\n<\/tr>\n<tr>\n<td>Expressleverans (tar max 5 arbetsdagar)<\/td>\n<td>560 kr<\/td>\n<td>260 kr<\/td>\n<\/tr>\n<tr>\n<td>IL-Express (Boka tid och f\u00e5 kortet medan du v\u00e4ntar eller med v\u00e4ndande post)<\/td>\n<td>660 kr<\/td>\n<td>310 kr<\/td>\n<\/tr>\n<\/tbody>\n<\/table>\n<h1>Det \u00e4r l\u00e4tt att betala i f\u00f6rskott<\/h1>\n<p>Vi f\u00f6redrar betalning i f\u00f6rskott, via Swish eller bankgiro\u00f6verf\u00f6ring. Kolla med ditt lokala ombud vilket som passar b\u00e4st.<\/p>\n<h1>Du tj\u00e4nar p\u00e5 att bli MHF-medlem<\/h1>\n<p>MHF arbetar mot rattfylleri, och ju fler medlemmar vi har desto mer kan vi p\u00e5verka.<br \/>D\u00e4rf\u00f6r f\u00e5r du en stor rabatt p\u00e5 k\u00f6rkortet om du passar p\u00e5 att bli medlem. Att bli medlem kostar bara 195 kr f\u00f6rsta \u00e5ret (ordinarie avgift 285 kr\/\u00e5r). D\u00e5 \u00e4r du med i kampen mot rattfylleri. V\u00e4lj om du vill vara <em>trafiknykter<\/em> eller <em>helnykter<\/em>medlem. Som du ser i prislistan sparar du direkt en slant p\u00e5 att bli medlem n\u00e4r du skaffar internationellt k\u00f6rkort. <a href=\"https:\/\/regioner.mhf.se\/vast\/bli-medlem\/\">L\u00e4s mer om att bli medlem h\u00e4r<\/a>.<\/p>\n<h1>Till\u00e4gg till prislistan<\/h1>\n<h2>Fotografering och utskrift av foton<\/h2>\n<table class=\"uk-table uk-table-striped\">\n<thead>\n<tr>\n<th>Fotopriser (kolla med ditt ombud om de kan erbjuda fototj\u00e4nster)<\/th>\n<th>\u00a0<\/th>\n<\/tr>\n<\/thead>\n<tbody>\n<tr>\n<td>Utskrift av digitalt foto<\/td>\n<td>50 kr<\/td>\n<\/tr>\n<tr>\n<td>Fotografering och utskrift p\u00e5 plats<\/td>\n<td>150 kr<\/td>\n<\/tr>\n<\/tbody>\n<\/table>\n<h2>Leverans och porto<\/h2>\n<table class=\"uk-table uk-table-striped\">\n<thead>\n<tr>\n<th>Om du vill ha k\u00f6rkortet hemskickat<\/th>\n<th>Pris<\/th>\n<\/tr>\n<\/thead>\n<tbody>\n<tr>\n<td>Porto inkl postf\u00f6rskott<\/td>\n<td>Postens avgift<\/td>\n<\/tr>\n<tr>\n<td>Porto till utlandet<\/td>\n<td>Postens avgift<\/td>\n<\/tr>\n<\/tbody>\n<\/table>\n<h4>Generella villkor f\u00f6r internationellt k\u00f6rkort (IKK)<\/h4>\n<ol>\n<li>Du m\u00e5ste ha ett g\u00e4llande svenskt k\u00f6rkort. (Det r\u00e4cker inte med intyg om avklarat k\u00f6rkortsprov).<\/li>\n<li>Du m\u00e5ste ha fyllt 18 \u00e5r.<\/li>\n<li>Ditt IKK g\u00e4ller bara f\u00f6r de fordonsklasser som ditt svenska k\u00f6rkort ger beh\u00f6righet f\u00f6r. Allts\u00e5 samma bokst\u00e4ver, A, B, C och s\u00e5 vidare.<\/li>\n<li>Om du ska resa till ett land som accepterar b\u00e5de ett- och tre\u00e5riga k\u00f6rkort utf\u00e4rdar vi normalt alltid ett tre\u00e5rigt.<\/li>\n<li>IKK g\u00e4ller inte i Sverige och Norden.<\/li>\n<li>Normalt beh\u00f6ver du inget IKK inom EU.<\/li>\n<li>IKK g\u00e4ller normalt bara vid tillf\u00e4lliga turistbes\u00f6k i andra l\u00e4nder. F\u00f6r l\u00e4ngre perioder kanske du beh\u00f6ver ett nationellt k\u00f6rkort som g\u00e4ller i det land du \u00e4r i.<\/li>\n<\/ol>\n<h4>Ett\u00e5rigt eller tre\u00e5rigt internationellt k\u00f6rkort?<\/h4>\n<p>Det finns tv\u00e5 olika varianter av k\u00f6rkorten, ett\u00e5rigt och tre\u00e5rigt. Vilket du ska ha beror p\u00e5 vilket land du ska k\u00f6ra bil i. Vissa l\u00e4nder accepterar b\u00e5da varianterna, vissa bara den ena, beroende p\u00e5 vilka regler de har accepterat i landet. Priset \u00e4r samma f\u00f6r b\u00e5da varianterna. Det \u00e4r allts\u00e5 inte vi som best\u00e4mmer vilket kort du ska ha.<\/p>\n<ul>\n<li><a href=\"http:\/\/www.mhf.se\/app\/uploads\/2021\/11\/IKK-tabellen-2021-11-18.pdf\" target=\"_blank\" rel=\"noopener\">Se h\u00e4r vad som g\u00e4ller i olika l\u00e4nder [PDF, 0.21 MB]<\/a><\/li>\n<\/ul>\n<h4>Hj\u00e4lp med foto<\/h4>\n<p>Vissa av v\u00e5ra ombud kan hj\u00e4lpa till med att ta ett foto av dig och skriva ut det. Till de ombuden kan du skicka in hela ans\u00f6kan via e-post, med digitalt foto, s\u00e5 sk\u00f6ter vi allt inklusive utskrift p\u00e5 fotopapper.<br \/>Alla foton m\u00e5ste vara p\u00e5 fotopapper. Vi kan inte anv\u00e4nda foton utskrivna p\u00e5 vanligt skrivarpapper. OBS: Endast vissa IKK-ombud kan hantera detta s\u00e5 ring eller maila i f\u00f6rv\u00e4g och fr\u00e5ga.<\/p>\n<h4>Ute i sista minuten?<\/h4>\n<p>Vissa ombud erbjuder tv\u00e5 olika expressvarianter. EXPRESS och IL-EXPRESS, som du kan f\u00e5 mot ett pristill\u00e4gg.<\/p>\n<p>EXPRESS tar max fem arbetsdagar.<br \/>IL-EXPRESS g\u00f6r vi medan du v\u00e4ntar eller skickar med v\u00e4ndande post.<br \/>IL-EXPRESS m\u00e5ste alltid f\u00f6rbokas. Vi tar inte emot spontana bes\u00f6k f\u00f6r IL-EXPRESS.<br \/>Kryssa i vilket du v\u00e4ljer i blanketten. D\u00e5 betalar du ett till\u00e4gg till k\u00f6rkortspriset, enligt nedan.<br \/><em>OBS: Inte alla lokala ombud kan erbjuda IL-EXPRESS. Kolla alltid med ditt ombud innan du best\u00e4ller IL-EXPRESS.<\/em><\/p>\n<h4>Porto etc<\/h4>\n<p>Om du redan befinner dig utomlands och beh\u00f6ver k\u00f6rkortet skickat dit m\u00e5ste du betala i f\u00f6rskott. Kontakta oss f\u00f6r instruktioner.<\/p>\n<\/p>\n<\/div>\n<p><!--more--><br \/>\n<!-- {\"type\":\"layout\",\"children\":[{\"type\":\"section\",\"props\":{\"image_position\":\"center-center\",\"style\":\"default\",\"title_breakpoint\":\"xl\",\"title_position\":\"top-left\",\"title_rotation\":\"left\",\"vertical_align\":\"middle\",\"width\":\"default\"},\"children\":[{\"type\":\"row\",\"children\":[{\"type\":\"column\",\"props\":{\"image_position\":\"center-center\",\"media_overlay_gradient\":\"\",\"position_sticky_breakpoint\":\"m\"},\"children\":[{\"type\":\"text\",\"props\":{\"column_breakpoint\":\"m\",\"content\":\"\n\n<h1>Prislista<\\\/h1>\\n\n\n<table class=\\\"uk-table uk-table-striped\\\">\\n\n\n<thead>\\n\n\n<tr>\\n\n\n<th>Typ av best\\u00e4llning<\\\/th>\\n\n\n<th>Pris<\\\/th>\\n\n\n<th>Medlemspris<\\\/th>\\n<\\\/tr>\\n<\\\/thead>\\n\n\n<tbody>\\n\n\n<tr>\\n\n\n<td>Standardbest\\u00e4llning (tar max 10 arbetsdagar)<\\\/td>\\n\n\n<td>260 kr<\\\/td>\\n\n\n<td>160 kr<\\\/td>\\n<\\\/tr>\\n\n\n<tr>\\n\n\n<td>Expressleverans (tar max 5 arbetsdagar)<\\\/td>\\n\n\n<td>560 kr<\\\/td>\\n\n\n<td>260 kr<\\\/td>\\n<\\\/tr>\\n\n\n<tr>\\n\n\n<td>IL-Express (Boka tid och f\\u00e5 kortet medan du v\\u00e4ntar eller med v\\u00e4ndande post)<\\\/td>\\n\n\n<td>660 kr<\\\/td>\\n\n\n<td>310 kr<\\\/td>\\n<\\\/tr>\\n<\\\/tbody>\\n<\\\/table>\\n\n\n<h1>Det \\u00e4r l\\u00e4tt att betala i f\\u00f6rskott<\\\/h1>\\n\n\n<p>Vi f\\u00f6redrar betalning i f\\u00f6rskott, via Swish eller bankgiro\\u00f6verf\\u00f6ring. Kolla med ditt lokala ombud vilket som passar b\\u00e4st.<\\\/p>\\n\n\n<h1>Du tj\\u00e4nar p\\u00e5 att bli MHF-medlem<\\\/h1>\\n\n\n<p>MHF arbetar mot rattfylleri, och ju fler medlemmar vi har desto mer kan vi p\\u00e5verka.<br \\\/>D\\u00e4rf\\u00f6r f\\u00e5r du en stor rabatt p\\u00e5 k\\u00f6rkortet om du passar p\\u00e5 att bli medlem. Att bli medlem kostar bara 195 kr f\\u00f6rsta \\u00e5ret (ordinarie avgift 285 kr\\\/\\u00e5r). D\\u00e5 \\u00e4r du med i kampen mot rattfylleri. V\\u00e4lj om du vill vara <em>trafiknykter<\\\/em> eller <em>helnykter<\\\/em>medlem. Som du ser i prislistan sparar du direkt en slant p\\u00e5 att bli medlem n\\u00e4r du skaffar internationellt k\\u00f6rkort. <a href=\\\"https:\\\/\\\/regioner.mhf.se\\\/vast\\\/bli-medlem\\\/\\\">L\\u00e4s mer om att bli medlem h\\u00e4r<\\\/a>.<\\\/p>\\n\n\n<h1>Till\\u00e4gg till prislistan<\\\/h1>\\n\n\n<h2>Fotografering och utskrift av foton<\\\/h2>\\n\n\n<table class=\\\"uk-table uk-table-striped\\\">\\n\n\n<thead>\\n\n\n<tr>\\n\n\n<th>Fotopriser (kolla med ditt ombud om de kan erbjuda fototj\\u00e4nster)<\\\/th>\\n\n\n<th>\\u00a0<\\\/th>\\n<\\\/tr>\\n<\\\/thead>\\n\n\n<tbody>\\n\n\n<tr>\\n\n\n<td>Utskrift av digitalt foto<\\\/td>\\n\n\n<td>50 kr<\\\/td>\\n<\\\/tr>\\n\n\n<tr>\\n\n\n<td>Fotografering och utskrift p\\u00e5 plats<\\\/td>\\n\n\n<td>150 kr<\\\/td>\\n<\\\/tr>\\n<\\\/tbody>\\n<\\\/table>\\n\n\n<h2>Leverans och porto<\\\/h2>\\n\n\n<table class=\\\"uk-table uk-table-striped\\\">\\n\n\n<thead>\\n\n\n<tr>\\n\n\n<th>Om du vill ha k\\u00f6rkortet hemskickat<\\\/th>\\n\n\n<th>Pris<\\\/th>\\n<\\\/tr>\\n<\\\/thead>\\n\n\n<tbody>\\n\n\n<tr>\\n\n\n<td>Porto inkl postf\\u00f6rskott<\\\/td>\\n\n\n<td>Postens avgift<\\\/td>\\n<\\\/tr>\\n\n\n<tr>\\n\n\n<td>Porto till utlandet<\\\/td>\\n\n\n<td>Postens avgift<\\\/td>\\n<\\\/tr>\\n<\\\/tbody>\\n<\\\/table>\\n\n\n<h4>Generella villkor f\\u00f6r internationellt k\\u00f6rkort (IKK)<\\\/h4>\\n\n\n<ol>\\n\n\n<li>Du m\\u00e5ste ha ett g\\u00e4llande svenskt k\\u00f6rkort. (Det r\\u00e4cker inte med intyg om avklarat k\\u00f6rkortsprov).<\\\/li>\\n\n\n<li>Du m\\u00e5ste ha fyllt 18 \\u00e5r.<\\\/li>\\n\n\n<li>Ditt IKK g\\u00e4ller bara f\\u00f6r de fordonsklasser som ditt svenska k\\u00f6rkort ger beh\\u00f6righet f\\u00f6r. Allts\\u00e5 samma bokst\\u00e4ver, A, B, C och s\\u00e5 vidare.<\\\/li>\\n\n\n<li>Om du ska resa till ett land som accepterar b\\u00e5de ett- och tre\\u00e5riga k\\u00f6rkort utf\\u00e4rdar vi normalt alltid ett tre\\u00e5rigt.<\\\/li>\\n\n\n<li>IKK g\\u00e4ller inte i Sverige och Norden.<\\\/li>\\n\n\n<li>Normalt beh\\u00f6ver du inget IKK inom EU.<\\\/li>\\n\n\n<li>IKK g\\u00e4ller normalt bara vid tillf\\u00e4lliga turistbes\\u00f6k i andra l\\u00e4nder. F\\u00f6r l\\u00e4ngre perioder kanske du beh\\u00f6ver ett nationellt k\\u00f6rkort som g\\u00e4ller i det land du \\u00e4r i.<\\\/li>\\n<\\\/ol>\\n\n\n<h4>Ett\\u00e5rigt eller tre\\u00e5rigt internationellt k\\u00f6rkort?<\\\/h4>\\n\n\n<p>Det finns tv\\u00e5 olika varianter av k\\u00f6rkorten, ett\\u00e5rigt och tre\\u00e5rigt. Vilket du ska ha beror p\\u00e5 vilket land du ska k\\u00f6ra bil i. Vissa l\\u00e4nder accepterar b\\u00e5da varianterna, vissa bara den ena, beroende p\\u00e5 vilka regler de har accepterat i landet. Priset \\u00e4r samma f\\u00f6r b\\u00e5da varianterna. Det \\u00e4r allts\\u00e5 inte vi som best\\u00e4mmer vilket kort du ska ha.<\\\/p>\\n\n\n<ul>\\n\n\n<li><a href=\\\"http:\\\/\\\/www.mhf.se\\\/app\\\/uploads\\\/2021\\\/11\\\/IKK-tabellen-2021-11-18.pdf\\\" target=\\\"_blank\\\" rel=\\\"noopener\\\">Se h\\u00e4r vad som g\\u00e4ller i olika l\\u00e4nder [PDF, 0.21 MB]<\\\/a><\\\/li>\\n<\\\/ul>\\n\n\n<h4>Hj\\u00e4lp med foto<\\\/h4>\\n\n\n<p>Vissa av v\\u00e5ra ombud kan hj\\u00e4lpa till med att ta ett foto av dig och skriva ut det. Till de ombuden kan du skicka in hela ans\\u00f6kan via e-post, med digitalt foto, s\\u00e5 sk\\u00f6ter vi allt inklusive utskrift p\\u00e5 fotopapper.<br \\\/>Alla foton m\\u00e5ste vara p\\u00e5 fotopapper. Vi kan inte anv\\u00e4nda foton utskrivna p\\u00e5 vanligt skrivarpapper. OBS: Endast vissa IKK-ombud kan hantera detta s\\u00e5 ring eller maila i f\\u00f6rv\\u00e4g och fr\\u00e5ga.<\\\/p>\\n\n\n<h4>Ute i sista minuten?<\\\/h4>\\n\n\n<p>Vissa ombud erbjuder tv\\u00e5 olika expressvarianter. EXPRESS och IL-EXPRESS, som du kan f\\u00e5 mot ett pristill\\u00e4gg.<\\\/p>\\n\n\n<p>EXPRESS tar max fem arbetsdagar.<br \\\/>IL-EXPRESS g\\u00f6r vi medan du v\\u00e4ntar eller skickar med v\\u00e4ndande post.<br \\\/>IL-EXPRESS m\\u00e5ste alltid f\\u00f6rbokas. Vi tar inte emot spontana bes\\u00f6k f\\u00f6r IL-EXPRESS.<br \\\/>Kryssa i vilket du v\\u00e4ljer i blanketten. D\\u00e5 betalar du ett till\\u00e4gg till k\\u00f6rkortspriset, enligt nedan.<br \\\/><em>OBS: Inte alla lokala ombud kan erbjuda IL-EXPRESS. Kolla alltid med ditt ombud innan du best\\u00e4ller IL-EXPRESS.<\\\/em><\\\/p>\\n\n\n<h4>Porto etc<\\\/h4>\\n\n\n<p>Om du redan befinner dig utomlands och beh\\u00f6ver k\\u00f6rkortet skickat dit m\\u00e5ste du betala i f\\u00f6rskott. Kontakta oss f\\u00f6r instruktioner.<\\\/p>\\n\n\n<p><\\\/p>\",\"margin\":\"default\"}}]}]}]}],\"version\":\"3.0.14\"} --><\/p>\n","protected":false},"excerpt":{"rendered":"<p>Prislista Typ av best\u00e4llning Pris Medlemspris Standardbest\u00e4llning (tar max 10 arbetsdagar) 260 kr 160 kr Expressleverans (tar max 5 arbetsdagar) 560 kr 260 kr IL-Express (Boka tid och f\u00e5 kortet medan du v\u00e4ntar eller med v\u00e4ndande post) 660 kr 310 kr Det \u00e4r l\u00e4tt att betala i f\u00f6rskott Vi f\u00f6redrar betalning i f\u00f6rskott, via Swish [&hellip;]<\/p>\n","protected":false},"author":1,"featured_media":0,"parent":0,"menu_order":0,"comment_status":"closed","ping_status":"closed","template":"","meta":{"footnotes":""},"class_list":["post-380","page","type-page","status-publish","hentry"],"acf":[],"_links":{"self":[{"href":"https:\/\/regioner.mhf.se\/vast\/wp-json\/wp\/v2\/pages\/380","targetHints":{"allow":["GET"]}}],"collection":[{"href":"https:\/\/regioner.mhf.se\/vast\/wp-json\/wp\/v2\/pages"}],"about":[{"href":"https:\/\/regioner.mhf.se\/vast\/wp-json\/wp\/v2\/types\/page"}],"author":[{"embeddable":true,"href":"https:\/\/regioner.mhf.se\/vast\/wp-json\/wp\/v2\/users\/1"}],"replies":[{"embeddable":true,"href":"https:\/\/regioner.mhf.se\/vast\/wp-json\/wp\/v2\/comments?post=380"}],"version-history":[{"count":35,"href":"https:\/\/regioner.mhf.se\/vast\/wp-json\/wp\/v2\/pages\/380\/revisions"}],"predecessor-version":[{"id":764,"href":"https:\/\/regioner.mhf.se\/vast\/wp-json\/wp\/v2\/pages\/380\/revisions\/764"}],"wp:attachment":[{"href":"https:\/\/regioner.mhf.se\/vast\/wp-json\/wp\/v2\/media?parent=380"}],"curies":[{"name":"wp","href":"https:\/\/api.w.org\/{rel}","templated":true}]}}