{"id":518,"date":"2022-03-01T07:27:25","date_gmt":"2022-03-01T06:27:25","guid":{"rendered":"https:\/\/regioner.mhf.se\/vast\/?page_id=518"},"modified":"2022-03-01T07:29:10","modified_gmt":"2022-03-01T06:29:10","slug":"ta-paus","status":"publish","type":"page","link":"https:\/\/regioner.mhf.se\/vast\/var-verksamhet\/ta-paus\/","title":{"rendered":"Ta Paus"},"content":{"rendered":"<p data-adtags-visited=\"true\">Vi vill med aktionen \u201dTa paus\u201d f\u00f6rm\u00e5 semesterfirarna att g\u00f6ra ett v\u00e4lbeh\u00f6vligt avbrott i trafiken. Det kan r\u00e4dda liv. Det finns forskning som tyder p\u00e5 att allt f\u00f6r m\u00e5nga olyckor beror p\u00e5 att f\u00f6raren har somnat bakom ratten.<\/p>\n<p data-adtags-visited=\"true\">Ut\u00f6ver att ta paus och inte k\u00f6ra f\u00f6r l\u00e5nga str\u00e4ckor f\u00e5r trafikanterna information om vikten av att h\u00e5lla sig nykter bakom ratten och vilka konsekvenserna kan bli vid rattfyllerik\u00f6rningar. Barnen g\u00e5r inte lottl\u00f6sa, utan f\u00e5r bl.a. bingobrickor som f\u00f6rstr\u00f6else under bilf\u00e4rden.<\/p>\n<p data-adtags-visited=\"true\">Efter de utv\u00e4rderingar som gjorts visar det sig att arrangemanget tagits emot mycket positivt av s\u00e5v\u00e4l bes\u00f6kare p\u00e5 rastplatserna som av MHFs funktion\u00e4rer. Detta har visat sig vara ett bra s\u00e4tt att n\u00e5 trafikanter med trafiks\u00e4kerhetsinformation.<\/p>\n<p data-adtags-visited=\"true\"><a title=\"Kontakt\" href=\"https:\/\/vast.mhf.se\/kontakt\/\">Vill du vara funktion\u00e4r i sommar med Ta paus? Kontakta Tommy Janerst\u00e5l f\u00f6r mer info.<\/a><\/p>\n","protected":false},"excerpt":{"rendered":"<p>Vi vill med aktionen \u201dTa paus\u201d f\u00f6rm\u00e5 semesterfirarna att g\u00f6ra ett v\u00e4lbeh\u00f6vligt avbrott i trafiken. Det kan r\u00e4dda liv. Det finns forskning som tyder p\u00e5 att allt f\u00f6r m\u00e5nga olyckor beror p\u00e5 att f\u00f6raren har somnat bakom ratten. Ut\u00f6ver att ta paus och inte k\u00f6ra f\u00f6r l\u00e5nga str\u00e4ckor f\u00e5r trafikanterna information om vikten av att [&hellip;]<\/p>\n","protected":false},"author":1,"featured_media":0,"parent":172,"menu_order":0,"comment_status":"closed","ping_status":"closed","template":"","meta":{"footnotes":""},"class_list":["post-518","page","type-page","status-publish","hentry"],"acf":[],"_links":{"self":[{"href":"https:\/\/regioner.mhf.se\/vast\/wp-json\/wp\/v2\/pages\/518","targetHints":{"allow":["GET"]}}],"collection":[{"href":"https:\/\/regioner.mhf.se\/vast\/wp-json\/wp\/v2\/pages"}],"about":[{"href":"https:\/\/regioner.mhf.se\/vast\/wp-json\/wp\/v2\/types\/page"}],"author":[{"embeddable":true,"href":"https:\/\/regioner.mhf.se\/vast\/wp-json\/wp\/v2\/users\/1"}],"replies":[{"embeddable":true,"href":"https:\/\/regioner.mhf.se\/vast\/wp-json\/wp\/v2\/comments?post=518"}],"version-history":[{"count":3,"href":"https:\/\/regioner.mhf.se\/vast\/wp-json\/wp\/v2\/pages\/518\/revisions"}],"predecessor-version":[{"id":521,"href":"https:\/\/regioner.mhf.se\/vast\/wp-json\/wp\/v2\/pages\/518\/revisions\/521"}],"up":[{"embeddable":true,"href":"https:\/\/regioner.mhf.se\/vast\/wp-json\/wp\/v2\/pages\/172"}],"wp:attachment":[{"href":"https:\/\/regioner.mhf.se\/vast\/wp-json\/wp\/v2\/media?parent=518"}],"curies":[{"name":"wp","href":"https:\/\/api.w.org\/{rel}","templated":true}]}}