{"id":522,"date":"2022-03-01T07:30:09","date_gmt":"2022-03-01T06:30:09","guid":{"rendered":"https:\/\/regioner.mhf.se\/vast\/?page_id=522"},"modified":"2022-03-01T07:36:16","modified_gmt":"2022-03-01T06:36:16","slug":"uppvaknandet","status":"publish","type":"page","link":"https:\/\/regioner.mhf.se\/vast\/var-verksamhet\/uppvaknandet\/","title":{"rendered":"Uppvaknandet"},"content":{"rendered":"<p>MHF Region V\u00e4sts genomf\u00f6rande av projekt \u201dUppvaknandet\u201d baseras p\u00e5 en inneh\u00e5llsrik information om alkoholhalt i olika drycker. Vi har testat informationen vid tre st\u00f6rre tillf\u00e4llen och vi har genom intervjuer tagit reda p\u00e5 hur informationen upplevts. Svaren har varit entydiga. Bra och pedagogiskt material som p\u00e5visat n\u00e5got som de flesta inte hade en aning om. En l\u00e4rare som bes\u00f6kte oss menade att det var f\u00f6rsta g\u00e5ngen han f\u00e5tt se ett pedagogiskt material i detta \u00e4mne.<\/p>\n<p data-adtags-visited=\"true\"><strong>M\u00e5ls\u00e4ttning:<\/strong><\/p>\n<ul>\n<li>Att minska totalkonsumtionen av alkohol i Sverige<\/li>\n<li>Att minska rattfylleriet<\/li>\n<li>En minskad utslagning i arbetslivet<\/li>\n<li>Att f\u00f6rb\u00e4ttra folkh\u00e4lsan<\/li>\n<li>Att minska v\u00e5ldet i samh\u00e4llet<\/li>\n<\/ul>\n<p data-adtags-visited=\"true\"><strong>M\u00e5lgrupper:<\/strong><\/p>\n<ul>\n<li>Gymnasieelever<\/li>\n<li>Elever p\u00e5 trafikskolor<\/li>\n<li>Bes\u00f6kare p\u00e5 m\u00e4ssor, varuhus, torgdagar och trafikdagar<\/li>\n<li>Milit\u00e4ren<\/li>\n<li>\u201dTa Paus\u201d-aktivitet p\u00e5 rastplatser<\/li>\n<li>Folkh\u00e4lsotorgen p\u00e5 apoteken.<\/li>\n<\/ul>\n<p data-adtags-visited=\"true\"><strong>Genomf\u00f6rande<\/strong><\/p>\n<p data-adtags-visited=\"true\">Att med hj\u00e4lp av upplevelsematerialet konkret p\u00e5visa f\u00f6r deltagare m\u00e4ngden ren alkohol i drycker som ofta f\u00f6rt\u00e4rs. Materialet \u00e4r redan producerat och finns ute.<\/p>\n<p data-adtags-visited=\"true\">Hj\u00e4lp oss att med din medverkan n\u00e5 uppst\u00e4llda m\u00e5l och du g\u00f6r ett arbete f\u00f6r b\u00e4ttre folkh\u00e4lsa och trafiknykterhet i V\u00e4stra G\u00f6taland.<\/p>\n<p data-adtags-visited=\"true\"><strong>Har Du fr\u00e5gor? Kontakta oss:<\/strong><\/p>\n<p data-adtags-visited=\"true\">MHF Region V\u00e4st<br \/>\n033-10 44 30\u00a0eller 0706-21 27 20<br \/>\nE-post: <a href=\"mailto:vast@mhf.se\">vast@mhf.se<\/a><\/p>\n","protected":false},"excerpt":{"rendered":"<p>MHF Region V\u00e4sts genomf\u00f6rande av projekt \u201dUppvaknandet\u201d baseras p\u00e5 en inneh\u00e5llsrik information om alkoholhalt i olika drycker. Vi har testat informationen vid tre st\u00f6rre tillf\u00e4llen och vi har genom intervjuer tagit reda p\u00e5 hur informationen upplevts. Svaren har varit entydiga. Bra och pedagogiskt material som p\u00e5visat n\u00e5got som de flesta inte hade en aning om. [&hellip;]<\/p>\n","protected":false},"author":1,"featured_media":524,"parent":172,"menu_order":0,"comment_status":"closed","ping_status":"closed","template":"","meta":{"footnotes":""},"class_list":["post-522","page","type-page","status-publish","has-post-thumbnail","hentry"],"acf":[],"_links":{"self":[{"href":"https:\/\/regioner.mhf.se\/vast\/wp-json\/wp\/v2\/pages\/522","targetHints":{"allow":["GET"]}}],"collection":[{"href":"https:\/\/regioner.mhf.se\/vast\/wp-json\/wp\/v2\/pages"}],"about":[{"href":"https:\/\/regioner.mhf.se\/vast\/wp-json\/wp\/v2\/types\/page"}],"author":[{"embeddable":true,"href":"https:\/\/regioner.mhf.se\/vast\/wp-json\/wp\/v2\/users\/1"}],"replies":[{"embeddable":true,"href":"https:\/\/regioner.mhf.se\/vast\/wp-json\/wp\/v2\/comments?post=522"}],"version-history":[{"count":3,"href":"https:\/\/regioner.mhf.se\/vast\/wp-json\/wp\/v2\/pages\/522\/revisions"}],"predecessor-version":[{"id":526,"href":"https:\/\/regioner.mhf.se\/vast\/wp-json\/wp\/v2\/pages\/522\/revisions\/526"}],"up":[{"embeddable":true,"href":"https:\/\/regioner.mhf.se\/vast\/wp-json\/wp\/v2\/pages\/172"}],"wp:featuredmedia":[{"embeddable":true,"href":"https:\/\/regioner.mhf.se\/vast\/wp-json\/wp\/v2\/media\/524"}],"wp:attachment":[{"href":"https:\/\/regioner.mhf.se\/vast\/wp-json\/wp\/v2\/media?parent=522"}],"curies":[{"name":"wp","href":"https:\/\/api.w.org\/{rel}","templated":true}]}}