{"id":527,"date":"2022-03-01T07:37:28","date_gmt":"2022-03-01T06:37:28","guid":{"rendered":"https:\/\/regioner.mhf.se\/vast\/?page_id=527"},"modified":"2022-03-01T07:41:04","modified_gmt":"2022-03-01T06:41:04","slug":"trafiknykterhetens-dag","status":"publish","type":"page","link":"https:\/\/regioner.mhf.se\/vast\/var-verksamhet\/trafiknykterhetens-dag\/","title":{"rendered":"Trafiknykterhetens dag"},"content":{"rendered":"<p data-adtags-visited=\"true\">Denna viktiga dag behandlar \u00e4mnet rattfylleri p\u00e5 flera olika s\u00e4tt. Vi minns dem som d\u00f6tt p\u00e5 grund av alkohol i trafiken, vi t\u00e4nker p\u00e5 dem som skadas sv\u00e5rt varje \u00e5r och vi diskuterar vad som kan g\u00f6ras f\u00f6r att minska rattfylleriet. Tillsammans g\u00f6r vi dagen till en stor landsomfattande manifestation som inte kan undg\u00e5 n\u00e5gon med marschaller och informationsst\u00e5nd.<\/p>\n<p data-adtags-visited=\"true\"><em>DAGEN SOM SK\u00c4NKER EN TANKE TILL DIG SOM \u00c4R DRABBAD AV RATTFYLLERI<\/em><\/p>\n<p data-adtags-visited=\"true\">Trafiknykterhetens \u00e4r en dag d\u00e5 hela Sverige sk\u00e4nker en tanke till alla de som drabbats av rattfylleriolyckor och deras anh\u00f6riga. Ljusmanifestationer \u00e4ger rum i hela landet och p\u00e5 nyheterna talar man om rattfylleriproblematiken och dess konsekvenser i Sverige under hela dagen. Dessutom genomf\u00f6r polisen denna onsdag en storsatsning med extra trafiknykterhetskontroller i hela Sverige.<\/p>\n<p data-adtags-visited=\"true\">I region V\u00e4st \u00e4r vi alltid aktiva under denna dag p\u00e5 flera platser runtom i regionen. Trafiknykterhetens dag \u00e4r m\u00f6jlig att g\u00f6ra \u00e5r efter \u00e5r tack vare alla fantastiska ideella funktion\u00e4rer. Vill du vara med som funktion\u00e4r under Trafiknykterhetens dag nu i maj?<\/p>\n<p data-adtags-visited=\"true\"><a title=\"Kontakt\" href=\"https:\/\/vast.mhf.se\/kontakt\/\">H\u00f6r av dig till Tommy Janerst\u00e5l f\u00f6r mer info.<\/a><\/p>\n","protected":false},"excerpt":{"rendered":"<p>Denna viktiga dag behandlar \u00e4mnet rattfylleri p\u00e5 flera olika s\u00e4tt. Vi minns dem som d\u00f6tt p\u00e5 grund av alkohol i trafiken, vi t\u00e4nker p\u00e5 dem som skadas sv\u00e5rt varje \u00e5r och vi diskuterar vad som kan g\u00f6ras f\u00f6r att minska rattfylleriet. Tillsammans g\u00f6r vi dagen till en stor landsomfattande manifestation som inte kan undg\u00e5 n\u00e5gon [&hellip;]<\/p>\n","protected":false},"author":1,"featured_media":529,"parent":172,"menu_order":0,"comment_status":"closed","ping_status":"closed","template":"","meta":{"footnotes":""},"class_list":["post-527","page","type-page","status-publish","has-post-thumbnail","hentry"],"acf":[],"_links":{"self":[{"href":"https:\/\/regioner.mhf.se\/vast\/wp-json\/wp\/v2\/pages\/527","targetHints":{"allow":["GET"]}}],"collection":[{"href":"https:\/\/regioner.mhf.se\/vast\/wp-json\/wp\/v2\/pages"}],"about":[{"href":"https:\/\/regioner.mhf.se\/vast\/wp-json\/wp\/v2\/types\/page"}],"author":[{"embeddable":true,"href":"https:\/\/regioner.mhf.se\/vast\/wp-json\/wp\/v2\/users\/1"}],"replies":[{"embeddable":true,"href":"https:\/\/regioner.mhf.se\/vast\/wp-json\/wp\/v2\/comments?post=527"}],"version-history":[{"count":3,"href":"https:\/\/regioner.mhf.se\/vast\/wp-json\/wp\/v2\/pages\/527\/revisions"}],"predecessor-version":[{"id":531,"href":"https:\/\/regioner.mhf.se\/vast\/wp-json\/wp\/v2\/pages\/527\/revisions\/531"}],"up":[{"embeddable":true,"href":"https:\/\/regioner.mhf.se\/vast\/wp-json\/wp\/v2\/pages\/172"}],"wp:featuredmedia":[{"embeddable":true,"href":"https:\/\/regioner.mhf.se\/vast\/wp-json\/wp\/v2\/media\/529"}],"wp:attachment":[{"href":"https:\/\/regioner.mhf.se\/vast\/wp-json\/wp\/v2\/media?parent=527"}],"curies":[{"name":"wp","href":"https:\/\/api.w.org\/{rel}","templated":true}]}}