{"id":6,"date":"2026-03-15T12:12:04","date_gmt":"2026-03-15T11:12:04","guid":{"rendered":"https:\/\/regioner.mhf.se\/vast\/?page_id=6"},"modified":"2026-03-15T13:10:53","modified_gmt":"2026-03-15T12:10:53","slug":"start","status":"publish","type":"page","link":"https:\/\/regioner.mhf.se\/vast\/","title":{"rendered":"MHF Region V\u00e4st"},"content":{"rendered":"<hr>\n<div>\n<p>Vi h\u00e5ller p\u00e5 att avsluta en vacker sommar med m\u00e5nga aktiviter i v\u00e5r region. Snart kommer mer information med rapporter och planer f\u00f6r sista kvartalet i \u00e5r<\/p>\n<\/div>\n<div>\n<\/div>\n<p>\n    <a href=\"https:\/\/www.mhf.se\/nyheter\/\">MHF nyheter<\/a>\n<\/p>\n<div><iframe loading=\"lazy\" src=\"https:\/\/www.facebook.com\/plugins\/page.php?href=https%3A%2F%2Fwww.facebook.com%2FTrafiknykter&#038;tabs=timeline&#038;width=280&#038;height=500&#038;small_header=true&#038;adapt_container_width=true&#038;hide_cover=false&#038;show_facepile=false&#038;appId=476819850225619\" width=\"280\" height=\"500\" style=\"border:none;overflow:hidden\" scrolling=\"no\" frameborder=\"0\" allowfullscreen=\"true\" allow=\"autoplay; clipboard-write; encrypted-media; picture-in-picture; web-share\"><\/iframe><\/div>\n<div>\n<p>V\u00e5ra avdelningar<\/p>\n<\/div>\n<p>\n    <a href=\"\/vast\/start\/sodra-halland\/\">S\u00f6dra Halland<\/a>\n<\/p>\n<h2>Kalender<\/h2>\n<div>\n<\/div>\n<p>\n    <a href=\"\/vast\/kalender\/\">Alla arrangemang<\/a>\n<\/p>\n<h2>Nyheter fr\u00e5n mhf.se<\/h2>\n<p><!--more--><br \/>\n<!-- {\"type\":\"layout\",\"children\":[{\"type\":\"section\",\"props\":{\"image_position\":\"center-center\",\"padding_remove_top\":false,\"preserve_color\":true,\"style\":\"primary\",\"title_breakpoint\":\"xl\",\"title_position\":\"top-left\",\"title_rotation\":\"left\",\"vertical_align\":\"middle\",\"width\":\"default\"},\"children\":[{\"type\":\"row\",\"children\":[{\"type\":\"column\",\"props\":{\"image_position\":\"center-center\",\"media_overlay_gradient\":\"\",\"position_sticky_breakpoint\":\"m\"},\"children\":[{\"type\":\"breadcrumbs\",\"props\":{\"home_text\":\"Start\",\"margin\":\"small\",\"margin_remove_bottom\":false,\"margin_remove_top\":false,\"show_current\":true,\"show_home\":true}},{\"type\":\"headline\",\"props\":{\"margin_remove_top\":true,\"title_element\":\"h1\"},\"source\":{\"query\":{\"name\":\"pages.singlePage\"},\"props\":{\"content\":{\"filters\":{\"search\":\"\"},\"name\":\"title\"}}}},{\"type\":\"text\",\"props\":{\"column_breakpoint\":\"m\",\"margin\":\"default\",\"maxwidth\":\"2xlarge\",\"text_style\":\"lead\"},\"source\":{\"query\":{\"name\":\"grundinformation.customGrundinformation\",\"arguments\":{\"offset\":0,\"limit\":1,\"order\":\"date\",\"order_direction\":\"DESC\",\"users\":[],\"users_operator\":\"IN\"}},\"props\":{\"content\":{\"filters\":{\"search\":\"\"},\"name\":\"field.om_mhf\"}}}},{\"type\":\"divider\",\"props\":{\"divider_element\":\"hr\"}},{\"type\":\"text\",\"props\":{\"column_breakpoint\":\"m\",\"content\":\"\n\n<p>Vi h\\u00e5ller p\\u00e5 att avsluta en vacker sommar med m\\u00e5nga aktiviter i v\\u00e5r region. Snart kommer mer information med rapporter och planer f\\u00f6r sista kvartalet i \\u00e5r<\\\/p>\",\"margin\":\"default\"}}]}]}],\"name\":\"Header\"},{\"type\":\"section\",\"props\":{\"image_position\":\"center-center\",\"style\":\"default\",\"title_breakpoint\":\"xl\",\"title_position\":\"top-left\",\"title_rotation\":\"left\",\"vertical_align\":\"middle\",\"width\":\"default\"},\"children\":[{\"type\":\"row\",\"children\":[{\"type\":\"column\",\"props\":{\"image_position\":\"center-center\",\"media_overlay_gradient\":\"\",\"position_sticky_breakpoint\":\"m\",\"width_medium\":\"3-4\"},\"children\":[{\"type\":\"grid\",\"props\":{\"content_column_breakpoint\":\"m\",\"filter_align\":\"left\",\"filter_all\":true,\"filter_grid_breakpoint\":\"m\",\"filter_grid_width\":\"auto\",\"filter_position\":\"top\",\"filter_style\":\"tab\",\"grid_default\":\"1\",\"grid_medium\":\"3\",\"grid_small\":\"2\",\"icon_width\":80,\"image_align\":\"top\",\"image_grid_breakpoint\":\"m\",\"image_grid_width\":\"1-2\",\"image_svg_color\":\"emphasis\",\"item_animation\":true,\"link_style\":\"default\",\"link_text\":\">\",\"margin\":\"default\",\"meta_align\":\"below-title\",\"meta_element\":\"div\",\"meta_margin\":\"remove\",\"meta_style\":\"text-meta\",\"panel_image_no_padding\":true,\"panel_link\":true,\"panel_padding\":\"small\",\"panel_style\":\"card-default\",\"parallax_easing\":\"1\",\"show_content\":true,\"show_image\":true,\"show_link\":true,\"show_meta\":true,\"show_title\":true,\"title_align\":\"top\",\"title_element\":\"h3\",\"title_grid_breakpoint\":\"m\",\"title_grid_width\":\"1-2\",\"title_hover_style\":\"reset\"},\"children\":[{\"type\":\"grid_item\",\"source\":{\"query\":{\"name\":\"posts.customPosts\",\"arguments\":{\"terms\":[],\"offset\":0,\"limit\":10,\"order\":\"date\",\"order_direction\":\"DESC\"}},\"props\":{\"title\":{\"filters\":{\"search\":\"\"},\"name\":\"title\"},\"meta\":{\"filters\":{\"search\":\"\",\"date\":\"\"},\"name\":\"date\"},\"content\":{\"filters\":{\"search\":\"\"},\"name\":\"field.kort_version\"},\"image\":{\"filters\":{\"search\":\"\"},\"name\":\"featuredImage.url\"},\"link\":{\"filters\":{\"search\":\"\"},\"name\":\"link\"},\"_condition\":{\"filters\":{\"condition\":\"!~=\",\"condition_value\":\"Fokus\"},\"arguments\":{\"separator\":\", \",\"show_link\":true,\"link_style\":\"\"},\"name\":\"categoryString\"}}}}]},{\"type\":\"button\",\"props\":{\"grid_column_gap\":\"small\",\"grid_row_gap\":\"small\",\"margin\":\"default\",\"text_align\":\"center\"},\"children\":[{\"type\":\"button_item\",\"props\":{\"button_style\":\"primary\",\"content\":\"MHF nyheter\",\"icon_align\":\"left\",\"link\":\"https:\\\/\\\/www.mhf.se\\\/nyheter\\\/\"}}]}]},{\"type\":\"column\",\"props\":{\"image_position\":\"center-center\",\"media_overlay_gradient\":\"\",\"position_sticky_breakpoint\":\"m\",\"width_medium\":\"1-4\"},\"children\":[{\"type\":\"text\",\"props\":{\"column_breakpoint\":\"m\",\"content\":\"<iframe src=\\\"https:\\\/\\\/www.facebook.com\\\/plugins\\\/page.php?href=https%3A%2F%2Fwww.facebook.com%2FTrafiknykter&tabs=timeline&width=280&height=500&small_header=true&adapt_container_width=true&hide_cover=false&show_facepile=false&appId=476819850225619\\\" width=\\\"280\\\" height=\\\"500\\\" style=\\\"border:none;overflow:hidden\\\" scrolling=\\\"no\\\" frameborder=\\\"0\\\" allowfullscreen=\\\"true\\\" allow=\\\"autoplay; clipboard-write; encrypted-media; picture-in-picture; web-share\\\"><\\\/iframe>\",\"margin\":\"default\"},\"source\":{\"query\":{\"name\":\"grundinformation.customGrundinformation\",\"arguments\":{\"offset\":0,\"limit\":1,\"order\":\"date\",\"order_direction\":\"DESC\",\"users\":[],\"users_operator\":\"IN\"}},\"props\":{\"_condition\":{\"filters\":{\"condition\":\"=\",\"condition_value\":\"Ja\"},\"arguments\":{\"separator\":\", \"},\"name\":\"field.visa_facebooksida_string.value\"}}}},{\"type\":\"text\",\"props\":{\"column_breakpoint\":\"m\",\"content\":\"\n\n<p>V\\u00e5ra avdelningar<\\\/p>\",\"margin\":\"default\"}},{\"type\":\"button\",\"props\":{\"grid_column_gap\":\"small\",\"grid_row_gap\":\"small\",\"margin\":\"default\"},\"children\":[{\"type\":\"button_item\",\"props\":{\"button_style\":\"default\",\"content\":\"S\\u00f6dra Halland\",\"icon_align\":\"left\",\"link\":\"start\\\/sodra-halland\\\/\",\"link_title\":\"Se vad vi i Halland hittar p\\u00e5 under \\u00e5ret 2023\"}}]}]}],\"props\":{\"layout\":\"3-4,1-4\"}}],\"name\":\"Nyheter\"},{\"type\":\"section\",\"props\":{\"image_position\":\"center-center\",\"style\":\"muted\",\"title_breakpoint\":\"xl\",\"title_position\":\"top-left\",\"title_rotation\":\"left\",\"vertical_align\":\"middle\",\"width\":\"default\"},\"children\":[{\"type\":\"row\",\"children\":[{\"type\":\"column\",\"props\":{\"image_position\":\"center-center\",\"media_overlay_gradient\":\"\",\"position_sticky_breakpoint\":\"m\"},\"children\":[{\"type\":\"headline\",\"props\":{\"content\":\"Kalender\",\"css\":\".el-element:after {\\n\\tcontent: \\\"\\\";\\n\\tmargin-top: 10px;\\n    display: block;\\n    height: 2px;\\n    width: 24px;\\n    bottom: -5px;\\n    left: 0;\\n    background: #333;\\n}\",\"title_element\":\"h2\"}},{\"type\":\"grid\",\"props\":{\"content_column_breakpoint\":\"m\",\"filter_align\":\"left\",\"filter_all\":true,\"filter_grid_breakpoint\":\"m\",\"filter_grid_width\":\"auto\",\"filter_position\":\"top\",\"filter_style\":\"tab\",\"grid_default\":\"1\",\"grid_medium\":\"\",\"grid_small\":\"3\",\"icon_width\":\"40\",\"image_align\":\"left\",\"image_grid_breakpoint\":\"m\",\"image_grid_column_gap\":\"small\",\"image_grid_width\":\"auto\",\"image_svg_color\":\"emphasis\",\"item_animation\":true,\"link_style\":\"default\",\"link_text\":\"\",\"margin\":\"default\",\"meta_align\":\"below-title\",\"meta_element\":\"div\",\"meta_margin\":\"small\",\"meta_style\":\"text-meta\",\"parallax_easing\":\"1\",\"show_content\":true,\"show_image\":true,\"show_link\":true,\"show_meta\":true,\"show_title\":true,\"title_align\":\"top\",\"title_element\":\"h3\",\"title_grid_breakpoint\":\"m\",\"title_grid_width\":\"1-2\",\"title_hover_style\":\"reset\",\"title_link\":true,\"title_margin\":\"remove\"},\"children\":[{\"type\":\"grid_item\",\"props\":{\"icon\":\"\"},\"source\":{\"query\":{\"name\":\"arrangemang.customArrangemang\",\"arguments\":{\"terms\":[],\"offset\":0,\"limit\":3,\"order\":\"field:datum\",\"order_direction\":\"ASC\"}},\"props\":{\"title\":{\"filters\":{\"search\":\"\"},\"name\":\"title\"},\"meta\":{\"filters\":{\"search\":\"\",\"date\":\"\"},\"name\":\"field.datum\"},\"link\":{\"filters\":{\"search\":\"\"},\"name\":\"link\"}}}}]},{\"type\":\"button\",\"props\":{\"grid_column_gap\":\"small\",\"grid_row_gap\":\"small\",\"margin\":\"default\",\"text_align\":\"center\"},\"children\":[{\"type\":\"button_item\",\"props\":{\"button_style\":\"primary\",\"content\":\"Alla arrangemang\",\"icon_align\":\"left\",\"link\":\"kalender\\\/\"}}]}]}]}],\"name\":\"Kalender\",\"modified\":\"2021-04-30T12:45:41.010Z\"},{\"type\":\"section\",\"props\":{\"css\":\".el-section {\\n    background: #387FD4;\\n}\",\"image_position\":\"center-center\",\"padding_remove_top\":false,\"preserve_color\":true,\"status\":\"\",\"style\":\"primary\",\"title_breakpoint\":\"xl\",\"title_position\":\"top-left\",\"title_rotation\":\"left\",\"vertical_align\":\"middle\",\"width\":\"default\"},\"children\":[{\"type\":\"row\",\"children\":[{\"type\":\"column\",\"props\":{\"image_position\":\"center-center\",\"media_overlay_gradient\":\"\",\"position_sticky_breakpoint\":\"m\"},\"children\":[{\"type\":\"headline\",\"props\":{\"class\":\"\",\"content\":\"Nyheter fr\\u00e5n mhf.se\",\"css\":\".el-element {\\n    color: #fff;\\n}\\n\\n.el-element:after {\\n\\tcontent: \\\"\\\";\\n\\tmargin-top: 10px;\\n    display: block;\\n    height: 2px;\\n    width: 24px;\\n    bottom: -5px;\\n    left: 0;\\n    background: #fff;\\n}\",\"title_element\":\"h2\"}},{\"type\":\"widgetkit\",\"props\":{\"css\":\".uk-article-meta {\\n    display: hidden;\\n}\",\"link_style\":\"default\",\"margin\":\"default\",\"title_decoration\":\"bullet\",\"title_element\":\"h2\",\"title_style\":\"h3\",\"widget\":\"1\"}}]}]}],\"name\":\"Nyheter fr\\u00e5n mhf.se\",\"modified\":\"2021-04-30T12:45:23.657Z\"}],\"version\":\"3.0.14\"} --><\/p>\n","protected":false},"excerpt":{"rendered":"<p>Vi h\u00e5ller p\u00e5 att avsluta en vacker sommar med m\u00e5nga aktiviter i v\u00e5r region. Snart kommer mer information med rapporter och planer f\u00f6r sista kvartalet i \u00e5r MHF nyheter V\u00e5ra avdelningar S\u00f6dra Halland Kalender Alla arrangemang Nyheter fr\u00e5n mhf.se<\/p>\n","protected":false},"author":6,"featured_media":0,"parent":0,"menu_order":0,"comment_status":"closed","ping_status":"closed","template":"","meta":{"footnotes":""},"class_list":["post-6","page","type-page","status-publish","hentry"],"acf":[],"_links":{"self":[{"href":"https:\/\/regioner.mhf.se\/vast\/wp-json\/wp\/v2\/pages\/6","targetHints":{"allow":["GET"]}}],"collection":[{"href":"https:\/\/regioner.mhf.se\/vast\/wp-json\/wp\/v2\/pages"}],"about":[{"href":"https:\/\/regioner.mhf.se\/vast\/wp-json\/wp\/v2\/types\/page"}],"author":[{"embeddable":true,"href":"https:\/\/regioner.mhf.se\/vast\/wp-json\/wp\/v2\/users\/6"}],"replies":[{"embeddable":true,"href":"https:\/\/regioner.mhf.se\/vast\/wp-json\/wp\/v2\/comments?post=6"}],"version-history":[{"count":32,"href":"https:\/\/regioner.mhf.se\/vast\/wp-json\/wp\/v2\/pages\/6\/revisions"}],"predecessor-version":[{"id":896,"href":"https:\/\/regioner.mhf.se\/vast\/wp-json\/wp\/v2\/pages\/6\/revisions\/896"}],"wp:attachment":[{"href":"https:\/\/regioner.mhf.se\/vast\/wp-json\/wp\/v2\/media?parent=6"}],"curies":[{"name":"wp","href":"https:\/\/api.w.org\/{rel}","templated":true}]}}