{"id":666,"date":"2025-12-02T21:21:10","date_gmt":"2025-12-02T20:21:10","guid":{"rendered":"https:\/\/regioner.mhf.se\/vast\/?page_id=666"},"modified":"2025-12-02T21:24:03","modified_gmt":"2025-12-02T20:24:03","slug":"sodra-halland","status":"publish","type":"page","link":"https:\/\/regioner.mhf.se\/vast\/start\/sodra-halland\/","title":{"rendered":"MHF S\u00f6dra Halland Aktiviteter"},"content":{"rendered":"<h1>\n<h3><span style=\"font-weight: 400;\">MHF S\u00f6dra Halland<br \/><\/span><\/h3>\n<p><span style=\"font-weight: 400;\">Vi \u00e4r en Avdelning som best\u00e5r av kommunerna Laholm, Halmstad, Falkenberg samt Hyltebruk.<br \/>V\u00e5r ordf\u00f6rande \u00e4r Angelica Ljung 0702515706 och v\u00e5r kontakt \u00e4r : <a href=\"mailto:sodrahalland@vast.mhf.se\">sodrahalland@vast.mhf.se<\/a>\u00a0<\/span><\/h1>\n<h1>N\u00e4sta aktivitet i MHF S\u00f6dra Halland<\/h1>\n<div>\n<p>Vi\u00a0 har nu avslutat \u00e5ret och kan l\u00e4gga 2025 till arkivet med tv\u00e5 bra tillst\u00e4llningar med m\u00e5nga bes\u00f6kare.<\/p>\n<\/p>\n<p>Se v\u00e5ra rapporter h\u00e4r under :<\/p>\n<p><a href=\"https:\/\/regioner.mhf.se\/vast\/wp-content\/uploads\/sites\/7\/2025\/12\/2025-09-06-Tagdagarna-rapport.pdf\">T\u00e5gdagarna 2025<\/a><\/p>\n<p><a href=\"https:\/\/regioner.mhf.se\/vast\/wp-content\/uploads\/sites\/7\/2025\/12\/2025-10-18-SH-Kristineheds-gymnasiumet-rapport.pdf\">Kristineheds gymnasiet &#8211; \u00f6ppet hus med utst\u00e4llning<\/a><\/p>\n<\/p>\n<p>Vi sitter och summera samtidigt som en plan inf\u00f6r \u00e5rsm\u00f6tet i slutet av januari planeras.<\/p>\n<p>Har ni n\u00e5gon id\u00e9 vart vi kan dyka upp med kunskap i S\u00f6dra Halland under sommaren 2026 s\u00e5 h\u00f6r av till styrelsen.<\/p>\n<\/p>\n<\/div>\n<p><img decoding=\"async\" src=\"\/vast\/wp-content\/uploads\/sites\/7\/2022\/08\/mhf-logo-vast.png\" alt=\"\"><br \/>\n<img decoding=\"async\" src=\"\/vast\/wp-content\/uploads\/sites\/7\/2025\/12\/kristineheds-gym2025-scaled.jpg\" alt=\"\"><\/p>\n<ul>\n<li>\n        <a href=\"\/vast\/mhf-sodra-halland-2023\/\">Titta vad vi gjorde under  2023<\/a>\n    <\/li>\n<li>\n        <a href=\"\/vast\/mhf-sodra-halland-2024\/\">Titta vad vi gjorde under 2024<\/a>\n    <\/li>\n<\/ul>\n<div>\n<p>Vi i MHF S\u00f6dra Halland tillsammans skapar merv\u00e4rde bland medlemmar och har roligt ut p\u00e5 aktivisterna.<\/p>\n<p>Har vi fr\u00e5gor s\u00e5 mejla dom till <a href=\"mailto:SODRAHALLAND@VAST.MHF.SE\">SODRAHALLAND@VAST.MHF.SE\u00a0<\/a><\/p>\n<\/p>\n<p>I samverkan skapar vi f\u00f6r\u00e4ndring p\u00e5 nykterhetens front inom trafiks\u00e4kerheten.<\/p>\n<\/p>\n<\/div>\n<p><!--more--><br \/>\n<!-- {\"type\":\"layout\",\"children\":[{\"type\":\"section\",\"props\":{\"image_position\":\"center-center\",\"style\":\"default\",\"title_breakpoint\":\"xl\",\"title_position\":\"top-left\",\"title_rotation\":\"left\",\"vertical_align\":\"middle\",\"width\":\"default\"},\"children\":[{\"type\":\"row\",\"children\":[{\"type\":\"column\",\"props\":{\"image_position\":\"center-center\",\"media_overlay_gradient\":\"\",\"position_sticky_breakpoint\":\"m\"},\"children\":[{\"type\":\"headline\",\"props\":{\"content\":\"\n\n<h3><span style=\\\"font-weight: 400;\\\">MHF S\\u00f6dra Halland<br \\\/><\\\/span><\\\/h3>\\n<span style=\\\"font-weight: 400;\\\">Vi \\u00e4r en Avdelning som best\\u00e5r av kommunerna Laholm, Halmstad, Falkenberg samt Hyltebruk.<br \\\/>V\\u00e5r ordf\\u00f6rande \\u00e4r Angelica Ljung 0702515706 och v\\u00e5r kontakt \\u00e4r : <a href=\\\"mailto:sodrahalland@vast.mhf.se\\\">sodrahalland@vast.mhf.se<\\\/a>\\u00a0<\\\/span>\",\"title_element\":\"h1\"}},{\"type\":\"headline\",\"props\":{\"content\":\"N\\u00e4sta aktivitet i MHF S\\u00f6dra Halland\",\"title_element\":\"h1\"}},{\"type\":\"text\",\"props\":{\"column_breakpoint\":\"m\",\"content\":\"\n\n<p>Vi\\u00a0 har nu avslutat \\u00e5ret och kan l\\u00e4gga 2025 till arkivet med tv\\u00e5 bra tillst\\u00e4llningar med m\\u00e5nga bes\\u00f6kare.<\\\/p>\\n\n\n<p><\\\/p>\\n\n\n<p>Se v\\u00e5ra rapporter h\\u00e4r under :<\\\/p>\\n\n\n<p><a href=\\\"https:\\\/\\\/regioner.mhf.se\\\/vast\\\/wp-content\\\/uploads\\\/sites\\\/7\\\/2025\\\/12\\\/2025-09-06-Tagdagarna-rapport.pdf\\\">T\\u00e5gdagarna 2025<\\\/a><\\\/p>\\n\n\n<p><a href=\\\"https:\\\/\\\/regioner.mhf.se\\\/vast\\\/wp-content\\\/uploads\\\/sites\\\/7\\\/2025\\\/12\\\/2025-10-18-SH-Kristineheds-gymnasiumet-rapport.pdf\\\">Kristineheds gymnasiet - \\u00f6ppet hus med utst\\u00e4llning<\\\/a><\\\/p>\\n\n\n<p><\\\/p>\\n\n\n<p>Vi sitter och summera samtidigt som en plan inf\\u00f6r \\u00e5rsm\\u00f6tet i slutet av januari planeras.<\\\/p>\\n\n\n<p>Har ni n\\u00e5gon id\\u00e9 vart vi kan dyka upp med kunskap i S\\u00f6dra Halland under sommaren 2026 s\\u00e5 h\\u00f6r av till styrelsen.<\\\/p>\\n\n\n<p><\\\/p>\",\"margin\":\"default\"}},{\"type\":\"image\",\"props\":{\"image\":\"wp-content\\\/uploads\\\/sites\\\/7\\\/2022\\\/08\\\/mhf-logo-vast.png\",\"image_svg_color\":\"emphasis\",\"margin\":\"default\"}},{\"type\":\"image\",\"props\":{\"image\":\"wp-content\\\/uploads\\\/sites\\\/7\\\/2025\\\/12\\\/kristineheds-gym2025-scaled.jpg\",\"image_svg_color\":\"emphasis\",\"margin\":\"default\"}},{\"type\":\"button\",\"props\":{\"grid_column_gap\":\"small\",\"grid_row_gap\":\"small\",\"margin\":\"default\"},\"children\":[{\"type\":\"button_item\",\"props\":{\"button_style\":\"primary\",\"content\":\"Titta vad vi gjorde under  2023\",\"icon\":\"h\\u00e4nde detta 2023\",\"icon_align\":\"left\",\"link\":\"mhf-sodra-halland-2023\\\/\",\"link_target\":\"blank\",\"link_title\":\"klicka f\\u00f6r MHF SH 2023\"}},{\"type\":\"button_item\",\"props\":{\"button_style\":\"default\",\"content\":\"Titta vad vi gjorde under 2024\",\"icon_align\":\"left\",\"link\":\"mhf-sodra-halland-2024\\\/\",\"link_title\":\"Se vad gjorde S\\u00f6dra Halland under \\u00e5ret 2024\"}}]},{\"type\":\"text\",\"props\":{\"column_breakpoint\":\"m\",\"content\":\"\n\n<p>Vi i MHF S\\u00f6dra Halland tillsammans skapar merv\\u00e4rde bland medlemmar och har roligt ut p\\u00e5 aktivisterna.<\\\/p>\\n\n\n<p>Har vi fr\\u00e5gor s\\u00e5 mejla dom till <a href=\\\"mailto:SODRAHALLAND@VAST.MHF.SE\\\">SODRAHALLAND@VAST.MHF.SE\\u00a0<\\\/a><\\\/p>\\n\n\n<p><\\\/p>\\n\n\n<p>I samverkan skapar vi f\\u00f6r\\u00e4ndring p\\u00e5 nykterhetens front inom trafiks\\u00e4kerheten.<\\\/p>\\n\n\n<p><\\\/p>\",\"margin\":\"default\"}}]}]}]},{\"type\":\"section\",\"props\":{\"image_position\":\"center-center\",\"style\":\"default\",\"title_breakpoint\":\"xl\",\"title_position\":\"top-left\",\"title_rotation\":\"left\",\"vertical_align\":\"middle\",\"width\":\"default\"},\"children\":[{\"type\":\"row\",\"children\":[{\"type\":\"column\",\"props\":{\"image_position\":\"center-center\",\"media_overlay_gradient\":\"\",\"position_sticky_breakpoint\":\"m\"},\"children\":[]}]}]}],\"version\":\"3.0.14\"} --><\/p>\n","protected":false},"excerpt":{"rendered":"<p>MHF S\u00f6dra Halland Vi \u00e4r en Avdelning som best\u00e5r av kommunerna Laholm, Halmstad, Falkenberg samt Hyltebruk.V\u00e5r ordf\u00f6rande \u00e4r Angelica Ljung 0702515706 och v\u00e5r kontakt \u00e4r : sodrahalland@vast.mhf.se\u00a0 N\u00e4sta aktivitet i MHF S\u00f6dra Halland Vi\u00a0 har nu avslutat \u00e5ret och kan l\u00e4gga 2025 till arkivet med tv\u00e5 bra tillst\u00e4llningar med m\u00e5nga bes\u00f6kare. Se v\u00e5ra rapporter h\u00e4r [&hellip;]<\/p>\n","protected":false},"author":6,"featured_media":0,"parent":6,"menu_order":0,"comment_status":"closed","ping_status":"closed","template":"","meta":{"footnotes":""},"class_list":["post-666","page","type-page","status-publish","hentry"],"acf":[],"_links":{"self":[{"href":"https:\/\/regioner.mhf.se\/vast\/wp-json\/wp\/v2\/pages\/666","targetHints":{"allow":["GET"]}}],"collection":[{"href":"https:\/\/regioner.mhf.se\/vast\/wp-json\/wp\/v2\/pages"}],"about":[{"href":"https:\/\/regioner.mhf.se\/vast\/wp-json\/wp\/v2\/types\/page"}],"author":[{"embeddable":true,"href":"https:\/\/regioner.mhf.se\/vast\/wp-json\/wp\/v2\/users\/6"}],"replies":[{"embeddable":true,"href":"https:\/\/regioner.mhf.se\/vast\/wp-json\/wp\/v2\/comments?post=666"}],"version-history":[{"count":78,"href":"https:\/\/regioner.mhf.se\/vast\/wp-json\/wp\/v2\/pages\/666\/revisions"}],"predecessor-version":[{"id":903,"href":"https:\/\/regioner.mhf.se\/vast\/wp-json\/wp\/v2\/pages\/666\/revisions\/903"}],"up":[{"embeddable":true,"href":"https:\/\/regioner.mhf.se\/vast\/wp-json\/wp\/v2\/pages\/6"}],"wp:attachment":[{"href":"https:\/\/regioner.mhf.se\/vast\/wp-json\/wp\/v2\/media?parent=666"}],"curies":[{"name":"wp","href":"https:\/\/api.w.org\/{rel}","templated":true}]}}