{"id":769,"date":"2024-01-13T22:22:10","date_gmt":"2024-01-13T21:22:10","guid":{"rendered":"https:\/\/regioner.mhf.se\/vast\/?page_id=769"},"modified":"2024-01-13T22:22:10","modified_gmt":"2024-01-13T21:22:10","slug":"mhf-sodra-halland-2023","status":"publish","type":"page","link":"https:\/\/regioner.mhf.se\/vast\/mhf-sodra-halland-2023\/","title":{"rendered":"MHF S\u00f6dra Halland 2023"},"content":{"rendered":"<div>\n<h1>Vad blev gjort av\u00a0 MHF S\u00f6dra Halland under 2023<\/h1>\n<\/div>\n<div>\n<p><strong>Verksamhetsplan 2023<\/strong><\/p>\n<p><em>Delta p\u00e5 Regionens \u00e5rsm\u00f6te Trollh\u00e4ttan den 15 april.<\/em><\/p>\n<p><em>Ta Paus p\u00e5 Susedalens rastplats i juli.<\/em><\/p>\n<p><em>Sj\u00f6nevads marknad i 11-13 augusti.<\/em><\/p>\n<p><em>T\u00e5gdagarna i Landeryd \u00e4r 23-24 september.<\/em><\/p>\n<p>Kristineheds gymnasiet under oktober.<\/p>\n<\/div>\n<div>\n<p><span style=\"font-weight: 400;\">Susedalen 5-6 aug.<\/span><\/p>\n<p><span style=\"font-weight: 400;\">Nu har vi gjort f\u00f6rsta helgen TA PAUS f\u00f6r \u00e5ret. Lars, Lillie.britt, Jonas och J\u00f6rgen tog med uppvaknandet till rastplatsen f\u00f6r en helg. Vi k\u00f6rde b\u00e4gge sidor i vanlig ordning med broschyr och utst\u00e4llning. Det var inte den b\u00e4sta helgen d\u00e5 v\u00e4dret var instabilt i v\u00e5rt omr\u00e5de med Hans p\u00e5 int\u00e5g.<\/span><\/p>\n<\/div>\n<ul>\n<li>\n<p>        <img decoding=\"async\" src=\"\/vast\/wp-content\/uploads\/sites\/7\/2023\/08\/IMG_20230805_105254-scaled.jpg\" alt=\"\"><\/p>\n<\/li>\n<li>\n<p>        <img decoding=\"async\" src=\"\/vast\/wp-content\/uploads\/sites\/7\/2023\/08\/IMG_20230806_110401-scaled.jpg\" alt=\"\"><\/p>\n<\/li>\n<li>\n<p>        <img decoding=\"async\" src=\"\/vast\/wp-content\/uploads\/sites\/7\/2023\/08\/IMG_20230806_121548-scaled.jpg\" alt=\"\"><\/p>\n<\/li>\n<li>\n<p>        <img decoding=\"async\" src=\"\/vast\/wp-content\/uploads\/sites\/7\/2022\/07\/20180721-sh-ta-paus-susedalen-145952-scaled.jpg\" alt=\"\"><\/p>\n<h3>20180721-sh-ta-paus-susedalen-145952<\/h3>\n<\/li>\n<\/ul>\n<div>\n<p><strong>Sj\u00f6nevad Marknad 12-13 aug.<\/strong><\/p>\n<p>Nu laddar vi p\u00e5 med Voltbilen och uppvaknandet med glas\u00f6gonspelet i tv\u00e5 dagar p\u00e5 st\u00f6rsta marknaden i Halland<\/p>\n<\/div>\n<p><img decoding=\"async\" src=\"\/vast\/wp-content\/uploads\/sites\/7\/2023\/09\/IMG_20230812_121807-scaled.jpg\" alt=\"\"><\/p>\n<div>\n<p><strong>Medlems tr\u00e4ff 27 augusti.<br \/><\/strong>Kl. 1400 s\u00e5 anordnas det en medlemstr\u00e4ff i v\u00e5ran f\u00f6reningsstuga i vackra N\u00e4s utanf\u00f6r Hyltebruk.<br \/>Vi kommer att h\u00e5lla lite information om hur framtiden ser ut i MHF i stort och diskutera hur det ska se ut f\u00f6r oss i S\u00f6dra Halland.<br \/>Ps. Vi kommer att grilla lite korv me br\u00f6 ox\u00e5 till v\u00e5ra medlemmar,<\/p>\n<p><a href=\"https:\/\/goo.gl\/maps\/EUGS1AjZmKiQwVHm9\">[Visa mig vart stugan ligger]<\/a><\/p>\n<\/div>\n<div>\n<p><strong>T\u00e5gdagarna 23-24 september.<\/strong><br \/>D\u00e5 var det dags f\u00f6r 2 heldagar i Landeryd, t\u00e5gdagarna 2023.\u00a0<br \/>Vi samlas vid kl 09 p\u00e5 samma plats som f\u00f6rra \u00e5ret(inringat).\u00a0 Lars och Jonas kommer att k\u00f6ra ut utst\u00e4llningsmaterialet\u00a0 men vi beh\u00f6ver ha hj\u00e4lp under b\u00e4gge dagarna.<\/p>\n<p><a href=\"https:\/\/regioner.mhf.se\/vast\/img_20230923_101006\/\" rel=\"attachment wp-att-723\"><img loading=\"lazy\" decoding=\"async\" src=\"https:\/\/regioner.mhf.se\/vast\/wp-content\/uploads\/sites\/7\/2023\/10\/IMG_20230923_101006-1024x461.jpg\" alt=\"\" width=\"1024\" height=\"461\" class=\"alignnone wp-image-732 size-large\" srcset=\"https:\/\/regioner.mhf.se\/vast\/wp-content\/uploads\/sites\/7\/2023\/10\/IMG_20230923_101006-1024x461.jpg 1024w, https:\/\/regioner.mhf.se\/vast\/wp-content\/uploads\/sites\/7\/2023\/10\/IMG_20230923_101006-300x135.jpg 300w, https:\/\/regioner.mhf.se\/vast\/wp-content\/uploads\/sites\/7\/2023\/10\/IMG_20230923_101006-768x346.jpg 768w, https:\/\/regioner.mhf.se\/vast\/wp-content\/uploads\/sites\/7\/2023\/10\/IMG_20230923_101006-1536x692.jpg 1536w, https:\/\/regioner.mhf.se\/vast\/wp-content\/uploads\/sites\/7\/2023\/10\/IMG_20230923_101006-2048x922.jpg 2048w\" sizes=\"auto, (max-width: 1024px) 100vw, 1024px\" \/><\/a><\/p>\n<\/div>\n<div>\n<p><span>7 oktober\u00a0<br \/><\/span>Kristineheds gymnasiet Halmstad.<br \/><span>Vi kommer att som f\u00f6rra \u00e5ret st\u00e5 med Voltbilen och spetsa med promilleglas\u00f6gonen.<\/span><\/p>\n<p><a href=\"https:\/\/regioner.mhf.se\/vast\/sista-saab-snurren\/\" rel=\"attachment wp-att-733\"><img loading=\"lazy\" decoding=\"async\" src=\"https:\/\/regioner.mhf.se\/vast\/wp-content\/uploads\/sites\/7\/2023\/10\/sista-SAAB-snurren-1024x535.jpg\" alt=\"\" width=\"1024\" height=\"535\" class=\"alignnone wp-image-733 size-large\" srcset=\"https:\/\/regioner.mhf.se\/vast\/wp-content\/uploads\/sites\/7\/2023\/10\/sista-SAAB-snurren-1024x535.jpg 1024w, https:\/\/regioner.mhf.se\/vast\/wp-content\/uploads\/sites\/7\/2023\/10\/sista-SAAB-snurren-300x157.jpg 300w, https:\/\/regioner.mhf.se\/vast\/wp-content\/uploads\/sites\/7\/2023\/10\/sista-SAAB-snurren-768x402.jpg 768w, https:\/\/regioner.mhf.se\/vast\/wp-content\/uploads\/sites\/7\/2023\/10\/sista-SAAB-snurren.jpg 1440w\" sizes=\"auto, (max-width: 1024px) 100vw, 1024px\" \/><\/a><\/p>\n<p>Bild fr\u00e5n f\u00f6rra \u00e5ret , sista g\u00e5ngen SAAB:en var i tj\u00e4nst.<\/p>\n<\/div>\n<div>\n<h2><span style=\"font-weight: 400;\">MHF S\u00f6dra Halland<br \/><\/span><span style=\"font-weight: 400;\">Vi \u00e4r en Avdelning som best\u00e5r av kommunerna Laholm, Halmstad, Falkenberg samt Hyltebruk.<\/span><\/h2>\n<\/div>\n<p><!--more--><br \/>\n<!-- {\"type\":\"layout\",\"children\":[{\"type\":\"section\",\"props\":{\"image_position\":\"center-center\",\"style\":\"default\",\"title_breakpoint\":\"xl\",\"title_position\":\"top-left\",\"title_rotation\":\"left\",\"vertical_align\":\"middle\",\"width\":\"default\"},\"children\":[{\"type\":\"row\",\"children\":[{\"type\":\"column\",\"props\":{\"image_position\":\"center-center\",\"media_overlay_gradient\":\"\",\"position_sticky_breakpoint\":\"m\"},\"children\":[{\"type\":\"text\",\"props\":{\"column_breakpoint\":\"m\",\"content\":\"\n\n<h1>Vad blev gjort av\\u00a0 MHF S\\u00f6dra Halland under 2023<\\\/h1>\",\"margin\":\"default\"}},{\"type\":\"text\",\"props\":{\"column_breakpoint\":\"m\",\"content\":\"\n\n<p><strong>Verksamhetsplan 2023<\\\/strong><\\\/p>\\n\n\n<p><em>Delta p\\u00e5 Regionens \\u00e5rsm\\u00f6te Trollh\\u00e4ttan den 15 april.<\\\/em><\\\/p>\\n\n\n<p><em>Ta Paus p\\u00e5 Susedalens rastplats i juli.<\\\/em><\\\/p>\\n\n\n<p><em>Sj\\u00f6nevads marknad i 11-13 augusti.<\\\/em><\\\/p>\\n\n\n<p><em>T\\u00e5gdagarna i Landeryd \\u00e4r 23-24 september.<\\\/em><\\\/p>\\n\n\n<p>Kristineheds gymnasiet under oktober.<\\\/p>\",\"margin\":\"default\"}},{\"type\":\"text\",\"props\":{\"column_breakpoint\":\"m\",\"content\":\"\n\n<p><span style=\\\"font-weight: 400;\\\">Susedalen 5-6 aug.<\\\/span><\\\/p>\\n\n\n<p><span style=\\\"font-weight: 400;\\\">Nu har vi gjort f\\u00f6rsta helgen TA PAUS f\\u00f6r \\u00e5ret. Lars, Lillie.britt, Jonas och J\\u00f6rgen tog med uppvaknandet till rastplatsen f\\u00f6r en helg. Vi k\\u00f6rde b\\u00e4gge sidor i vanlig ordning med broschyr och utst\\u00e4llning. Det var inte den b\\u00e4sta helgen d\\u00e5 v\\u00e4dret var instabilt i v\\u00e5rt omr\\u00e5de med Hans p\\u00e5 int\\u00e5g.<\\\/span><\\\/p>\",\"margin\":\"default\"}},{\"type\":\"slideshow\",\"props\":{\"link_style\":\"default\",\"link_text\":\"Read more\",\"margin\":\"default\",\"meta_align\":\"below-title\",\"meta_element\":\"div\",\"meta_style\":\"text-meta\",\"nav\":\"dotnav\",\"nav_align\":\"center\",\"nav_breakpoint\":\"s\",\"nav_position\":\"bottom-center\",\"nav_position_margin\":\"medium\",\"overlay_animation\":\"parallax\",\"overlay_position\":\"center-left\",\"show_content\":true,\"show_link\":true,\"show_meta\":true,\"show_thumbnail\":true,\"show_title\":true,\"slidenav\":\"default\",\"slidenav_breakpoint\":\"s\",\"slidenav_margin\":\"medium\",\"slidenav_outside_breakpoint\":\"xl\",\"slideshow_autoplay_pause\":true,\"slideshow_min_height\":300,\"thumbnav_height\":\"75\",\"thumbnav_svg_color\":\"emphasis\",\"thumbnav_width\":\"100\",\"title_element\":\"h3\"},\"children\":[{\"type\":\"slideshow_item\",\"props\":{\"image\":\"wp-content\\\/uploads\\\/sites\\\/7\\\/2023\\\/08\\\/IMG_20230805_105254-scaled.jpg\",\"title\":\"\"}},{\"type\":\"slideshow_item\",\"props\":{\"image\":\"wp-content\\\/uploads\\\/sites\\\/7\\\/2023\\\/08\\\/IMG_20230806_110401-scaled.jpg\",\"title\":\"\"}},{\"type\":\"slideshow_item\",\"props\":{\"image\":\"wp-content\\\/uploads\\\/sites\\\/7\\\/2023\\\/08\\\/IMG_20230806_121548-scaled.jpg\",\"title\":\"\"}},{\"type\":\"slideshow_item\",\"props\":{\"image\":\"wp-content\\\/uploads\\\/sites\\\/7\\\/2022\\\/07\\\/20180721-sh-ta-paus-susedalen-145952-scaled.jpg\",\"title\":\"20180721-sh-ta-paus-susedalen-145952\"}}]},{\"type\":\"text\",\"props\":{\"column_breakpoint\":\"m\",\"content\":\"\n\n<p><strong>Sj\\u00f6nevad Marknad 12-13 aug.<\\\/strong><\\\/p>\\n\n\n<p>Nu laddar vi p\\u00e5 med Voltbilen och uppvaknandet med glas\\u00f6gonspelet i tv\\u00e5 dagar p\\u00e5 st\\u00f6rsta marknaden i Halland<\\\/p>\",\"margin\":\"default\"}},{\"type\":\"image\",\"props\":{\"image\":\"wp-content\\\/uploads\\\/sites\\\/7\\\/2023\\\/09\\\/IMG_20230812_121807-scaled.jpg\",\"image_svg_color\":\"emphasis\",\"margin\":\"default\"}},{\"type\":\"text\",\"props\":{\"column_breakpoint\":\"m\",\"content\":\"\n\n<p><strong>Medlems tr\\u00e4ff 27 augusti.<br \\\/><\\\/strong>Kl. 1400 s\\u00e5 anordnas det en medlemstr\\u00e4ff i v\\u00e5ran f\\u00f6reningsstuga i vackra N\\u00e4s utanf\\u00f6r Hyltebruk.<br \\\/>Vi kommer att h\\u00e5lla lite information om hur framtiden ser ut i MHF i stort och diskutera hur det ska se ut f\\u00f6r oss i S\\u00f6dra Halland.<br \\\/>Ps. Vi kommer att grilla lite korv me br\\u00f6 ox\\u00e5 till v\\u00e5ra medlemmar,<\\\/p>\\n\n\n<p><a href=\\\"https:\\\/\\\/goo.gl\\\/maps\\\/EUGS1AjZmKiQwVHm9\\\">[Visa mig vart stugan ligger]<\\\/a><\\\/p>\",\"margin\":\"default\"}},{\"type\":\"text\",\"props\":{\"column_breakpoint\":\"m\",\"content\":\"\n\n<p><strong>T\\u00e5gdagarna 23-24 september.<\\\/strong><br \\\/>D\\u00e5 var det dags f\\u00f6r 2 heldagar i Landeryd, t\\u00e5gdagarna 2023.\\u00a0<br \\\/>Vi samlas vid kl 09 p\\u00e5 samma plats som f\\u00f6rra \\u00e5ret(inringat).\\u00a0 Lars och Jonas kommer att k\\u00f6ra ut utst\\u00e4llningsmaterialet\\u00a0 men vi beh\\u00f6ver ha hj\\u00e4lp under b\\u00e4gge dagarna.<\\\/p>\\n\n\n<p><a href=\\\"https:\\\/\\\/regioner.mhf.se\\\/vast\\\/img_20230923_101006\\\/\\\" rel=\\\"attachment wp-att-723\\\"><img src=\\\"https:\\\/\\\/regioner.mhf.se\\\/vast\\\/wp-content\\\/uploads\\\/sites\\\/7\\\/2023\\\/10\\\/IMG_20230923_101006-1024x461.jpg\\\" alt=\\\"\\\" width=\\\"1024\\\" height=\\\"461\\\" class=\\\"alignnone wp-image-732 size-large\\\" \\\/><\\\/a><\\\/p>\",\"margin\":\"default\"}},{\"type\":\"text\",\"props\":{\"column_breakpoint\":\"m\",\"content\":\"\n\n<p><span>7 oktober\\u00a0<br \\\/><\\\/span>Kristineheds gymnasiet Halmstad.<br \\\/><span>Vi kommer att som f\\u00f6rra \\u00e5ret st\\u00e5 med Voltbilen och spetsa med promilleglas\\u00f6gonen.<\\\/span><\\\/p>\\n\n\n<p><a href=\\\"https:\\\/\\\/regioner.mhf.se\\\/vast\\\/sista-saab-snurren\\\/\\\" rel=\\\"attachment wp-att-733\\\"><img src=\\\"https:\\\/\\\/regioner.mhf.se\\\/vast\\\/wp-content\\\/uploads\\\/sites\\\/7\\\/2023\\\/10\\\/sista-SAAB-snurren-1024x535.jpg\\\" alt=\\\"\\\" width=\\\"1024\\\" height=\\\"535\\\" class=\\\"alignnone wp-image-733 size-large\\\" \\\/><\\\/a><\\\/p>\\n\n\n<p>Bild fr\\u00e5n f\\u00f6rra \\u00e5ret , sista g\\u00e5ngen SAAB:en var i tj\\u00e4nst.<\\\/p>\",\"margin\":\"default\"}},{\"type\":\"text\",\"props\":{\"column_breakpoint\":\"m\",\"content\":\"\n\n<h2><span style=\\\"font-weight: 400;\\\">MHF S\\u00f6dra Halland<br \\\/><\\\/span><span style=\\\"font-weight: 400;\\\">Vi \\u00e4r en Avdelning som best\\u00e5r av kommunerna Laholm, Halmstad, Falkenberg samt Hyltebruk.<\\\/span><\\\/h2>\",\"margin\":\"default\"}}]}]}]}],\"version\":\"3.0.14\"} --><\/p>\n","protected":false},"excerpt":{"rendered":"<p>Vad blev gjort av\u00a0 MHF S\u00f6dra Halland under 2023 Verksamhetsplan 2023 Delta p\u00e5 Regionens \u00e5rsm\u00f6te Trollh\u00e4ttan den 15 april. Ta Paus p\u00e5 Susedalens rastplats i juli. Sj\u00f6nevads marknad i 11-13 augusti. T\u00e5gdagarna i Landeryd \u00e4r 23-24 september. Kristineheds gymnasiet under oktober. Susedalen 5-6 aug. Nu har vi gjort f\u00f6rsta helgen TA PAUS f\u00f6r \u00e5ret. Lars, [&hellip;]<\/p>\n","protected":false},"author":6,"featured_media":0,"parent":0,"menu_order":0,"comment_status":"closed","ping_status":"closed","template":"","meta":{"footnotes":""},"class_list":["post-769","page","type-page","status-publish","hentry"],"acf":[],"_links":{"self":[{"href":"https:\/\/regioner.mhf.se\/vast\/wp-json\/wp\/v2\/pages\/769","targetHints":{"allow":["GET"]}}],"collection":[{"href":"https:\/\/regioner.mhf.se\/vast\/wp-json\/wp\/v2\/pages"}],"about":[{"href":"https:\/\/regioner.mhf.se\/vast\/wp-json\/wp\/v2\/types\/page"}],"author":[{"embeddable":true,"href":"https:\/\/regioner.mhf.se\/vast\/wp-json\/wp\/v2\/users\/6"}],"replies":[{"embeddable":true,"href":"https:\/\/regioner.mhf.se\/vast\/wp-json\/wp\/v2\/comments?post=769"}],"version-history":[{"count":5,"href":"https:\/\/regioner.mhf.se\/vast\/wp-json\/wp\/v2\/pages\/769\/revisions"}],"predecessor-version":[{"id":774,"href":"https:\/\/regioner.mhf.se\/vast\/wp-json\/wp\/v2\/pages\/769\/revisions\/774"}],"wp:attachment":[{"href":"https:\/\/regioner.mhf.se\/vast\/wp-json\/wp\/v2\/media?parent=769"}],"curies":[{"name":"wp","href":"https:\/\/api.w.org\/{rel}","templated":true}]}}