{"id":826,"date":"2025-01-30T21:16:37","date_gmt":"2025-01-30T20:16:37","guid":{"rendered":"https:\/\/regioner.mhf.se\/vast\/?page_id=826"},"modified":"2025-01-30T21:16:37","modified_gmt":"2025-01-30T20:16:37","slug":"mhf-sodra-halland-2024","status":"publish","type":"page","link":"https:\/\/regioner.mhf.se\/vast\/mhf-sodra-halland-2024\/","title":{"rendered":"MHF s\u00f6dra Halland 2024"},"content":{"rendered":"<h1>\n<h1>Detta \u00e4r vad MHF s\u00f6dra Halland gjorde under \u00e5ret 2024 .<\/h1>\n<\/h1>\n<p><img decoding=\"async\" src=\"\/vast\/wp-content\/uploads\/sites\/7\/2023\/10\/IMG_20230923_101006-scaled.jpg\" alt=\"\"><\/p>\n<div>\n<h1><\/h1>\n<\/p>\n<p><span style=\"font-weight: 500;\">Kristineheds gymnasium den 12 oktober. <a href=\"https:\/\/regioner.mhf.se\/vast\/wp-content\/uploads\/sites\/7\/2024\/10\/2024-10-12-SH-Kristineheds-gym-rapport.pdf\">[l\u00e4s rapporten h\u00e4r]<\/a><\/span><\/p>\n<p><span style=\"font-weight: 500;\">T\u00e5gdagarna i Landeryd den 7-8 september. <a href=\"https:\/\/regioner.mhf.se\/vast\/wp-content\/uploads\/sites\/7\/2024\/10\/2024-09-08-Tagdagarna-rapport.pdf\">[l\u00e4s<\/a><\/span><span style=\"font-weight: 500;\"><a href=\"https:\/\/regioner.mhf.se\/vast\/wp-content\/uploads\/sites\/7\/2024\/10\/2024-09-08-Tagdagarna-rapport.pdf\"> rapporten h\u00e4r]<\/a><\/span><\/p>\n<p>Getinge safety dag 14 september <em><a href=\"https:\/\/regioner.mhf.se\/vast\/wp-content\/uploads\/sites\/7\/2024\/10\/2024-09-14-SH-Getinge-SD-rapport.pdf\">[l\u00e4s rapporten h\u00e4r]<\/a><\/em><\/p>\n<p>Medlemsm\u00f6te i N\u00e4s. <a href=\"https:\/\/regioner.mhf.se\/vast\/wp-content\/uploads\/sites\/7\/2024\/10\/2024-08-31-MHF-SH-MM-rapport.pdf\">[ l\u00e4s rapporten h\u00e4r]<\/a><\/p>\n<p><em><span style=\"font-weight: 500;\">Ta Paus p\u00e5 Susedalens rastplats i 28 juli. <a href=\"https:\/\/regioner.mhf.se\/vast\/wp-content\/uploads\/sites\/7\/2024\/09\/2024-07-2128-SH-Susedalen-Ta-paus-rapport.pdf\">[l\u00e4s rapport h\u00e4r ]<\/a><\/span><\/em><\/p>\n<p><em><span style=\"font-weight: 500;\">Sj\u00f6nevads marknad den 9-11 augusti.<a href=\"https:\/\/regioner.mhf.se\/vast\/wp-content\/uploads\/sites\/7\/2024\/09\/2024-08-10-SH-Sjonevad-Ta-Paus-rapport.pdf\"> [l\u00e4s rapport h\u00e4r ]<\/a><\/span><\/em><\/p>\n<p><em><span style=\"font-weight: 500;\">Ta Paus p\u00e5 Susedalens rastplats i 21 juli. <a href=\"https:\/\/regioner.mhf.se\/vast\/wp-content\/uploads\/sites\/7\/2024\/09\/2024-07-2128-SH-Susedalen-Ta-paus-rapport.pdf\">[l\u00e4s rapport h\u00e4r ]<\/a><\/span><\/em><\/p>\n<p>Wheels and Wings 2024. <a href=\"https:\/\/regioner.mhf.se\/vast\/wp-content\/uploads\/sites\/7\/2024\/10\/2024-07-19-SH-WW-Ta-paus-Rapport.pdf\">[ l\u00e4s rapporten h\u00e4r]<\/a><\/p>\n<p><em>\u00c5rsm\u00f6tet den\u00a0 24 februari i S\u00f6ndrums folkets hus. [ rapport har en blivit avsliten ,ny sladd p\u00e5 v\u00e4g]<\/em><\/p>\n<\/p>\n<\/div>\n<p><!--more--><br \/>\n<!-- {\"type\":\"layout\",\"children\":[{\"type\":\"section\",\"props\":{\"image_position\":\"center-center\",\"style\":\"default\",\"title_breakpoint\":\"xl\",\"title_position\":\"top-left\",\"title_rotation\":\"left\",\"vertical_align\":\"middle\",\"width\":\"default\"},\"children\":[{\"type\":\"row\",\"children\":[{\"type\":\"column\",\"props\":{\"image_position\":\"center-center\",\"media_overlay_gradient\":\"\",\"position_sticky_breakpoint\":\"m\"},\"children\":[{\"type\":\"headline\",\"props\":{\"content\":\"\n\n<h1>Detta \\u00e4r vad MHF s\\u00f6dra Halland gjorde under \\u00e5ret 2024 .<\\\/h1>\",\"title_element\":\"h1\"}},{\"type\":\"image\",\"props\":{\"image\":\"wp-content\\\/uploads\\\/sites\\\/7\\\/2023\\\/10\\\/IMG_20230923_101006-scaled.jpg\",\"image_svg_color\":\"emphasis\",\"margin\":\"default\"}},{\"type\":\"text\",\"props\":{\"column_breakpoint\":\"m\",\"content\":\"\n\n<h1><\\\/h1>\\n\n\n<p><\\\/p>\\n\n\n<p><span style=\\\"font-weight: 500;\\\">Kristineheds gymnasium den 12 oktober. <a href=\\\"https:\\\/\\\/regioner.mhf.se\\\/vast\\\/wp-content\\\/uploads\\\/sites\\\/7\\\/2024\\\/10\\\/2024-10-12-SH-Kristineheds-gym-rapport.pdf\\\">[l\\u00e4s rapporten h\\u00e4r]<\\\/a><\\\/span><\\\/p>\\n\n\n<p><span style=\\\"font-weight: 500;\\\">T\\u00e5gdagarna i Landeryd den 7-8 september. <a href=\\\"https:\\\/\\\/regioner.mhf.se\\\/vast\\\/wp-content\\\/uploads\\\/sites\\\/7\\\/2024\\\/10\\\/2024-09-08-Tagdagarna-rapport.pdf\\\">[l\\u00e4s<\\\/a><\\\/span><span style=\\\"font-weight: 500;\\\"><a href=\\\"https:\\\/\\\/regioner.mhf.se\\\/vast\\\/wp-content\\\/uploads\\\/sites\\\/7\\\/2024\\\/10\\\/2024-09-08-Tagdagarna-rapport.pdf\\\"> rapporten h\\u00e4r]<\\\/a><\\\/span><\\\/p>\\n\n\n<p>Getinge safety dag 14 september <em><a href=\\\"https:\\\/\\\/regioner.mhf.se\\\/vast\\\/wp-content\\\/uploads\\\/sites\\\/7\\\/2024\\\/10\\\/2024-09-14-SH-Getinge-SD-rapport.pdf\\\">[l\\u00e4s rapporten h\\u00e4r]<\\\/a><\\\/em><\\\/p>\\n\n\n<p>Medlemsm\\u00f6te i N\\u00e4s. <a href=\\\"https:\\\/\\\/regioner.mhf.se\\\/vast\\\/wp-content\\\/uploads\\\/sites\\\/7\\\/2024\\\/10\\\/2024-08-31-MHF-SH-MM-rapport.pdf\\\">[ l\\u00e4s rapporten h\\u00e4r]<\\\/a><\\\/p>\\n\n\n<p><em><span style=\\\"font-weight: 500;\\\">Ta Paus p\\u00e5 Susedalens rastplats i 28 juli. <a href=\\\"https:\\\/\\\/regioner.mhf.se\\\/vast\\\/wp-content\\\/uploads\\\/sites\\\/7\\\/2024\\\/09\\\/2024-07-2128-SH-Susedalen-Ta-paus-rapport.pdf\\\">[l\\u00e4s rapport h\\u00e4r ]<\\\/a><\\\/span><\\\/em><\\\/p>\\n\n\n<p><em><span style=\\\"font-weight: 500;\\\">Sj\\u00f6nevads marknad den 9-11 augusti.<a href=\\\"https:\\\/\\\/regioner.mhf.se\\\/vast\\\/wp-content\\\/uploads\\\/sites\\\/7\\\/2024\\\/09\\\/2024-08-10-SH-Sjonevad-Ta-Paus-rapport.pdf\\\"> [l\\u00e4s rapport h\\u00e4r ]<\\\/a><\\\/span><\\\/em><\\\/p>\\n\n\n<p><em><span style=\\\"font-weight: 500;\\\">Ta Paus p\\u00e5 Susedalens rastplats i 21 juli. <a href=\\\"https:\\\/\\\/regioner.mhf.se\\\/vast\\\/wp-content\\\/uploads\\\/sites\\\/7\\\/2024\\\/09\\\/2024-07-2128-SH-Susedalen-Ta-paus-rapport.pdf\\\">[l\\u00e4s rapport h\\u00e4r ]<\\\/a><\\\/span><\\\/em><\\\/p>\\n\n\n<p>Wheels and Wings 2024. <a href=\\\"https:\\\/\\\/regioner.mhf.se\\\/vast\\\/wp-content\\\/uploads\\\/sites\\\/7\\\/2024\\\/10\\\/2024-07-19-SH-WW-Ta-paus-Rapport.pdf\\\">[ l\\u00e4s rapporten h\\u00e4r]<\\\/a><\\\/p>\\n\n\n<p><em>\\u00c5rsm\\u00f6tet den\\u00a0 24 februari i S\\u00f6ndrums folkets hus. [ rapport har en blivit avsliten ,ny sladd p\\u00e5 v\\u00e4g]<\\\/em><\\\/p>\\n\n\n<p><\\\/p>\",\"margin\":\"default\"}}]}]}]}],\"version\":\"3.0.14\"} --><\/p>\n","protected":false},"excerpt":{"rendered":"<p>Detta \u00e4r vad MHF s\u00f6dra Halland gjorde under \u00e5ret 2024 . Kristineheds gymnasium den 12 oktober. [l\u00e4s rapporten h\u00e4r] T\u00e5gdagarna i Landeryd den 7-8 september. [l\u00e4s rapporten h\u00e4r] Getinge safety dag 14 september [l\u00e4s rapporten h\u00e4r] Medlemsm\u00f6te i N\u00e4s. [ l\u00e4s rapporten h\u00e4r] Ta Paus p\u00e5 Susedalens rastplats i 28 juli. [l\u00e4s rapport h\u00e4r ] [&hellip;]<\/p>\n","protected":false},"author":6,"featured_media":0,"parent":0,"menu_order":0,"comment_status":"closed","ping_status":"closed","template":"","meta":{"footnotes":""},"class_list":["post-826","page","type-page","status-publish","hentry"],"acf":[],"_links":{"self":[{"href":"https:\/\/regioner.mhf.se\/vast\/wp-json\/wp\/v2\/pages\/826","targetHints":{"allow":["GET"]}}],"collection":[{"href":"https:\/\/regioner.mhf.se\/vast\/wp-json\/wp\/v2\/pages"}],"about":[{"href":"https:\/\/regioner.mhf.se\/vast\/wp-json\/wp\/v2\/types\/page"}],"author":[{"embeddable":true,"href":"https:\/\/regioner.mhf.se\/vast\/wp-json\/wp\/v2\/users\/6"}],"replies":[{"embeddable":true,"href":"https:\/\/regioner.mhf.se\/vast\/wp-json\/wp\/v2\/comments?post=826"}],"version-history":[{"count":6,"href":"https:\/\/regioner.mhf.se\/vast\/wp-json\/wp\/v2\/pages\/826\/revisions"}],"predecessor-version":[{"id":832,"href":"https:\/\/regioner.mhf.se\/vast\/wp-json\/wp\/v2\/pages\/826\/revisions\/832"}],"wp:attachment":[{"href":"https:\/\/regioner.mhf.se\/vast\/wp-json\/wp\/v2\/media?parent=826"}],"curies":[{"name":"wp","href":"https:\/\/api.w.org\/{rel}","templated":true}]}}